{"id":6874,"date":"2022-03-11T19:22:28","date_gmt":"2022-03-11T18:22:28","guid":{"rendered":"https:\/\/www.sigre.es\/boletin\/?page_id=6874"},"modified":"2022-03-29T12:53:51","modified_gmt":"2022-03-29T11:53:51","slug":"renovacion-web-79","status":"publish","type":"page","link":"https:\/\/www.sigre.es\/boletin\/sigre-informa-79\/renovacion-web-79\/","title":{"rendered":"ECODISE\u00d1O"},"content":{"rendered":"<div id=\"fb-root\"><\/div>\n<p>SIGRE ha actualizado los contenidos de su <a href=\"http:\/\/www.sigre-ecodiseno.es\/\" target=\"_blank\" rel=\"noopener\">web de ecodise\u00f1o<\/a>, una herramienta que pretende explicar a la sociedad, de una manera sencilla y visual, el concepto de ecodise\u00f1o y las medidas de mejora ambiental que la industria farmac\u00e9utica ha aplicado en sus envases a lo largo de los \u00faltimos 20 a\u00f1os.<\/p>\n<p>A trav\u00e9s de infograf\u00edas, v\u00eddeos e im\u00e1genes interactivas, esta web recoge algunas de las iniciativas de ecodise\u00f1o relacionadas con la reducci\u00f3n de peso del envase, minimizaci\u00f3n de su impacto ambiental o mejoras en \u00a0la reutilizaci\u00f3n y reciclaje, adoptadas en las distintas etapas del ciclo de vida del envase farmac\u00e9utico desde la elecci\u00f3n de materiales, pasando por el dise\u00f1o, envasado, transporte y uso hasta su reciclado al fin de su vida.<\/p>\n<p>Asimismo, se muestran los resultados alcanzados en los 7 Planes Empresariales de Prevenci\u00f3n (PEP) que se han desarrollado hasta la fecha, gracias a los cuales se han aplicado m\u00e1s de 3.000 medidas de ecodise\u00f1o y se ha conseguido reducir un 25% el peso de los envases de medicamentos.<\/p>\n<p>&nbsp;<\/p>\n<p><iframe loading=\"lazy\" class=\"aligncenter\" src=\"\/\/www.youtube.com\/embed\/IznWBCeJR9s\" width=\"560\" height=\"314\" allowfullscreen=\"allowfullscreen\"><\/iframe><\/p>\n","protected":false},"excerpt":{"rendered":"<p>SIGRE ha actualizado los contenidos de su web de ecodise\u00f1o, una herramienta que pretende explicar a la sociedad, de una manera sencilla y visual, el concepto de ecodise\u00f1o y las medidas de mejora ambiental que la industria farmac\u00e9utica ha aplicado en sus envases a lo largo de los \u00faltimos 20 a\u00f1os. A trav\u00e9s de infograf\u00edas, [&hellip;]<\/p>\n","protected":false},"author":10,"featured_media":0,"parent":6802,"menu_order":211,"comment_status":"closed","ping_status":"closed","template":"sigre-entrevista.php","meta":{"footnotes":""},"class_list":["post-6874","page","type-page","status-publish","hentry"],"_links":{"self":[{"href":"https:\/\/www.sigre.es\/boletin\/wp-json\/wp\/v2\/pages\/6874","targetHints":{"allow":["GET"]}}],"collection":[{"href":"https:\/\/www.sigre.es\/boletin\/wp-json\/wp\/v2\/pages"}],"about":[{"href":"https:\/\/www.sigre.es\/boletin\/wp-json\/wp\/v2\/types\/page"}],"author":[{"embeddable":true,"href":"https:\/\/www.sigre.es\/boletin\/wp-json\/wp\/v2\/users\/10"}],"replies":[{"embeddable":true,"href":"https:\/\/www.sigre.es\/boletin\/wp-json\/wp\/v2\/comments?post=6874"}],"version-history":[{"count":0,"href":"https:\/\/www.sigre.es\/boletin\/wp-json\/wp\/v2\/pages\/6874\/revisions"}],"up":[{"embeddable":true,"href":"https:\/\/www.sigre.es\/boletin\/wp-json\/wp\/v2\/pages\/6802"}],"wp:attachment":[{"href":"https:\/\/www.sigre.es\/boletin\/wp-json\/wp\/v2\/media?parent=6874"}],"curies":[{"name":"wp","href":"https:\/\/api.w.org\/{rel}","templated":true}]}}