{"id":6851,"date":"2022-03-11T19:03:29","date_gmt":"2022-03-11T18:03:29","guid":{"rendered":"https:\/\/www.sigre.es\/boletin\/?page_id=6851"},"modified":"2022-03-29T15:34:41","modified_gmt":"2022-03-29T14:34:41","slug":"sigre-responde-79","status":"publish","type":"page","link":"https:\/\/www.sigre.es\/boletin\/sigre-informa-79\/sigre-responde-79\/","title":{"rendered":"SIGRE RESPONDE"},"content":{"rendered":"<div id=\"fb-root\"><\/div>\n<p>La pandemia de la COVID-19 ha alterado gran parte de nuestros h\u00e1bitos cotidianos y ha tenido un fuerte impacto en la recogida selectiva de los residuos que generamos en nuestros hogares. Sin embargo, los resultados de 2021 reflejan una vuelta a las rutinas prepandemia que, en el caso de los residuos de medicamentos, nos acerca cada vez m\u00e1s a la ansiada \u201cnormalidad\u201d.<\/p>\n<p>Este mes de marzo SIGRE ha presentado a las autoridades medioambientales la Declaraci\u00f3n Anual de Envases 2021, un informe en el que se constata que la recogida de los residuos de medicamentos y sus envases est\u00e1 muy pr\u00f3xima a los niveles previos a la pandemia, alcanzando <strong>una media anual de casi 100 gramos por habitante<\/strong>. Una tendencia que, adem\u00e1s, se mantiene \u00a0en estos primeros meses de 2022 y demuestra la consolidaci\u00f3n del uso del Punto SIGRE por parte de los ciudadanos.<\/p>\n<p>Asimismo, como entidad encargada de impulsar y coordinar las medidas de ecodise\u00f1o que la industria farmac\u00e9utica aplica en sus envases, hemos presentado el primer informe de seguimiento del 8\u00ba Plan Empresarial de Prevenci\u00f3n (PEP) de envases del sector farmac\u00e9utico 2021-2023. Seg\u00fan se recoge en este informe, durante el a\u00f1o pasado se produjo un aumento en el n\u00famero de compa\u00f1\u00edas farmac\u00e9uticas que incorporaron iniciativas de mejora medioambiental en sus envases, demostrando una vez m\u00e1s el compromiso de este sector con el cuidado del medio ambiente. Gracias a su trabajo, m\u00e1s de 117 millones de envases se vieron afectados por alguna de las <strong>421 medidas de prevenci\u00f3n aplicadas<\/strong>, m\u00e1s del doble que en el ejercicio anterior.<\/p>\n<p>Todav\u00eda queda mucho camino por recorrer, pero el compromiso mostrado durante estos a\u00f1os por los ciudadanos y por los agentes del sector farmac\u00e9utico nos permiten ser optimistas y confiar en que, a pesar de las dificultades econ\u00f3micas y sociales que a buen seguro tendremos que afrontar en el futuro, entre todos seguiremos avanzando hacia una econom\u00eda circular y un planeta sostenible.<\/p>\n<p>&nbsp;<\/p>\n","protected":false},"excerpt":{"rendered":"<p>La pandemia de la COVID-19 ha alterado gran parte de nuestros h\u00e1bitos cotidianos y ha tenido un fuerte impacto en la recogida selectiva de los residuos que generamos en nuestros hogares. Sin embargo, los resultados de 2021 reflejan una vuelta a las rutinas prepandemia que, en el caso de los residuos de medicamentos, nos acerca [&hellip;]<\/p>\n","protected":false},"author":10,"featured_media":0,"parent":6802,"menu_order":204,"comment_status":"closed","ping_status":"closed","template":"sigre-responde.php","meta":{"footnotes":""},"class_list":["post-6851","page","type-page","status-publish","hentry"],"_links":{"self":[{"href":"https:\/\/www.sigre.es\/boletin\/wp-json\/wp\/v2\/pages\/6851","targetHints":{"allow":["GET"]}}],"collection":[{"href":"https:\/\/www.sigre.es\/boletin\/wp-json\/wp\/v2\/pages"}],"about":[{"href":"https:\/\/www.sigre.es\/boletin\/wp-json\/wp\/v2\/types\/page"}],"author":[{"embeddable":true,"href":"https:\/\/www.sigre.es\/boletin\/wp-json\/wp\/v2\/users\/10"}],"replies":[{"embeddable":true,"href":"https:\/\/www.sigre.es\/boletin\/wp-json\/wp\/v2\/comments?post=6851"}],"version-history":[{"count":0,"href":"https:\/\/www.sigre.es\/boletin\/wp-json\/wp\/v2\/pages\/6851\/revisions"}],"up":[{"embeddable":true,"href":"https:\/\/www.sigre.es\/boletin\/wp-json\/wp\/v2\/pages\/6802"}],"wp:attachment":[{"href":"https:\/\/www.sigre.es\/boletin\/wp-json\/wp\/v2\/media?parent=6851"}],"curies":[{"name":"wp","href":"https:\/\/api.w.org\/{rel}","templated":true}]}}