{"id":6847,"date":"2022-03-11T19:02:15","date_gmt":"2022-03-11T18:02:15","guid":{"rendered":"https:\/\/www.sigre.es\/boletin\/?page_id=6847"},"modified":"2022-03-29T15:35:31","modified_gmt":"2022-03-29T14:35:31","slug":"beca-sigre-79","status":"publish","type":"page","link":"https:\/\/www.sigre.es\/boletin\/sigre-informa-79\/beca-sigre-79\/","title":{"rendered":"FORMACI\u00d3N"},"content":{"rendered":"<div id=\"fb-root\"><\/div>\n<p>SIGRE y la Agencia EFE han renovado su acuerdo de colaboraci\u00f3n para el desarrollo de un Programa de Formaci\u00f3n Pr\u00e1ctica, dirigido a complementar la formaci\u00f3n te\u00f3rica que reciben los estudiantes universitarios.<\/p>\n<p>De esta forma, el convenio ha incluido la organizaci\u00f3n de la IX Edici\u00f3n de la Beca Efeverde de Periodismo Ambiental, gracias a la cual el estudiante Antonio L\u00f3pez, de la URJC, adquirir\u00e1 una formaci\u00f3n pr\u00e1ctica durante nueve meses, aprendiendo todas las t\u00e9cnicas de redacci\u00f3n de noticias, relaci\u00f3n con las fuentes de informaci\u00f3n y an\u00e1lisis de contenidos.<\/p>\n<p>Con esta colaboraci\u00f3n, SIGRE consolida su apuesta por un periodismo ambiental riguroso, a trav\u00e9s de la formaci\u00f3n de j\u00f3venes profesionales en este campo informativo que cada vez tiene m\u00e1s presencia en los medios de comunicaci\u00f3n.<\/p>\n<div id=\"attachment_7158\" style=\"width: 391px\" class=\"wp-caption aligncenter\"><a href=\"https:\/\/www.sigre.es\/boletin\/wp-content\/uploads\/2022\/03\/BECA-EFE.jpg\"><img loading=\"lazy\" decoding=\"async\" aria-describedby=\"caption-attachment-7158\" class=\"wp-image-7158 size-full\" src=\"https:\/\/www.sigre.es\/boletin\/wp-content\/uploads\/2022\/03\/BECA-EFE.jpg\" alt=\"\" width=\"381\" height=\"264\" srcset=\"https:\/\/www.sigre.es\/boletin\/wp-content\/uploads\/2022\/03\/BECA-EFE.jpg 381w, https:\/\/www.sigre.es\/boletin\/wp-content\/uploads\/2022\/03\/BECA-EFE-300x208.jpg 300w\" sizes=\"auto, (max-width: 381px) 100vw, 381px\" \/><\/a><p id=\"caption-attachment-7158\" class=\"wp-caption-text\">El Director General de SIGRE y la Presidenta de la Agencia EFE durante la firma del convenio.<\/p><\/div>\n","protected":false},"excerpt":{"rendered":"<p>SIGRE y la Agencia EFE han renovado su acuerdo de colaboraci\u00f3n para el desarrollo de un Programa de Formaci\u00f3n Pr\u00e1ctica, dirigido a complementar la formaci\u00f3n te\u00f3rica que reciben los estudiantes universitarios. De esta forma, el convenio ha incluido la organizaci\u00f3n de la IX Edici\u00f3n de la Beca Efeverde de Periodismo Ambiental, gracias a la cual [&hellip;]<\/p>\n","protected":false},"author":10,"featured_media":0,"parent":6802,"menu_order":206,"comment_status":"closed","ping_status":"closed","template":"sigre-entrevista.php","meta":{"footnotes":""},"class_list":["post-6847","page","type-page","status-publish","hentry"],"_links":{"self":[{"href":"https:\/\/www.sigre.es\/boletin\/wp-json\/wp\/v2\/pages\/6847","targetHints":{"allow":["GET"]}}],"collection":[{"href":"https:\/\/www.sigre.es\/boletin\/wp-json\/wp\/v2\/pages"}],"about":[{"href":"https:\/\/www.sigre.es\/boletin\/wp-json\/wp\/v2\/types\/page"}],"author":[{"embeddable":true,"href":"https:\/\/www.sigre.es\/boletin\/wp-json\/wp\/v2\/users\/10"}],"replies":[{"embeddable":true,"href":"https:\/\/www.sigre.es\/boletin\/wp-json\/wp\/v2\/comments?post=6847"}],"version-history":[{"count":0,"href":"https:\/\/www.sigre.es\/boletin\/wp-json\/wp\/v2\/pages\/6847\/revisions"}],"up":[{"embeddable":true,"href":"https:\/\/www.sigre.es\/boletin\/wp-json\/wp\/v2\/pages\/6802"}],"wp:attachment":[{"href":"https:\/\/www.sigre.es\/boletin\/wp-json\/wp\/v2\/media?parent=6847"}],"curies":[{"name":"wp","href":"https:\/\/api.w.org\/{rel}","templated":true}]}}