{"id":6845,"date":"2022-03-11T19:01:57","date_gmt":"2022-03-11T18:01:57","guid":{"rendered":"https:\/\/www.sigre.es\/boletin\/?page_id=6845"},"modified":"2022-03-29T15:35:14","modified_gmt":"2022-03-29T14:35:14","slug":"sigrelab-79","status":"publish","type":"page","link":"https:\/\/www.sigre.es\/boletin\/sigre-informa-79\/sigrelab-79\/","title":{"rendered":"FORMACI\u00d3N"},"content":{"rendered":"<div id=\"fb-root\"><\/div>\n<p>Los d\u00edas 18 y 28 de enero, SIGRE organiz\u00f3 dos jornadas formativas telem\u00e1ticas para explicar el funcionamiento del Formulario SIGRELAB 5.0. Esta herramienta digital, est\u00e1 dise\u00f1ada para facilitar a \u00a0los laboratorios adheridos la presentaci\u00f3n de su Declaraci\u00f3n de Empresa a SIGRE.<\/p>\n<p>A trav\u00e9s de esta Declaraci\u00f3n, las compa\u00f1\u00edas facilitan la informaci\u00f3n sobre el n\u00famero y caracter\u00edsticas de los productos que comercializan, as\u00ed como sobre los materiales utilizados en los envases y medidas de prevenci\u00f3n aplicadas, dando as\u00ed cumplimiento a las obligaciones previstas en la normativa de envases vigente.<\/p>\n<p>Un a\u00f1o m\u00e1s, los laboratorios adheridos han demostrado un gran inter\u00e9s en estas jornadas, que han contado con la participaci\u00f3n de 180 responsables de medioambiente.<\/p>\n<p><a href=\"https:\/\/www.sigre.es\/boletin\/wp-content\/uploads\/2022\/03\/SIGRELAB-1.jpg\"><img loading=\"lazy\" decoding=\"async\" class=\"size-large wp-image-7164 aligncenter\" src=\"https:\/\/www.sigre.es\/boletin\/wp-content\/uploads\/2022\/03\/SIGRELAB-1-1024x611.jpg\" alt=\"\" width=\"1024\" height=\"611\" srcset=\"https:\/\/www.sigre.es\/boletin\/wp-content\/uploads\/2022\/03\/SIGRELAB-1-1024x611.jpg 1024w, https:\/\/www.sigre.es\/boletin\/wp-content\/uploads\/2022\/03\/SIGRELAB-1-300x179.jpg 300w, https:\/\/www.sigre.es\/boletin\/wp-content\/uploads\/2022\/03\/SIGRELAB-1-768x459.jpg 768w, https:\/\/www.sigre.es\/boletin\/wp-content\/uploads\/2022\/03\/SIGRELAB-1.jpg 1529w\" sizes=\"auto, (max-width: 1024px) 100vw, 1024px\" \/><\/a><\/p>\n<p>&nbsp;<\/p>\n","protected":false},"excerpt":{"rendered":"<p>Los d\u00edas 18 y 28 de enero, SIGRE organiz\u00f3 dos jornadas formativas telem\u00e1ticas para explicar el funcionamiento del Formulario SIGRELAB 5.0. Esta herramienta digital, est\u00e1 dise\u00f1ada para facilitar a \u00a0los laboratorios adheridos la presentaci\u00f3n de su Declaraci\u00f3n de Empresa a SIGRE. A trav\u00e9s de esta Declaraci\u00f3n, las compa\u00f1\u00edas facilitan la informaci\u00f3n sobre el n\u00famero y [&hellip;]<\/p>\n","protected":false},"author":10,"featured_media":0,"parent":6802,"menu_order":205,"comment_status":"closed","ping_status":"closed","template":"sigre-entrevista.php","meta":{"footnotes":""},"class_list":["post-6845","page","type-page","status-publish","hentry"],"_links":{"self":[{"href":"https:\/\/www.sigre.es\/boletin\/wp-json\/wp\/v2\/pages\/6845","targetHints":{"allow":["GET"]}}],"collection":[{"href":"https:\/\/www.sigre.es\/boletin\/wp-json\/wp\/v2\/pages"}],"about":[{"href":"https:\/\/www.sigre.es\/boletin\/wp-json\/wp\/v2\/types\/page"}],"author":[{"embeddable":true,"href":"https:\/\/www.sigre.es\/boletin\/wp-json\/wp\/v2\/users\/10"}],"replies":[{"embeddable":true,"href":"https:\/\/www.sigre.es\/boletin\/wp-json\/wp\/v2\/comments?post=6845"}],"version-history":[{"count":0,"href":"https:\/\/www.sigre.es\/boletin\/wp-json\/wp\/v2\/pages\/6845\/revisions"}],"up":[{"embeddable":true,"href":"https:\/\/www.sigre.es\/boletin\/wp-json\/wp\/v2\/pages\/6802"}],"wp:attachment":[{"href":"https:\/\/www.sigre.es\/boletin\/wp-json\/wp\/v2\/media?parent=6845"}],"curies":[{"name":"wp","href":"https:\/\/api.w.org\/{rel}","templated":true}]}}