{"id":6843,"date":"2022-03-11T19:01:43","date_gmt":"2022-03-11T18:01:43","guid":{"rendered":"https:\/\/www.sigre.es\/boletin\/?page_id=6843"},"modified":"2022-03-29T15:34:16","modified_gmt":"2022-03-29T14:34:16","slug":"editorial-79","status":"publish","type":"page","link":"https:\/\/www.sigre.es\/boletin\/sigre-informa-79\/editorial-79\/","title":{"rendered":"EDITORIAL"},"content":{"rendered":"<div id=\"fb-root\"><\/div>\n<p>Debido a la COVID-19, estos dos \u00faltimos a\u00f1os han supuesto una transformaci\u00f3n en todos los aspectos de nuestras vidas, incluyendo un impulso importante de la comunicaci\u00f3n digital.<\/p>\n<p>Con unas comunidades muy activas y en constante crecimiento, que demandan m\u00e1s informaci\u00f3n y de mejor calidad, el inter\u00e9s por los temas relacionados con el medio ambiente se ha visto claramente acentuado con la pandemia, debido a su estrecha relaci\u00f3n con la salud de las personas.<\/p>\n<p>De esta forma, vemos como las referencias medioambientales en las redes sociales han aumentado considerablemente y suponen una oportunidad para aquellos sectores comprometidos con la sostenibilidad ambiental.<\/p>\n<p>El ecosistema digital se convierte as\u00ed en una v\u00eda fundamental para defender el valor estrat\u00e9gico de las organizaciones, debiendo servir como herramienta de escucha activa para conectar con los intereses e inquietudes de la sociedad.<\/p>\n<p>En este sentido, las redes sociales, bien gestionadas, son un activo muy valioso para que el sector farmac\u00e9utico participe en la conversaci\u00f3n y transmita a la sociedad su compromiso con la salud y el medioambiente.<\/p>\n<p>Adem\u00e1s, la capacidad de segmentar y de personalizar los mensajes es un instrumento de gran utilidad para luchar contra la temida infoxicaci\u00f3n y para ofrecer contenidos relevantes, de inter\u00e9s, con autenticidad y transparencia para consolidar la confianza de nuestros p\u00fablicos de inter\u00e9s.<\/p>\n<p>En este contexto, SIGRE ha reforzado sus acciones para aprovechar las posibilidades que ofrece el entorno digital y mostrar el papel que juegan laboratorios, distribuci\u00f3n y farmacias como referentes en materia de sostenibilidad y responsabilidad social corporativa.<\/p>\n<p>En una comunidad cada vez m\u00e1s comprometida con el medio ambiente, queremos participar activamente en la conversaci\u00f3n y contribuir a promover un uso m\u00e1s responsable de los f\u00e1rmacos, lo que incluye inevitablemente la revisi\u00f3n peri\u00f3dica del botiqu\u00edn dom\u00e9stico y el correcto tratamiento medioambiental de los medicamentos caducados o que ya no son necesarios<\/p>\n","protected":false},"excerpt":{"rendered":"<p>Debido a la COVID-19, estos dos \u00faltimos a\u00f1os han supuesto una transformaci\u00f3n en todos los aspectos de nuestras vidas, incluyendo un impulso importante de la comunicaci\u00f3n digital. Con unas comunidades muy activas y en constante crecimiento, que demandan m\u00e1s informaci\u00f3n y de mejor calidad, el inter\u00e9s por los temas relacionados con el medio ambiente se [&hellip;]<\/p>\n","protected":false},"author":10,"featured_media":0,"parent":6802,"menu_order":203,"comment_status":"closed","ping_status":"closed","template":"sigre-entrevista.php","meta":{"footnotes":""},"class_list":["post-6843","page","type-page","status-publish","hentry"],"_links":{"self":[{"href":"https:\/\/www.sigre.es\/boletin\/wp-json\/wp\/v2\/pages\/6843","targetHints":{"allow":["GET"]}}],"collection":[{"href":"https:\/\/www.sigre.es\/boletin\/wp-json\/wp\/v2\/pages"}],"about":[{"href":"https:\/\/www.sigre.es\/boletin\/wp-json\/wp\/v2\/types\/page"}],"author":[{"embeddable":true,"href":"https:\/\/www.sigre.es\/boletin\/wp-json\/wp\/v2\/users\/10"}],"replies":[{"embeddable":true,"href":"https:\/\/www.sigre.es\/boletin\/wp-json\/wp\/v2\/comments?post=6843"}],"version-history":[{"count":0,"href":"https:\/\/www.sigre.es\/boletin\/wp-json\/wp\/v2\/pages\/6843\/revisions"}],"up":[{"embeddable":true,"href":"https:\/\/www.sigre.es\/boletin\/wp-json\/wp\/v2\/pages\/6802"}],"wp:attachment":[{"href":"https:\/\/www.sigre.es\/boletin\/wp-json\/wp\/v2\/media?parent=6843"}],"curies":[{"name":"wp","href":"https:\/\/api.w.org\/{rel}","templated":true}]}}