{"id":6707,"date":"2021-12-22T12:40:37","date_gmt":"2021-12-22T11:40:37","guid":{"rendered":"https:\/\/www.sigre.es\/boletin\/?page_id=6707"},"modified":"2021-12-23T12:01:06","modified_gmt":"2021-12-23T11:01:06","slug":"comunidad-online-de-sigre","status":"publish","type":"page","link":"https:\/\/www.sigre.es\/boletin\/sigre-informa-78\/comunidad-online-de-sigre\/","title":{"rendered":"COMUNIDAD ONLINE"},"content":{"rendered":"<div id=\"fb-root\"><\/div>\n<p>La interacci\u00f3n de los socios de SIGRE con el contenido elaborado desde nuestras redes sociales pone de manifiesto el compromiso de todos ellos con la comunicaci\u00f3n del mensaje conjunto a transmitir: el compromiso de industria, distribuci\u00f3n y farmacias con la salud y el medioambiente.<\/p>\n<p>Del mismo modo, las plataformas de Twitter, Facebook y LinkedIn de SIGRE suponen un altavoz de los mensajes corporativos de los socios de SIGRE en materia de sostenibilidad. Con motivo del 20\u00ba Aniversario de SIGRE, desde los perfiles sociales de SIGRE se ha querido hacer distinci\u00f3n especial a todas aquellas cuentas que han apoyado la labor de SIGRE en el entorno digital. Un apoyo que se ha manifestado no solo en forma de <em>likes<\/em>, comentarios o retuits, sino tambi\u00e9n en piezas creadas exclusivamente para destacar la importancia para la ciudadan\u00eda y para el planeta del adecuado reciclaje de medicamentos y sus envases a trav\u00e9s del Punto SIGRE de las farmacias.<\/p>\n<p>Entre los premiados con las insignias digitales de SIGRE destacan autoridades, personalidades pol\u00edticas, directores de comunicaci\u00f3n de los socios de SIGRE, Colegios Oficiales de Farmac\u00e9uticos, empresas de distribuci\u00f3n farmac\u00e9utica, <em>farmatuiteros<\/em> y cuentas pertenecientes a oficinas de farmacia, desde donde se ofrece siempre informaci\u00f3n \u00fatil al ciudadano y se anima a utilizar el Punto SIGRE.<\/p>\n<p>Estas insignias digitales han sido mes a mes las publicaciones con mayor interacci\u00f3n por parte de la comunidad de SIGRE, lo que supone un reconocimiento en s\u00ed a la iniciativa.<\/p>\n<p><a href=\"https:\/\/www.sigre.es\/boletin\/wp-content\/uploads\/2021\/12\/Captura-de-Pantalla-2021-12-22-a-les-12.39.45.png\"><img loading=\"lazy\" decoding=\"async\" class=\"aligncenter wp-image-6712\" src=\"https:\/\/www.sigre.es\/boletin\/wp-content\/uploads\/2021\/12\/Captura-de-Pantalla-2021-12-22-a-les-12.39.45-1024x513.png\" alt=\"Insignias digitales\" width=\"527\" height=\"277\" \/><\/a><\/p>\n<p>&nbsp;<\/p>\n<p>&nbsp;<\/p>\n","protected":false},"excerpt":{"rendered":"<p>La interacci\u00f3n de los socios de SIGRE con el contenido elaborado desde nuestras redes sociales pone de manifiesto el compromiso de todos ellos con la comunicaci\u00f3n del mensaje conjunto a transmitir: el compromiso de industria, distribuci\u00f3n y farmacias con la salud y el medioambiente. Del mismo modo, las plataformas de Twitter, Facebook y LinkedIn de [&hellip;]<\/p>\n","protected":false},"author":7,"featured_media":0,"parent":6613,"menu_order":213,"comment_status":"closed","ping_status":"closed","template":"sigre-entrevista.php","meta":{"footnotes":""},"class_list":["post-6707","page","type-page","status-publish","hentry"],"_links":{"self":[{"href":"https:\/\/www.sigre.es\/boletin\/wp-json\/wp\/v2\/pages\/6707","targetHints":{"allow":["GET"]}}],"collection":[{"href":"https:\/\/www.sigre.es\/boletin\/wp-json\/wp\/v2\/pages"}],"about":[{"href":"https:\/\/www.sigre.es\/boletin\/wp-json\/wp\/v2\/types\/page"}],"author":[{"embeddable":true,"href":"https:\/\/www.sigre.es\/boletin\/wp-json\/wp\/v2\/users\/7"}],"replies":[{"embeddable":true,"href":"https:\/\/www.sigre.es\/boletin\/wp-json\/wp\/v2\/comments?post=6707"}],"version-history":[{"count":0,"href":"https:\/\/www.sigre.es\/boletin\/wp-json\/wp\/v2\/pages\/6707\/revisions"}],"up":[{"embeddable":true,"href":"https:\/\/www.sigre.es\/boletin\/wp-json\/wp\/v2\/pages\/6613"}],"wp:attachment":[{"href":"https:\/\/www.sigre.es\/boletin\/wp-json\/wp\/v2\/media?parent=6707"}],"curies":[{"name":"wp","href":"https:\/\/api.w.org\/{rel}","templated":true}]}}