{"id":6229,"date":"2021-10-20T15:12:50","date_gmt":"2021-10-20T14:12:50","guid":{"rendered":"https:\/\/www.sigre.es\/boletin\/?page_id=6229"},"modified":"2021-10-20T15:12:50","modified_gmt":"2021-10-20T14:12:50","slug":"sensibilizacion","status":"publish","type":"page","link":"https:\/\/www.sigre.es\/boletin\/sigre-informa-77\/sensibilizacion\/","title":{"rendered":"SENSIBILIZACI\u00d3N"},"content":{"rendered":"<div id=\"fb-root\"><\/div>\n<p>Con motivo del D\u00eda Mundial del Farmac\u00e9utico, celebrado el pasado 25 de septiembre, SIGRE se adhiri\u00f3 a la campa\u00f1a promovida por la Federaci\u00f3n Internacional Farmac\u00e9utica (FIB) bajo el lema \u00abFarmacia: siempre de confianza, al servicio de tu salud\u201d. Con ella, se pretend\u00eda poner en valor la confianza depositada en esta profesi\u00f3n y el papel esencial de los farmac\u00e9uticos en la mejora de la salud p\u00fablica.<\/p>\n<p>De esta forma, SIGRE quiso resaltar la labor que realizan los m\u00e1s de 54.000 farmac\u00e9uticos de oficina de farmacia a la hora de orientar a los pacientes sobre un uso responsable de los medicamentos y la forma correcta de desprenderse de los residuos a trav\u00e9s del Punto SIGRE. Tambi\u00e9n, el trabajo de los farmac\u00e9uticos de la industria para impulsar el ecodise\u00f1o de los envases de medicamentos, logrando que sean cada vez m\u00e1s sostenibles y ecol\u00f3gicos. Y, por \u00faltimo, el servicio que prestan los farmac\u00e9uticos de la distribuci\u00f3n, que permite garantizar un acceso r\u00e1pido, seguro y efectivo a los medicamentos que necesitan los ciudadanos en cada momento, as\u00ed como ofrecer un proceso de log\u00edstica inversa para la recogida de los residuos que consigue evitar cada a\u00f1o la emisi\u00f3n de miles de toneladas de CO2 a la atm\u00f3sfera.<\/p>\n<p><iframe loading=\"lazy\" title=\"Feliz D\u00eda Mundial del Farmac\u00e9utico 2021\" width=\"500\" height=\"375\" src=\"https:\/\/www.youtube.com\/embed\/Tn5HQdaMph0?feature=oembed\" frameborder=\"0\" allow=\"accelerometer; autoplay; clipboard-write; encrypted-media; gyroscope; picture-in-picture; web-share\" referrerpolicy=\"strict-origin-when-cross-origin\" allowfullscreen><\/iframe><\/p>\n","protected":false},"excerpt":{"rendered":"<p>Con motivo del D\u00eda Mundial del Farmac\u00e9utico, celebrado el pasado 25 de septiembre, SIGRE se adhiri\u00f3 a la campa\u00f1a promovida por la Federaci\u00f3n Internacional Farmac\u00e9utica (FIB) bajo el lema \u00abFarmacia: siempre de confianza, al servicio de tu salud\u201d. Con ella, se pretend\u00eda poner en valor la confianza depositada en esta profesi\u00f3n y el papel esencial [&hellip;]<\/p>\n","protected":false},"author":7,"featured_media":0,"parent":6176,"menu_order":283,"comment_status":"closed","ping_status":"closed","template":"sigre-entrevista.php","meta":{"footnotes":""},"class_list":["post-6229","page","type-page","status-publish","hentry"],"_links":{"self":[{"href":"https:\/\/www.sigre.es\/boletin\/wp-json\/wp\/v2\/pages\/6229","targetHints":{"allow":["GET"]}}],"collection":[{"href":"https:\/\/www.sigre.es\/boletin\/wp-json\/wp\/v2\/pages"}],"about":[{"href":"https:\/\/www.sigre.es\/boletin\/wp-json\/wp\/v2\/types\/page"}],"author":[{"embeddable":true,"href":"https:\/\/www.sigre.es\/boletin\/wp-json\/wp\/v2\/users\/7"}],"replies":[{"embeddable":true,"href":"https:\/\/www.sigre.es\/boletin\/wp-json\/wp\/v2\/comments?post=6229"}],"version-history":[{"count":0,"href":"https:\/\/www.sigre.es\/boletin\/wp-json\/wp\/v2\/pages\/6229\/revisions"}],"up":[{"embeddable":true,"href":"https:\/\/www.sigre.es\/boletin\/wp-json\/wp\/v2\/pages\/6176"}],"wp:attachment":[{"href":"https:\/\/www.sigre.es\/boletin\/wp-json\/wp\/v2\/media?parent=6229"}],"curies":[{"name":"wp","href":"https:\/\/api.w.org\/{rel}","templated":true}]}}