{"id":6225,"date":"2021-10-20T15:12:27","date_gmt":"2021-10-20T14:12:27","guid":{"rendered":"https:\/\/www.sigre.es\/boletin\/?page_id=6225"},"modified":"2021-10-21T10:52:37","modified_gmt":"2021-10-21T09:52:37","slug":"foros-y-congresos","status":"publish","type":"page","link":"https:\/\/www.sigre.es\/boletin\/sigre-informa-77\/foros-y-congresos\/","title":{"rendered":"FOROS Y CONGRESOS"},"content":{"rendered":"<div id=\"fb-root\"><\/div>\n<p>Durante los \u00faltimos meses SIGRE ha participado en distintas jornadas y grupos de trabajo que abordaban los pr\u00f3ximos cambios legislativos en materia de residuos y residuos de envase. En este sentido, el Proyecto de Ley de residuos y suelos contaminados y la consulta p\u00fablica del Proyecto de Real Decreto de envases y residuos envases han sido dos de los principales asuntos analizados por la Comisi\u00f3n de Desarrollo Sostenible y Transici\u00f3n Ecol\u00f3gica y por el Grupo de Trabajo de Econom\u00eda Circular y Residuos de la <strong>Confederaci\u00f3n Espa\u00f1ola de Organizaciones Empresariales (CEOE). <\/strong><\/p>\n<p>Asimismo, SIGRE ha asistido al Consejo Asesor de <strong>PACKNET<\/strong> y a la Asamblea del <strong>Club Espa\u00f1ol de Medio Ambiente (CEMA)<\/strong>, donde se debatieron las pr\u00f3ximas actividades de estas organizaciones en materia de sostenibilidad.<\/p>\n<p>En el \u00e1mbito internacional, SIGRE presidi\u00f3 el Consejo Directivo de la <strong>Red Iberoamericana de Programas Posconsumo de Medicamentos (RIPPM)<\/strong>, en el que se revisaron las iniciativas que existen actualmente en distintos pa\u00edses iberoamericanos y se aprobaron las actividades que se llevaran a cabo desde la red para fomentar la creaci\u00f3n de sistemas de gesti\u00f3n de residuos de medicamentos. Por \u00faltimo, para conocer las propuestas m\u00e1s novedosas en materia de prevenci\u00f3n y ecodise\u00f1o, SIGRE asisti\u00f3 a la feria anual <strong>Pharmapack Europe,<\/strong> dedicada a la innovaci\u00f3n en los envases y embalajes farmac\u00e9uticos.<\/p>\n","protected":false},"excerpt":{"rendered":"<p>Durante los \u00faltimos meses SIGRE ha participado en distintas jornadas y grupos de trabajo que abordaban los pr\u00f3ximos cambios legislativos en materia de residuos y residuos de envase. En este sentido, el Proyecto de Ley de residuos y suelos contaminados y la consulta p\u00fablica del Proyecto de Real Decreto de envases y residuos envases han [&hellip;]<\/p>\n","protected":false},"author":7,"featured_media":0,"parent":6176,"menu_order":283,"comment_status":"closed","ping_status":"closed","template":"sigre-entrevista.php","meta":{"footnotes":""},"class_list":["post-6225","page","type-page","status-publish","hentry"],"_links":{"self":[{"href":"https:\/\/www.sigre.es\/boletin\/wp-json\/wp\/v2\/pages\/6225","targetHints":{"allow":["GET"]}}],"collection":[{"href":"https:\/\/www.sigre.es\/boletin\/wp-json\/wp\/v2\/pages"}],"about":[{"href":"https:\/\/www.sigre.es\/boletin\/wp-json\/wp\/v2\/types\/page"}],"author":[{"embeddable":true,"href":"https:\/\/www.sigre.es\/boletin\/wp-json\/wp\/v2\/users\/7"}],"replies":[{"embeddable":true,"href":"https:\/\/www.sigre.es\/boletin\/wp-json\/wp\/v2\/comments?post=6225"}],"version-history":[{"count":0,"href":"https:\/\/www.sigre.es\/boletin\/wp-json\/wp\/v2\/pages\/6225\/revisions"}],"up":[{"embeddable":true,"href":"https:\/\/www.sigre.es\/boletin\/wp-json\/wp\/v2\/pages\/6176"}],"wp:attachment":[{"href":"https:\/\/www.sigre.es\/boletin\/wp-json\/wp\/v2\/media?parent=6225"}],"curies":[{"name":"wp","href":"https:\/\/api.w.org\/{rel}","templated":true}]}}