{"id":6221,"date":"2021-10-20T15:12:16","date_gmt":"2021-10-20T14:12:16","guid":{"rendered":"https:\/\/www.sigre.es\/boletin\/?page_id=6221"},"modified":"2021-10-20T15:12:16","modified_gmt":"2021-10-20T14:12:16","slug":"rsc","status":"publish","type":"page","link":"https:\/\/www.sigre.es\/boletin\/sigre-informa-77\/rsc\/","title":{"rendered":"RSC"},"content":{"rendered":"<div id=\"fb-root\"><\/div>\n<p>La celebraci\u00f3n del sexto aniversario de los Objetivos de Desarrollo Sostenible (ODS) de Naciones Unidas ha permitido poner de manifiesto el compromiso del sector farmac\u00e9utico con la salud y la sostenibilidad.<\/p>\n<p>Cuando quedan nueve a\u00f1os de la llamada \u201cd\u00e9cada de la acci\u00f3n\u201d, el informe <a href=\"https:\/\/sectoresxlosods.org\/agenda-2030\" target=\"_blank\" rel=\"noopener\">ODS A\u00f1o 6: El enfoque sectorial de la Agenda 2030<\/a> del Pacto Mundial de Naciones Unidas Espa\u00f1a destaca la importancia de las alianzas s\u00f3lidas y de las sinergias sectoriales para hacer frente a los desaf\u00edos comunes que plantea el desarrollo sostenible y lograr un futuro m\u00e1s justo, inclusivo y sostenible alineado con los ODS que marca la Agenda 2030.<\/p>\n<p>En este sentido, el informe recoge a SIGRE como un claro ejemplo de alianza sectorial, el punto de encuentro en el que todo un sector (laboratorios, distribuci\u00f3n y farmacias) trabaja de manera conjunta para cuidar de la salud de las personas y del medio ambiente. De esta forma, tras 20 a\u00f1os de actividad, SIGRE se ha consolidado como el mayor proyecto colaborativo emprendido por el sector farmac\u00e9utico en Espa\u00f1a.<\/p>\n<p>&nbsp;<\/p>\n","protected":false},"excerpt":{"rendered":"<p>La celebraci\u00f3n del sexto aniversario de los Objetivos de Desarrollo Sostenible (ODS) de Naciones Unidas ha permitido poner de manifiesto el compromiso del sector farmac\u00e9utico con la salud y la sostenibilidad. Cuando quedan nueve a\u00f1os de la llamada \u201cd\u00e9cada de la acci\u00f3n\u201d, el informe ODS A\u00f1o 6: El enfoque sectorial de la Agenda 2030 del [&hellip;]<\/p>\n","protected":false},"author":7,"featured_media":0,"parent":6176,"menu_order":282,"comment_status":"closed","ping_status":"closed","template":"sigre-entrevista.php","meta":{"footnotes":""},"class_list":["post-6221","page","type-page","status-publish","hentry"],"_links":{"self":[{"href":"https:\/\/www.sigre.es\/boletin\/wp-json\/wp\/v2\/pages\/6221","targetHints":{"allow":["GET"]}}],"collection":[{"href":"https:\/\/www.sigre.es\/boletin\/wp-json\/wp\/v2\/pages"}],"about":[{"href":"https:\/\/www.sigre.es\/boletin\/wp-json\/wp\/v2\/types\/page"}],"author":[{"embeddable":true,"href":"https:\/\/www.sigre.es\/boletin\/wp-json\/wp\/v2\/users\/7"}],"replies":[{"embeddable":true,"href":"https:\/\/www.sigre.es\/boletin\/wp-json\/wp\/v2\/comments?post=6221"}],"version-history":[{"count":0,"href":"https:\/\/www.sigre.es\/boletin\/wp-json\/wp\/v2\/pages\/6221\/revisions"}],"up":[{"embeddable":true,"href":"https:\/\/www.sigre.es\/boletin\/wp-json\/wp\/v2\/pages\/6176"}],"wp:attachment":[{"href":"https:\/\/www.sigre.es\/boletin\/wp-json\/wp\/v2\/media?parent=6221"}],"curies":[{"name":"wp","href":"https:\/\/api.w.org\/{rel}","templated":true}]}}