{"id":6217,"date":"2021-10-20T15:11:53","date_gmt":"2021-10-20T14:11:53","guid":{"rendered":"https:\/\/www.sigre.es\/boletin\/?page_id=6217"},"modified":"2021-10-21T10:36:15","modified_gmt":"2021-10-21T09:36:15","slug":"biblioteca-sigre","status":"publish","type":"page","link":"https:\/\/www.sigre.es\/boletin\/sigre-informa-77\/biblioteca-sigre\/","title":{"rendered":"BIBLIOTECA SIGRE"},"content":{"rendered":"<div id=\"fb-root\"><\/div>\n<p>SIGRE ha renovado un a\u00f1o m\u00e1s su compromiso con el Pacto Mundial de las Naciones Unidas, comunicando a sus grupos de inter\u00e9s, a trav\u00e9s del Informe de Progreso 2020, las acciones, resultados y objetivos llevados a cabo en relaci\u00f3n a cada uno de los 10 Principios del Pacto Mundial y reflejando, adem\u00e1s, la contribuci\u00f3n al cumplimiento de aquellos ODS m\u00e1s ligados a nuestra actividad.<\/p>\n<p>Este Informe ha sido distinguido por und\u00e9cima vez consecutiva con el <strong>nivel \u201cAvanzado\u201d (GC Advanced Level)<\/strong>, m\u00e1xima calificaci\u00f3n otorgada por este organismo internacional, para lo que se valoran la adaptaci\u00f3n y difusi\u00f3n de sus diez principios, la transparencia y el grado de informaci\u00f3n aportada.<\/p>\n<p>\u00danicamente 21 entidades espa\u00f1olas han logrado esta distinci\u00f3n en 2021, lo que consolida a SIGRE como un referente en la materia.<\/p>\n<p><a href=\"https:\/\/www.sigre.es\/boletin\/wp-content\/uploads\/2021\/10\/biblio_interior_77.jpg\"><img loading=\"lazy\" decoding=\"async\" class=\"aligncenter wp-image-6218\" src=\"https:\/\/www.sigre.es\/boletin\/wp-content\/uploads\/2021\/10\/biblio_interior_77-1024x768.jpg\" alt=\"\" width=\"400\" height=\"300\" srcset=\"https:\/\/www.sigre.es\/boletin\/wp-content\/uploads\/2021\/10\/biblio_interior_77-1024x768.jpg 1024w, https:\/\/www.sigre.es\/boletin\/wp-content\/uploads\/2021\/10\/biblio_interior_77-300x225.jpg 300w, https:\/\/www.sigre.es\/boletin\/wp-content\/uploads\/2021\/10\/biblio_interior_77-768x576.jpg 768w, https:\/\/www.sigre.es\/boletin\/wp-content\/uploads\/2021\/10\/biblio_interior_77.jpg 1290w\" sizes=\"auto, (max-width: 400px) 100vw, 400px\" \/><\/a><\/p>\n","protected":false},"excerpt":{"rendered":"<p>SIGRE ha renovado un a\u00f1o m\u00e1s su compromiso con el Pacto Mundial de las Naciones Unidas, comunicando a sus grupos de inter\u00e9s, a trav\u00e9s del Informe de Progreso 2020, las acciones, resultados y objetivos llevados a cabo en relaci\u00f3n a cada uno de los 10 Principios del Pacto Mundial y reflejando, adem\u00e1s, la contribuci\u00f3n al [&hellip;]<\/p>\n","protected":false},"author":7,"featured_media":0,"parent":6176,"menu_order":281,"comment_status":"closed","ping_status":"closed","template":"sigre-entrevista.php","meta":{"footnotes":""},"class_list":["post-6217","page","type-page","status-publish","hentry"],"_links":{"self":[{"href":"https:\/\/www.sigre.es\/boletin\/wp-json\/wp\/v2\/pages\/6217","targetHints":{"allow":["GET"]}}],"collection":[{"href":"https:\/\/www.sigre.es\/boletin\/wp-json\/wp\/v2\/pages"}],"about":[{"href":"https:\/\/www.sigre.es\/boletin\/wp-json\/wp\/v2\/types\/page"}],"author":[{"embeddable":true,"href":"https:\/\/www.sigre.es\/boletin\/wp-json\/wp\/v2\/users\/7"}],"replies":[{"embeddable":true,"href":"https:\/\/www.sigre.es\/boletin\/wp-json\/wp\/v2\/comments?post=6217"}],"version-history":[{"count":0,"href":"https:\/\/www.sigre.es\/boletin\/wp-json\/wp\/v2\/pages\/6217\/revisions"}],"up":[{"embeddable":true,"href":"https:\/\/www.sigre.es\/boletin\/wp-json\/wp\/v2\/pages\/6176"}],"wp:attachment":[{"href":"https:\/\/www.sigre.es\/boletin\/wp-json\/wp\/v2\/media?parent=6217"}],"curies":[{"name":"wp","href":"https:\/\/api.w.org\/{rel}","templated":true}]}}