{"id":6213,"date":"2021-10-20T15:12:07","date_gmt":"2021-10-20T14:12:07","guid":{"rendered":"https:\/\/www.sigre.es\/boletin\/?page_id=6213"},"modified":"2021-10-21T10:34:54","modified_gmt":"2021-10-21T09:34:54","slug":"informe-de-resultados","status":"publish","type":"page","link":"https:\/\/www.sigre.es\/boletin\/sigre-informa-77\/informe-de-resultados\/","title":{"rendered":"INFORME DE RESULTADOS"},"content":{"rendered":"<div id=\"fb-root\"><\/div>\n<p>Seg\u00fan se recoge en el Informe Semestral de Actividades 2021, los resultados de SIGRE en la primera mitad del a\u00f1o muestran un incremento del 5,26% en los residuos que los ciudadanos han depositados en los Puntos SIGRE de las farmacias espa\u00f1olas.<\/p>\n<p>De esta forma, durante este primer semestre se recogi\u00f3 una media de <strong>97,68 gramos por habitante\/a\u00f1o<\/strong> de envases vac\u00edos o con restos de medicamentos, lo que supone cuatro puntos m\u00e1s que en el mismo per\u00edodo de 2020.<\/p>\n<p>Estos resultados constatan que, una vez superadas las principales restricciones impuestas en 2020 para luchar con la Covid-19, se est\u00e1n recuperando los niveles de recogida de residuos de medicamentos previos a la pandemia.<\/p>\n<p><a href=\"https:\/\/www.sigre.es\/boletin\/wp-content\/uploads\/2021\/10\/IR_interior_77.jpg\"><img loading=\"lazy\" decoding=\"async\" class=\"aligncenter wp-image-6214\" src=\"https:\/\/www.sigre.es\/boletin\/wp-content\/uploads\/2021\/10\/IR_interior_77-1024x683.jpg\" alt=\"\" width=\"400\" height=\"267\" srcset=\"https:\/\/www.sigre.es\/boletin\/wp-content\/uploads\/2021\/10\/IR_interior_77-1024x683.jpg 1024w, https:\/\/www.sigre.es\/boletin\/wp-content\/uploads\/2021\/10\/IR_interior_77-300x200.jpg 300w, https:\/\/www.sigre.es\/boletin\/wp-content\/uploads\/2021\/10\/IR_interior_77-768x512.jpg 768w, https:\/\/www.sigre.es\/boletin\/wp-content\/uploads\/2021\/10\/IR_interior_77.jpg 1290w\" sizes=\"auto, (max-width: 400px) 100vw, 400px\" \/><\/a><\/p>\n","protected":false},"excerpt":{"rendered":"<p>Seg\u00fan se recoge en el Informe Semestral de Actividades 2021, los resultados de SIGRE en la primera mitad del a\u00f1o muestran un incremento del 5,26% en los residuos que los ciudadanos han depositados en los Puntos SIGRE de las farmacias espa\u00f1olas. De esta forma, durante este primer semestre se recogi\u00f3 una media de 97,68 gramos [&hellip;]<\/p>\n","protected":false},"author":7,"featured_media":0,"parent":6176,"menu_order":280,"comment_status":"closed","ping_status":"closed","template":"sigre-entrevista.php","meta":{"footnotes":""},"class_list":["post-6213","page","type-page","status-publish","hentry"],"_links":{"self":[{"href":"https:\/\/www.sigre.es\/boletin\/wp-json\/wp\/v2\/pages\/6213","targetHints":{"allow":["GET"]}}],"collection":[{"href":"https:\/\/www.sigre.es\/boletin\/wp-json\/wp\/v2\/pages"}],"about":[{"href":"https:\/\/www.sigre.es\/boletin\/wp-json\/wp\/v2\/types\/page"}],"author":[{"embeddable":true,"href":"https:\/\/www.sigre.es\/boletin\/wp-json\/wp\/v2\/users\/7"}],"replies":[{"embeddable":true,"href":"https:\/\/www.sigre.es\/boletin\/wp-json\/wp\/v2\/comments?post=6213"}],"version-history":[{"count":0,"href":"https:\/\/www.sigre.es\/boletin\/wp-json\/wp\/v2\/pages\/6213\/revisions"}],"up":[{"embeddable":true,"href":"https:\/\/www.sigre.es\/boletin\/wp-json\/wp\/v2\/pages\/6176"}],"wp:attachment":[{"href":"https:\/\/www.sigre.es\/boletin\/wp-json\/wp\/v2\/media?parent=6213"}],"curies":[{"name":"wp","href":"https:\/\/api.w.org\/{rel}","templated":true}]}}