{"id":6209,"date":"2021-10-20T15:11:42","date_gmt":"2021-10-20T14:11:42","guid":{"rendered":"https:\/\/www.sigre.es\/boletin\/?page_id=6209"},"modified":"2021-10-20T15:11:42","modified_gmt":"2021-10-20T14:11:42","slug":"educacion","status":"publish","type":"page","link":"https:\/\/www.sigre.es\/boletin\/sigre-informa-77\/educacion\/","title":{"rendered":"EDUCACI\u00d3N"},"content":{"rendered":"<div id=\"fb-root\"><\/div>\n<p>En el D\u00eda Mundial de los Docentes, celebrado el 5 de octubre, SIGRE ha querido mostrar su apoyo y reconocimiento a estos profesionales, cuya labor es fundamental para que los ni\u00f1os y j\u00f3venes puedan disfrutar de una educaci\u00f3n de calidad, en l\u00ednea con los principios del Objetivo de Desarrollo Sostenible (ODS) 4 de la Agenda 2030 que defiende la necesidad de una educaci\u00f3n inclusiva desde las edades m\u00e1s tempranas.<\/p>\n<p>Adquirir unos buenos h\u00e1bitos medioambientales desde la ni\u00f1ez es la clave para incorporarlos de manera espont\u00e1nea a nuestras rutinas diarias, como la separaci\u00f3n de los diferentes tipos de residuos que se generan en el hogar, el correcto reciclaje de envases o el uso responsable de los recursos naturales.<\/p>\n<p>En este sentido, SIGRE pone a disposici\u00f3n de todos los docentes un completo plan educativo que abarca las diferentes etapas del aprendizaje, desde la <a href=\"https:\/\/sigre.es\/sostenibilidad\/#recursos-educativos\" target=\"_blank\" rel=\"noopener\">Educaci\u00f3n Infantil<\/a>, pasando por la etapa de <a href=\"http:\/\/www.sigrelandia.es\/\" target=\"_blank\" rel=\"noopener\">Primaria<\/a> hasta <a href=\"https:\/\/sigre.es\/sostenibilidad\/#educacion-secundaria\" target=\"_blank\" rel=\"noopener\">Secundaria y Bachillerato<\/a> y <a href=\"https:\/\/sigre.es\/sostenibilidad\/#educacion-superior\" target=\"_blank\" rel=\"noopener\">Educaci\u00f3n Superior<\/a>, con el fin de que los alumnos de todas las edades puedan conocer la importancia medioambiental y sanitaria del reciclaje de los medicamentos.<\/p>\n<p><a href=\"https:\/\/www.sigre.es\/boletin\/wp-content\/uploads\/2021\/10\/educacion_interior_77.jpg\"><img loading=\"lazy\" decoding=\"async\" class=\"aligncenter wp-image-6210\" src=\"https:\/\/www.sigre.es\/boletin\/wp-content\/uploads\/2021\/10\/educacion_interior_77-1024x579.jpg\" alt=\"\" width=\"400\" height=\"226\" srcset=\"https:\/\/www.sigre.es\/boletin\/wp-content\/uploads\/2021\/10\/educacion_interior_77-1024x579.jpg 1024w, https:\/\/www.sigre.es\/boletin\/wp-content\/uploads\/2021\/10\/educacion_interior_77-300x170.jpg 300w, https:\/\/www.sigre.es\/boletin\/wp-content\/uploads\/2021\/10\/educacion_interior_77-768x435.jpg 768w, https:\/\/www.sigre.es\/boletin\/wp-content\/uploads\/2021\/10\/educacion_interior_77.jpg 1290w\" sizes=\"auto, (max-width: 400px) 100vw, 400px\" \/><\/a><\/p>\n","protected":false},"excerpt":{"rendered":"<p>En el D\u00eda Mundial de los Docentes, celebrado el 5 de octubre, SIGRE ha querido mostrar su apoyo y reconocimiento a estos profesionales, cuya labor es fundamental para que los ni\u00f1os y j\u00f3venes puedan disfrutar de una educaci\u00f3n de calidad, en l\u00ednea con los principios del Objetivo de Desarrollo Sostenible (ODS) 4 de la Agenda [&hellip;]<\/p>\n","protected":false},"author":7,"featured_media":0,"parent":6176,"menu_order":279,"comment_status":"closed","ping_status":"closed","template":"sigre-entrevista.php","meta":{"footnotes":""},"class_list":["post-6209","page","type-page","status-publish","hentry"],"_links":{"self":[{"href":"https:\/\/www.sigre.es\/boletin\/wp-json\/wp\/v2\/pages\/6209","targetHints":{"allow":["GET"]}}],"collection":[{"href":"https:\/\/www.sigre.es\/boletin\/wp-json\/wp\/v2\/pages"}],"about":[{"href":"https:\/\/www.sigre.es\/boletin\/wp-json\/wp\/v2\/types\/page"}],"author":[{"embeddable":true,"href":"https:\/\/www.sigre.es\/boletin\/wp-json\/wp\/v2\/users\/7"}],"replies":[{"embeddable":true,"href":"https:\/\/www.sigre.es\/boletin\/wp-json\/wp\/v2\/comments?post=6209"}],"version-history":[{"count":0,"href":"https:\/\/www.sigre.es\/boletin\/wp-json\/wp\/v2\/pages\/6209\/revisions"}],"up":[{"embeddable":true,"href":"https:\/\/www.sigre.es\/boletin\/wp-json\/wp\/v2\/pages\/6176"}],"wp:attachment":[{"href":"https:\/\/www.sigre.es\/boletin\/wp-json\/wp\/v2\/media?parent=6209"}],"curies":[{"name":"wp","href":"https:\/\/api.w.org\/{rel}","templated":true}]}}