{"id":6200,"date":"2021-10-20T15:11:22","date_gmt":"2021-10-20T14:11:22","guid":{"rendered":"https:\/\/www.sigre.es\/boletin\/?page_id=6200"},"modified":"2021-10-21T10:32:11","modified_gmt":"2021-10-21T09:32:11","slug":"sigre","status":"publish","type":"page","link":"https:\/\/www.sigre.es\/boletin\/sigre-informa-77\/sigre\/","title":{"rendered":"SIGRE"},"content":{"rendered":"<div id=\"fb-root\"><\/div>\n<p>Se cumplen 20 a\u00f1os de la puesta en marcha del mayor proyecto colaborativo del sector farmac\u00e9utico. Para celebrar esta efem\u00e9ride, SIGRE va a organizar en Madrid, el pr\u00f3ximo 22 de noviembre, un acto conmemorativo en el que se dar\u00e1 voz a las personas y organizaciones que han contribuido al \u00e9xito de esta iniciativa medioambiental y sanitaria. Asimismo, se har\u00e1 balance del camino recorrido durante estas dos d\u00e9cadas y se analizar\u00e1n los principales retos de futuro.<\/p>\n<p>Este acto ser\u00e1 tambi\u00e9n el momento para la entrega de los III Premios Medicamento y Medio Ambiente, con los que SIGRE quiere reconocer p\u00fablicamente la labor medioambiental de las organizaciones del sector farmac\u00e9utico y el trabajo de difusi\u00f3n que los medios de comunicaci\u00f3n est\u00e1n realizando para difundir los valores medioambientales y sanitarios relacionados con el uso responsable del medicamento.<\/p>\n<p><a href=\"https:\/\/www.sigre.es\/boletin\/wp-content\/uploads\/2021\/10\/SIGRE_interior_76.jpg\"><img loading=\"lazy\" decoding=\"async\" class=\"aligncenter wp-image-6201\" src=\"https:\/\/www.sigre.es\/boletin\/wp-content\/uploads\/2021\/10\/SIGRE_interior_76-1024x683.jpg\" alt=\"\" width=\"400\" height=\"267\" srcset=\"https:\/\/www.sigre.es\/boletin\/wp-content\/uploads\/2021\/10\/SIGRE_interior_76-1024x683.jpg 1024w, https:\/\/www.sigre.es\/boletin\/wp-content\/uploads\/2021\/10\/SIGRE_interior_76-300x200.jpg 300w, https:\/\/www.sigre.es\/boletin\/wp-content\/uploads\/2021\/10\/SIGRE_interior_76-768x512.jpg 768w, https:\/\/www.sigre.es\/boletin\/wp-content\/uploads\/2021\/10\/SIGRE_interior_76.jpg 1290w\" sizes=\"auto, (max-width: 400px) 100vw, 400px\" \/><\/a><\/p>\n","protected":false},"excerpt":{"rendered":"<p>Se cumplen 20 a\u00f1os de la puesta en marcha del mayor proyecto colaborativo del sector farmac\u00e9utico. Para celebrar esta efem\u00e9ride, SIGRE va a organizar en Madrid, el pr\u00f3ximo 22 de noviembre, un acto conmemorativo en el que se dar\u00e1 voz a las personas y organizaciones que han contribuido al \u00e9xito de esta iniciativa medioambiental y [&hellip;]<\/p>\n","protected":false},"author":7,"featured_media":0,"parent":6176,"menu_order":277,"comment_status":"closed","ping_status":"closed","template":"sigre-entrevista.php","meta":{"footnotes":""},"class_list":["post-6200","page","type-page","status-publish","hentry"],"_links":{"self":[{"href":"https:\/\/www.sigre.es\/boletin\/wp-json\/wp\/v2\/pages\/6200","targetHints":{"allow":["GET"]}}],"collection":[{"href":"https:\/\/www.sigre.es\/boletin\/wp-json\/wp\/v2\/pages"}],"about":[{"href":"https:\/\/www.sigre.es\/boletin\/wp-json\/wp\/v2\/types\/page"}],"author":[{"embeddable":true,"href":"https:\/\/www.sigre.es\/boletin\/wp-json\/wp\/v2\/users\/7"}],"replies":[{"embeddable":true,"href":"https:\/\/www.sigre.es\/boletin\/wp-json\/wp\/v2\/comments?post=6200"}],"version-history":[{"count":0,"href":"https:\/\/www.sigre.es\/boletin\/wp-json\/wp\/v2\/pages\/6200\/revisions"}],"up":[{"embeddable":true,"href":"https:\/\/www.sigre.es\/boletin\/wp-json\/wp\/v2\/pages\/6176"}],"wp:attachment":[{"href":"https:\/\/www.sigre.es\/boletin\/wp-json\/wp\/v2\/media?parent=6200"}],"curies":[{"name":"wp","href":"https:\/\/api.w.org\/{rel}","templated":true}]}}