{"id":6196,"date":"2021-10-20T15:11:13","date_gmt":"2021-10-20T14:11:13","guid":{"rendered":"https:\/\/www.sigre.es\/boletin\/?page_id=6196"},"modified":"2021-10-21T14:25:11","modified_gmt":"2021-10-21T13:25:11","slug":"premios-sigre","status":"publish","type":"page","link":"https:\/\/www.sigre.es\/boletin\/sigre-informa-77\/premios-sigre\/","title":{"rendered":"PREMIOS SIGRE 2021"},"content":{"rendered":"<div id=\"fb-root\"><\/div>\n<p>El 15 de octubre finaliz\u00f3 el plazo de presentaci\u00f3n de candidaturas a los <a href=\"https:\/\/www.sigre.es\/premios#premio-periodismo\" target=\"_blank\" rel=\"noopener\">III Premios SIGRE de Periodismo<\/a> y a los <a href=\"https:\/\/www.sigre.es\/premios\" target=\"_blank\" rel=\"noopener\">III Premios Medicamento y Medio Ambiente<\/a>.<\/p>\n<p>Estos premios distinguir\u00e1n los trabajos period\u00edsticos que fomenten el reciclado de los residuos de medicamentos de origen dom\u00e9stico y elegir\u00e1n las ideas m\u00e1s innovadoras en ecodise\u00f1o, las mejores iniciativas medioambientales y las mejores acciones de comunicaci\u00f3n en materia de sostenibilidad realizadas por el sector farmac\u00e9utico en los \u00faltimos a\u00f1os.<\/p>\n<p>El 2 de noviembre tendr\u00e1 lugar el fallo del Jurado presidido por D\u00aa. Clara Arpa, presidenta de la Red Espa\u00f1ola del Pacto Mundial de Naciones Unidas, e integrado por D\u00aa. Pilar Aparicio, directora general de Salud P\u00fablica del Ministerio de Sanidad; D. Humberto Arn\u00e9s, presidente de SIGRE y director general de Farmaindustria; D. Jes\u00fas Aguilar, presidente del Consejo General de Colegios Oficiales de Farmac\u00e9uticos; D\u00aa. Matilde S\u00e1nchez, presidenta de la Federaci\u00f3n de Distribuidores Farmac\u00e9uticos (Fedifar); D. Gonzalo Echag\u00fce, presidente de la Fundaci\u00f3n Conama; D\u00aa. Carina Escobar, presidenta de la Plataforma de Organizaciones de Pacientes (POP); D\u00aa. Mar\u00eda Garc\u00eda de la Fuente, presidenta de la Asociaci\u00f3n de Periodistas de Informaci\u00f3n Ambiental (APIA); D. Arturo Larena, director de EFE Verde; y Juan Carlos Mampaso, director general de SIGRE, como secretario del Jurado.<\/p>\n<p>Muchas gracias a todos los profesionales y organizaciones que han presentado candidaturas a las diferentes categor\u00edas. Vuestras iniciativas dan muestra del compromiso del sector farmac\u00e9utico para cuidar la salud y respetar el medio ambiente.<\/p>\n<p>&nbsp;<\/p>\n<p><a href=\"https:\/\/www.sigre.es\/boletin\/wp-content\/uploads\/2021\/10\/SIGRE-premios-cabecera.jpg\"><img loading=\"lazy\" decoding=\"async\" class=\"aligncenter wp-image-6258 size-full\" src=\"https:\/\/www.sigre.es\/boletin\/wp-content\/uploads\/2021\/10\/SIGRE-premios-cabecera.jpg\" alt=\"\" width=\"1000\" height=\"436\" srcset=\"https:\/\/www.sigre.es\/boletin\/wp-content\/uploads\/2021\/10\/SIGRE-premios-cabecera.jpg 1000w, https:\/\/www.sigre.es\/boletin\/wp-content\/uploads\/2021\/10\/SIGRE-premios-cabecera-300x131.jpg 300w, https:\/\/www.sigre.es\/boletin\/wp-content\/uploads\/2021\/10\/SIGRE-premios-cabecera-768x335.jpg 768w\" sizes=\"auto, (max-width: 1000px) 100vw, 1000px\" \/><\/a><\/p>\n","protected":false},"excerpt":{"rendered":"<p>El 15 de octubre finaliz\u00f3 el plazo de presentaci\u00f3n de candidaturas a los III Premios SIGRE de Periodismo y a los III Premios Medicamento y Medio Ambiente. Estos premios distinguir\u00e1n los trabajos period\u00edsticos que fomenten el reciclado de los residuos de medicamentos de origen dom\u00e9stico y elegir\u00e1n las ideas m\u00e1s innovadoras en ecodise\u00f1o, las mejores [&hellip;]<\/p>\n","protected":false},"author":7,"featured_media":0,"parent":6176,"menu_order":276,"comment_status":"closed","ping_status":"closed","template":"sigre-entrevista.php","meta":{"footnotes":""},"class_list":["post-6196","page","type-page","status-publish","hentry"],"_links":{"self":[{"href":"https:\/\/www.sigre.es\/boletin\/wp-json\/wp\/v2\/pages\/6196","targetHints":{"allow":["GET"]}}],"collection":[{"href":"https:\/\/www.sigre.es\/boletin\/wp-json\/wp\/v2\/pages"}],"about":[{"href":"https:\/\/www.sigre.es\/boletin\/wp-json\/wp\/v2\/types\/page"}],"author":[{"embeddable":true,"href":"https:\/\/www.sigre.es\/boletin\/wp-json\/wp\/v2\/users\/7"}],"replies":[{"embeddable":true,"href":"https:\/\/www.sigre.es\/boletin\/wp-json\/wp\/v2\/comments?post=6196"}],"version-history":[{"count":0,"href":"https:\/\/www.sigre.es\/boletin\/wp-json\/wp\/v2\/pages\/6196\/revisions"}],"up":[{"embeddable":true,"href":"https:\/\/www.sigre.es\/boletin\/wp-json\/wp\/v2\/pages\/6176"}],"wp:attachment":[{"href":"https:\/\/www.sigre.es\/boletin\/wp-json\/wp\/v2\/media?parent=6196"}],"curies":[{"name":"wp","href":"https:\/\/api.w.org\/{rel}","templated":true}]}}