{"id":6192,"date":"2021-10-20T15:11:03","date_gmt":"2021-10-20T14:11:03","guid":{"rendered":"https:\/\/www.sigre.es\/boletin\/?page_id=6192"},"modified":"2021-10-21T10:31:38","modified_gmt":"2021-10-21T09:31:38","slug":"sigre-responde","status":"publish","type":"page","link":"https:\/\/www.sigre.es\/boletin\/sigre-informa-77\/sigre-responde\/","title":{"rendered":"SIGRE RESPONDE"},"content":{"rendered":"<div id=\"fb-root\"><\/div>\n<p>\u201c\u2026<em>Caminante, no hay camino, se hace camino al andar<\/em>\u201d.<\/p>\n<p>Se cumplen dos d\u00e9cadas de la puesta en funcionamiento de SIGRE y durante todo este tiempo las acciones de sensibilizaci\u00f3n ciudadana han sido nuestro principal objetivo. Solo podremos cerrar adecuadamente el ciclo de vida de los medicamentos si la sociedad es consciente de la importancia del reciclaje de los medicamentos para nuestra salud y el medioambiente.<\/p>\n<p>El ciudadano es una pieza clave del proceso del reciclado porque es el primer eslab\u00f3n de la cadena y sin su peque\u00f1o\/gran gesto de depositar los envases vac\u00edos o con restos de medicamentos en el Punto SIGRE, todo el sistema se detiene.<\/p>\n<p>Por eso, cuando iniciamos nuestra actividad lo hicimos con una idea clara: comunicar siempre con transparencia y claridad y bajo el firme compromiso con la difusi\u00f3n de informaci\u00f3n contrastada y confiable. Ahora, <em>al volver la vista atr\u00e1s, <\/em>nos complace comprobar que el reciclaje de los residuos de medicamentos se ha consolidado como una pr\u00e1ctica medioambiental muy extendida entre la sociedad espa\u00f1ola.<\/p>\n<p><a href=\"https:\/\/www.sigre.es\/boletin\/wp-content\/uploads\/2021\/10\/SIGRE_responde_77.jpg\"><img loading=\"lazy\" decoding=\"async\" class=\"aligncenter wp-image-6194\" src=\"https:\/\/www.sigre.es\/boletin\/wp-content\/uploads\/2021\/10\/SIGRE_responde_77-1024x471.jpg\" alt=\"\" width=\"800\" height=\"368\" srcset=\"https:\/\/www.sigre.es\/boletin\/wp-content\/uploads\/2021\/10\/SIGRE_responde_77-1024x471.jpg 1024w, https:\/\/www.sigre.es\/boletin\/wp-content\/uploads\/2021\/10\/SIGRE_responde_77-300x138.jpg 300w, https:\/\/www.sigre.es\/boletin\/wp-content\/uploads\/2021\/10\/SIGRE_responde_77-768x353.jpg 768w, https:\/\/www.sigre.es\/boletin\/wp-content\/uploads\/2021\/10\/SIGRE_responde_77.jpg 1200w\" sizes=\"auto, (max-width: 800px) 100vw, 800px\" \/><\/a><\/p>\n<p>&nbsp;<\/p>\n","protected":false},"excerpt":{"rendered":"<p>\u201c\u2026Caminante, no hay camino, se hace camino al andar\u201d. Se cumplen dos d\u00e9cadas de la puesta en funcionamiento de SIGRE y durante todo este tiempo las acciones de sensibilizaci\u00f3n ciudadana han sido nuestro principal objetivo. Solo podremos cerrar adecuadamente el ciclo de vida de los medicamentos si la sociedad es consciente de la importancia del [&hellip;]<\/p>\n","protected":false},"author":7,"featured_media":0,"parent":6176,"menu_order":275,"comment_status":"closed","ping_status":"closed","template":"sigre-responde.php","meta":{"footnotes":""},"class_list":["post-6192","page","type-page","status-publish","hentry"],"_links":{"self":[{"href":"https:\/\/www.sigre.es\/boletin\/wp-json\/wp\/v2\/pages\/6192","targetHints":{"allow":["GET"]}}],"collection":[{"href":"https:\/\/www.sigre.es\/boletin\/wp-json\/wp\/v2\/pages"}],"about":[{"href":"https:\/\/www.sigre.es\/boletin\/wp-json\/wp\/v2\/types\/page"}],"author":[{"embeddable":true,"href":"https:\/\/www.sigre.es\/boletin\/wp-json\/wp\/v2\/users\/7"}],"replies":[{"embeddable":true,"href":"https:\/\/www.sigre.es\/boletin\/wp-json\/wp\/v2\/comments?post=6192"}],"version-history":[{"count":0,"href":"https:\/\/www.sigre.es\/boletin\/wp-json\/wp\/v2\/pages\/6192\/revisions"}],"up":[{"embeddable":true,"href":"https:\/\/www.sigre.es\/boletin\/wp-json\/wp\/v2\/pages\/6176"}],"wp:attachment":[{"href":"https:\/\/www.sigre.es\/boletin\/wp-json\/wp\/v2\/media?parent=6192"}],"curies":[{"name":"wp","href":"https:\/\/api.w.org\/{rel}","templated":true}]}}