{"id":6184,"date":"2021-10-20T15:10:40","date_gmt":"2021-10-20T14:10:40","guid":{"rendered":"https:\/\/www.sigre.es\/boletin\/?page_id=6184"},"modified":"2021-10-21T10:30:51","modified_gmt":"2021-10-21T09:30:51","slug":"actualidad","status":"publish","type":"page","link":"https:\/\/www.sigre.es\/boletin\/sigre-informa-77\/actualidad\/","title":{"rendered":"ACTUALIDAD"},"content":{"rendered":"<div id=\"fb-root\"><\/div>\n<p>SIGRE ha publicado el <u><a href=\"https:\/\/www.sigre.es\/uploads\/files\/Resumen%20Ejecutivo_PEP-2021-2023.pdf\" target=\"_blank\" rel=\"noopener\">Resumen Ejecutivo<\/a><\/u> del Plan Empresarial de Prevenci\u00f3n (PEP) de envases del sector farmac\u00e9utico 2021-2023, en el que se recogen los principales objetivos de prevenci\u00f3n que se han establecido para este trienio y las l\u00edneas de actuaci\u00f3n que permitir\u00e1n alcanzarlos.<\/p>\n<p>En este PEP, el octavo que se publica desde la entrada en funcionamiento de SIGRE hace ahora 20 a\u00f1os, se fija un objetivo global de reducci\u00f3n del peso de los envases del 0,75% y se prev\u00e9 incrementar en un 5% el n\u00famero de iniciativas cualitativas.<\/p>\n<p>El Resumen Ejecutivo recoge los aspectos m\u00e1s importantes del PEP y sirve para poner en valor la labor que realiza la industria farmac\u00e9utica en materia de ecodise\u00f1o, resaltando el compromiso del sector con el modelo de econom\u00eda circular impulsado por la Uni\u00f3n Europea. Adem\u00e1s, se explica c\u00f3mo la aplicaci\u00f3n del ecodise\u00f1o en los envases farmac\u00e9uticos contribuye a la consecuci\u00f3n de 7 de los 17 Objetivos de Desarrollo Sostenible (ODS) de la Agenda 2030, para preservar el medioambiente y asegurar el futuro del planeta.<\/p>\n","protected":false},"excerpt":{"rendered":"<p>SIGRE ha publicado el Resumen Ejecutivo del Plan Empresarial de Prevenci\u00f3n (PEP) de envases del sector farmac\u00e9utico 2021-2023, en el que se recogen los principales objetivos de prevenci\u00f3n que se han establecido para este trienio y las l\u00edneas de actuaci\u00f3n que permitir\u00e1n alcanzarlos. En este PEP, el octavo que se publica desde la entrada en [&hellip;]<\/p>\n","protected":false},"author":7,"featured_media":0,"parent":6176,"menu_order":273,"comment_status":"closed","ping_status":"closed","template":"sigre-entrevista.php","meta":{"footnotes":""},"class_list":["post-6184","page","type-page","status-publish","hentry"],"_links":{"self":[{"href":"https:\/\/www.sigre.es\/boletin\/wp-json\/wp\/v2\/pages\/6184","targetHints":{"allow":["GET"]}}],"collection":[{"href":"https:\/\/www.sigre.es\/boletin\/wp-json\/wp\/v2\/pages"}],"about":[{"href":"https:\/\/www.sigre.es\/boletin\/wp-json\/wp\/v2\/types\/page"}],"author":[{"embeddable":true,"href":"https:\/\/www.sigre.es\/boletin\/wp-json\/wp\/v2\/users\/7"}],"replies":[{"embeddable":true,"href":"https:\/\/www.sigre.es\/boletin\/wp-json\/wp\/v2\/comments?post=6184"}],"version-history":[{"count":0,"href":"https:\/\/www.sigre.es\/boletin\/wp-json\/wp\/v2\/pages\/6184\/revisions"}],"up":[{"embeddable":true,"href":"https:\/\/www.sigre.es\/boletin\/wp-json\/wp\/v2\/pages\/6176"}],"wp:attachment":[{"href":"https:\/\/www.sigre.es\/boletin\/wp-json\/wp\/v2\/media?parent=6184"}],"curies":[{"name":"wp","href":"https:\/\/api.w.org\/{rel}","templated":true}]}}