{"id":6107,"date":"2021-07-15T16:05:29","date_gmt":"2021-07-15T15:05:29","guid":{"rendered":"https:\/\/www.sigre.es\/boletin\/?page_id=6107"},"modified":"2021-07-16T08:52:10","modified_gmt":"2021-07-16T07:52:10","slug":"sigre-responde","status":"publish","type":"page","link":"https:\/\/www.sigre.es\/boletin\/sigre-informa-76\/sigre-responde\/","title":{"rendered":"SIGRE RESPONDE"},"content":{"rendered":"<div id=\"fb-root\"><\/div>\n<p>Este a\u00f1o es un a\u00f1o especial para SIGRE. Un a\u00f1o en el que cumplimos 20 a\u00f1os desde que se implantaron los primeros Puntos SIGRE en Espa\u00f1a y en los que hemos estado afrontando retos para seguir mejorando en nuestra labor por el cuidado de la salud y del medio ambiente.<br \/>\nHace 20 a\u00f1os que la industria, la distribuci\u00f3n y las farmacias comenzaron lo que es hoy el mayor proyecto colaborativo del sector farmac\u00e9utico, creando una iniciativa pionera, social y medioambientalmente responsable. SIGRE fue dise\u00f1ado para garantizar la correcta gesti\u00f3n medioambiental de los residuos de medicamentos que se generan en los hogares y, desde entonces, podemos decir orgullosos que el reciclaje de medicamentos se ha consolidado entre los ciudadanos.<\/p>\n<p>Tanto es as\u00ed, que SIGRE ha situado a Espa\u00f1a como referente internacional en la gesti\u00f3n medioambiental de los residuos de medicamentos. Adem\u00e1s, se ha convertido en ejemplo por su modelo de funcionamiento gracias a la log\u00edstica inversa y las diversas innovaciones tecnol\u00f3gicas que ha ido aplicando en sus procesos.<\/p>\n<p>Durante su larga trayectoria, SIGRE ha puesto en valor todo el trabajo conjunto realizado por los laboratorios, las farmacias y los distribuidores para preservar nuestra salud y la de nuestro entorno, haciendo suyos los principios de la econom\u00eda circular. Ahora se nos plantean nuevos y apasionantes retos para el futuro con el fin de afianzar la colaboraci\u00f3n ciudadana, seguir avanzando en nuestra contribuci\u00f3n a los ODS y mejorando d\u00eda a d\u00eda en la gesti\u00f3n de estos residuos.<\/p>\n","protected":false},"excerpt":{"rendered":"<p>Este a\u00f1o es un a\u00f1o especial para SIGRE. Un a\u00f1o en el que cumplimos 20 a\u00f1os desde que se implantaron los primeros Puntos SIGRE en Espa\u00f1a y en los que hemos estado afrontando retos para seguir mejorando en nuestra labor por el cuidado de la salud y del medio ambiente. Hace 20 a\u00f1os que la [&hellip;]<\/p>\n","protected":false},"author":7,"featured_media":0,"parent":5944,"menu_order":275,"comment_status":"closed","ping_status":"closed","template":"sigre-responde.php","meta":{"footnotes":""},"class_list":["post-6107","page","type-page","status-publish","hentry"],"_links":{"self":[{"href":"https:\/\/www.sigre.es\/boletin\/wp-json\/wp\/v2\/pages\/6107","targetHints":{"allow":["GET"]}}],"collection":[{"href":"https:\/\/www.sigre.es\/boletin\/wp-json\/wp\/v2\/pages"}],"about":[{"href":"https:\/\/www.sigre.es\/boletin\/wp-json\/wp\/v2\/types\/page"}],"author":[{"embeddable":true,"href":"https:\/\/www.sigre.es\/boletin\/wp-json\/wp\/v2\/users\/7"}],"replies":[{"embeddable":true,"href":"https:\/\/www.sigre.es\/boletin\/wp-json\/wp\/v2\/comments?post=6107"}],"version-history":[{"count":0,"href":"https:\/\/www.sigre.es\/boletin\/wp-json\/wp\/v2\/pages\/6107\/revisions"}],"up":[{"embeddable":true,"href":"https:\/\/www.sigre.es\/boletin\/wp-json\/wp\/v2\/pages\/5944"}],"wp:attachment":[{"href":"https:\/\/www.sigre.es\/boletin\/wp-json\/wp\/v2\/media?parent=6107"}],"curies":[{"name":"wp","href":"https:\/\/api.w.org\/{rel}","templated":true}]}}