{"id":6078,"date":"2021-07-14T07:57:48","date_gmt":"2021-07-14T06:57:48","guid":{"rendered":"https:\/\/www.sigre.es\/boletin\/?page_id=6078"},"modified":"2021-07-15T16:16:03","modified_gmt":"2021-07-15T15:16:03","slug":"editorial","status":"publish","type":"page","link":"https:\/\/www.sigre.es\/boletin\/sigre-informa-76\/editorial\/","title":{"rendered":"EDITORIAL"},"content":{"rendered":"<div id=\"fb-root\"><\/div>\n<p>Colaboraci\u00f3n y concienciaci\u00f3n han sido los ejes que han articulado el \u00e9xito de los 20 a\u00f1os de SIGRE, el sistema de gesti\u00f3n de residuos de medicamentos y sus envases que ha supuesto un hito en el sector farmac\u00e9utico y cuyos resultados lo han convertido en referente internacional.<\/p>\n<p>El compromiso de laboratorios farmac\u00e9uticos, distribuci\u00f3n y farmacias con la salud y el medioambiente se ha traducido hoy en un gran proyecto colaborativo en el que tambi\u00e9n participan activamente las autoridades y la sociedad.<\/p>\n<p>Nuestros primeros 20 a\u00f1os de actividad han dado para mucho. El esfuerzo conjunto ha logrado evitar la tala de m\u00e1s de 165.000 \u00e1rboles (equivalente a diez parques de El Retiro), ahorrar m\u00e1s de 300 millones de litros de agua y m\u00e1s de 350 millones de KwH, que supone el consumo energ\u00e9tico anual de una ciudad como C\u00e1diz.<\/p>\n<p>Es un orgullo echar la vista atr\u00e1s y ver que el camino que hemos recorrido a trav\u00e9s de SIGRE ha servido para poner en valor la cercan\u00eda de nuestro sector con la sociedad y para que la recogida selectiva de medicamentos se haya convertido en un h\u00e1bito; hoy, el 90% de los hogares espa\u00f1oles est\u00e1 concienciado y acude regularmente al Punto SIGRE de la farmacia.<\/p>\n<p>El sector farmac\u00e9utico se ha unido en torno a SIGRE, una alianza que apuesta por la salud de las personas y por el cuidado del medio ambiente, siendo un ejemplo claro del ODS 17 \u201cAlianzas para lograr los objetivos\u201d. \u00a020 a\u00f1os despu\u00e9s, la cohesi\u00f3n y el compromiso del sector farmac\u00e9utico contin\u00faan inquebrantables, fomentando adem\u00e1s la consecuci\u00f3n de todos aquellos ODS relacionados con el medio ambiente, la salud p\u00fablica y el bienestar, la acci\u00f3n por el clima y la producci\u00f3n y el consumo sostenible.<\/p>\n<p>Hoy, en el ciclo de vida del medicamento, desde el ecodise\u00f1o de envases a la gesti\u00f3n final de sus residuos intervienen a trav\u00e9s de SIGRE un total de 340 laboratorios, 22.000 farmacias, 143 almacenes de distribuci\u00f3n repartidos por todo el territorio nacional y la pr\u00e1ctica totalidad de los hogares espa\u00f1oles.<\/p>\n<p>Gracias a todos por colaborar y concienciar a trav\u00e9s de SIGRE en la necesidad de proteger el binomio cada vez m\u00e1s inseparable de la salud y del medioambiente.<\/p>\n","protected":false},"excerpt":{"rendered":"<p>Colaboraci\u00f3n y concienciaci\u00f3n han sido los ejes que han articulado el \u00e9xito de los 20 a\u00f1os de SIGRE, el sistema de gesti\u00f3n de residuos de medicamentos y sus envases que ha supuesto un hito en el sector farmac\u00e9utico y cuyos resultados lo han convertido en referente internacional. El compromiso de laboratorios farmac\u00e9uticos, distribuci\u00f3n y farmacias [&hellip;]<\/p>\n","protected":false},"author":7,"featured_media":0,"parent":5944,"menu_order":274,"comment_status":"closed","ping_status":"closed","template":"sigre-entrevista.php","meta":{"footnotes":""},"class_list":["post-6078","page","type-page","status-publish","hentry"],"_links":{"self":[{"href":"https:\/\/www.sigre.es\/boletin\/wp-json\/wp\/v2\/pages\/6078","targetHints":{"allow":["GET"]}}],"collection":[{"href":"https:\/\/www.sigre.es\/boletin\/wp-json\/wp\/v2\/pages"}],"about":[{"href":"https:\/\/www.sigre.es\/boletin\/wp-json\/wp\/v2\/types\/page"}],"author":[{"embeddable":true,"href":"https:\/\/www.sigre.es\/boletin\/wp-json\/wp\/v2\/users\/7"}],"replies":[{"embeddable":true,"href":"https:\/\/www.sigre.es\/boletin\/wp-json\/wp\/v2\/comments?post=6078"}],"version-history":[{"count":0,"href":"https:\/\/www.sigre.es\/boletin\/wp-json\/wp\/v2\/pages\/6078\/revisions"}],"up":[{"embeddable":true,"href":"https:\/\/www.sigre.es\/boletin\/wp-json\/wp\/v2\/pages\/5944"}],"wp:attachment":[{"href":"https:\/\/www.sigre.es\/boletin\/wp-json\/wp\/v2\/media?parent=6078"}],"curies":[{"name":"wp","href":"https:\/\/api.w.org\/{rel}","templated":true}]}}