{"id":5995,"date":"2021-07-07T18:11:23","date_gmt":"2021-07-07T17:11:23","guid":{"rendered":"https:\/\/www.sigre.es\/boletin\/?page_id=5995"},"modified":"2021-07-15T10:27:21","modified_gmt":"2021-07-15T09:27:21","slug":"sensibilizacion-2","status":"publish","type":"page","link":"https:\/\/www.sigre.es\/boletin\/sigre-informa-76\/sensibilizacion-2\/","title":{"rendered":"\u00daLTIMA HORA"},"content":{"rendered":"<div id=\"fb-root\"><\/div>\n<p>Tras formar parte del Consejo Asesor de la <a href=\"https:\/\/packnet.es\/\" target=\"_blank\" rel=\"noopener\"><strong>Plataforma Tecnol\u00f3gica Espa\u00f1ola de Envase y Embalaje (PACKNET<\/strong><strong>)<\/strong><\/a> desde su creaci\u00f3n, ayudando a coordinar y establecer sus l\u00edneas de actuaci\u00f3n, el director general de SIGRE, <strong>Juan Carlos Mampaso<\/strong>, ha sido nombrado <strong>nuevo presidente de PACKNET<\/strong>.<\/p>\n<p>Un cargo que ha aceptado con gran ilusi\u00f3n y agradecimiento por la confianza depositada por parte de los asociados y que emprende con la voluntad de consolidar la Plataforma como referencia y punto de uni\u00f3n tecnol\u00f3gico de todos los agentes que conforman el importante sector del <em>packaging<\/em>.<\/p>\n<p><strong>PACKNET<\/strong> es una red de cooperaci\u00f3n cient\u00edfica y tecnol\u00f3gica entre los diferentes agentes relacionados con la cadena del envase y del embalaje. Su objetivo es dar una respuesta estrat\u00e9gica conjunta a los retos que la sociedad plantea al sector, mediante el intercambio de conocimientos, la cooperaci\u00f3n internacional y el impulso de la I+D+i.<\/p>\n<p><a href=\"https:\/\/www.sigre.es\/boletin\/wp-content\/uploads\/2021\/07\/UH_interior_76.jpg\"><img loading=\"lazy\" decoding=\"async\" class=\"aligncenter wp-image-5997\" src=\"https:\/\/www.sigre.es\/boletin\/wp-content\/uploads\/2021\/07\/UH_interior_76-1024x567.jpg\" alt=\"\" width=\"400\" height=\"221\" srcset=\"https:\/\/www.sigre.es\/boletin\/wp-content\/uploads\/2021\/07\/UH_interior_76-1024x567.jpg 1024w, https:\/\/www.sigre.es\/boletin\/wp-content\/uploads\/2021\/07\/UH_interior_76-300x166.jpg 300w, https:\/\/www.sigre.es\/boletin\/wp-content\/uploads\/2021\/07\/UH_interior_76-768x425.jpg 768w, https:\/\/www.sigre.es\/boletin\/wp-content\/uploads\/2021\/07\/UH_interior_76.jpg 1290w\" sizes=\"auto, (max-width: 400px) 100vw, 400px\" \/><\/a><\/p>\n","protected":false},"excerpt":{"rendered":"<p>Tras formar parte del Consejo Asesor de la Plataforma Tecnol\u00f3gica Espa\u00f1ola de Envase y Embalaje (PACKNET) desde su creaci\u00f3n, ayudando a coordinar y establecer sus l\u00edneas de actuaci\u00f3n, el director general de SIGRE, Juan Carlos Mampaso, ha sido nombrado nuevo presidente de PACKNET. Un cargo que ha aceptado con gran ilusi\u00f3n y agradecimiento por la [&hellip;]<\/p>\n","protected":false},"author":7,"featured_media":0,"parent":5944,"menu_order":283,"comment_status":"closed","ping_status":"closed","template":"sigre-entrevista.php","meta":{"footnotes":""},"class_list":["post-5995","page","type-page","status-publish","hentry"],"_links":{"self":[{"href":"https:\/\/www.sigre.es\/boletin\/wp-json\/wp\/v2\/pages\/5995","targetHints":{"allow":["GET"]}}],"collection":[{"href":"https:\/\/www.sigre.es\/boletin\/wp-json\/wp\/v2\/pages"}],"about":[{"href":"https:\/\/www.sigre.es\/boletin\/wp-json\/wp\/v2\/types\/page"}],"author":[{"embeddable":true,"href":"https:\/\/www.sigre.es\/boletin\/wp-json\/wp\/v2\/users\/7"}],"replies":[{"embeddable":true,"href":"https:\/\/www.sigre.es\/boletin\/wp-json\/wp\/v2\/comments?post=5995"}],"version-history":[{"count":0,"href":"https:\/\/www.sigre.es\/boletin\/wp-json\/wp\/v2\/pages\/5995\/revisions"}],"up":[{"embeddable":true,"href":"https:\/\/www.sigre.es\/boletin\/wp-json\/wp\/v2\/pages\/5944"}],"wp:attachment":[{"href":"https:\/\/www.sigre.es\/boletin\/wp-json\/wp\/v2\/media?parent=5995"}],"curies":[{"name":"wp","href":"https:\/\/api.w.org\/{rel}","templated":true}]}}