{"id":5993,"date":"2021-07-07T18:06:17","date_gmt":"2021-07-07T17:06:17","guid":{"rendered":"https:\/\/www.sigre.es\/boletin\/?page_id=5993"},"modified":"2021-07-15T16:17:53","modified_gmt":"2021-07-15T15:17:53","slug":"actualidad2","status":"publish","type":"page","link":"https:\/\/www.sigre.es\/boletin\/sigre-informa-76\/actualidad2\/","title":{"rendered":"ACTUALIDAD"},"content":{"rendered":"<div id=\"fb-root\"><\/div>\n<p>En un contexto como el actual, donde se ha incrementado la desinformaci\u00f3n ambiental, las <em>fake news<\/em> y el <em>greenwashing,<\/em> el compromiso de SIGRE con la difusi\u00f3n de informaci\u00f3n contrastada y confiable es m\u00e1s importante que nunca.<\/p>\n<p>Con este prop\u00f3sito, SIGRE ha publicado su <a href=\"https:\/\/www.sigre.es\/sostenibilidad#responsabilidad-social\" target=\"_blank\" rel=\"noopener\"><strong>decimosegunda Memoria de Sostenibilidad<\/strong><\/a> bajo los est\u00e1ndares de la <em>Global Reporting Initiative<\/em> (GRI), la metodolog\u00eda de reporte que goza de mayor credibilidad a nivel internacional.<\/p>\n<p>A trav\u00e9s de este documento, la entidad <strong>reafirma su compromiso con el Pacto Mundial y con los Objetivos de Desarrollo Sostenible de Naciones Unidas<\/strong>, que constituyen el marco para seguir contribuyendo a la construcci\u00f3n de una econom\u00eda m\u00e1s productiva, proteger el planeta y mejorar las vidas y las perspectivas de las personas en todo el mundo.<\/p>\n<p>En esta Memoria se presentan en detalle gran n\u00famero de actuaciones e iniciativas desarrolladas por SIGRE en 2020 bajo el prisma de la cooperaci\u00f3n y la transparencia, valores fundamentales que rigen la actividad de la organizaci\u00f3n y que reflejan su contribuci\u00f3n a una sociedad m\u00e1s sostenible.<\/p>\n<p>Asimismo, el informe hace referencia a la \u201cDeclaraci\u00f3n a favor de una cooperaci\u00f3n mundial renovada del Pacto Mundial\u201d, que SIGRE suscribi\u00f3 el pasado a\u00f1o. El <strong>multilateralismo inclusivo que busca esta Declaraci\u00f3n es un s\u00edmbolo distintivo de SIGRE, <\/strong>que con el transcurso de los a\u00f1os se ha convertido en el <strong>mayor proyecto colaborativo emprendido por el sector farmac\u00e9utico en Espa\u00f1a<\/strong> y que lo ha situado como un modelo de referencia nacional e internacional.<\/p>\n<p><a href=\"https:\/\/www.sigre.es\/boletin\/wp-content\/uploads\/2021\/07\/actualidad-2_interior_76.jpg\"><img loading=\"lazy\" decoding=\"async\" class=\"aligncenter wp-image-5971\" src=\"https:\/\/www.sigre.es\/boletin\/wp-content\/uploads\/2021\/07\/actualidad-2_interior_76-1024x760.jpg\" alt=\"\" width=\"400\" height=\"297\" srcset=\"https:\/\/www.sigre.es\/boletin\/wp-content\/uploads\/2021\/07\/actualidad-2_interior_76-1024x760.jpg 1024w, https:\/\/www.sigre.es\/boletin\/wp-content\/uploads\/2021\/07\/actualidad-2_interior_76-300x223.jpg 300w, https:\/\/www.sigre.es\/boletin\/wp-content\/uploads\/2021\/07\/actualidad-2_interior_76-768x570.jpg 768w, https:\/\/www.sigre.es\/boletin\/wp-content\/uploads\/2021\/07\/actualidad-2_interior_76.jpg 1290w\" sizes=\"auto, (max-width: 400px) 100vw, 400px\" \/><\/a><\/p>\n","protected":false},"excerpt":{"rendered":"<p>En un contexto como el actual, donde se ha incrementado la desinformaci\u00f3n ambiental, las fake news y el greenwashing, el compromiso de SIGRE con la difusi\u00f3n de informaci\u00f3n contrastada y confiable es m\u00e1s importante que nunca. Con este prop\u00f3sito, SIGRE ha publicado su decimosegunda Memoria de Sostenibilidad bajo los est\u00e1ndares de la Global Reporting Initiative [&hellip;]<\/p>\n","protected":false},"author":7,"featured_media":0,"parent":5944,"menu_order":279,"comment_status":"closed","ping_status":"closed","template":"sigre-entrevista.php","meta":{"footnotes":""},"class_list":["post-5993","page","type-page","status-publish","hentry"],"_links":{"self":[{"href":"https:\/\/www.sigre.es\/boletin\/wp-json\/wp\/v2\/pages\/5993","targetHints":{"allow":["GET"]}}],"collection":[{"href":"https:\/\/www.sigre.es\/boletin\/wp-json\/wp\/v2\/pages"}],"about":[{"href":"https:\/\/www.sigre.es\/boletin\/wp-json\/wp\/v2\/types\/page"}],"author":[{"embeddable":true,"href":"https:\/\/www.sigre.es\/boletin\/wp-json\/wp\/v2\/users\/7"}],"replies":[{"embeddable":true,"href":"https:\/\/www.sigre.es\/boletin\/wp-json\/wp\/v2\/comments?post=5993"}],"version-history":[{"count":0,"href":"https:\/\/www.sigre.es\/boletin\/wp-json\/wp\/v2\/pages\/5993\/revisions"}],"up":[{"embeddable":true,"href":"https:\/\/www.sigre.es\/boletin\/wp-json\/wp\/v2\/pages\/5944"}],"wp:attachment":[{"href":"https:\/\/www.sigre.es\/boletin\/wp-json\/wp\/v2\/media?parent=5993"}],"curies":[{"name":"wp","href":"https:\/\/api.w.org\/{rel}","templated":true}]}}