{"id":5988,"date":"2021-07-07T17:59:34","date_gmt":"2021-07-07T16:59:34","guid":{"rendered":"https:\/\/www.sigre.es\/boletin\/?page_id=5988"},"modified":"2021-07-14T11:25:27","modified_gmt":"2021-07-14T10:25:27","slug":"sensibilizacion","status":"publish","type":"page","link":"https:\/\/www.sigre.es\/boletin\/sigre-informa-76\/sensibilizacion\/","title":{"rendered":"SENSIBILIZACI\u00d3N"},"content":{"rendered":"<div id=\"fb-root\"><\/div>\n<p>Un a\u00f1o m\u00e1s, SIGRE ha querido mostrar su apoyo a dos de las citas medioambientales m\u00e1s importantes del calendario: el <strong>D\u00eda Mundial del Reciclaje<\/strong> y el <strong>D\u00eda Mundial del Medio Ambiente<\/strong>.<\/p>\n<p>Por un lado, como cada 17 de mayo, SIGRE se ha participado en la difusi\u00f3n del <a href=\"https:\/\/www.blogsigre.es\/2021\/05\/17\/yo-sigreciclo-y-tu\/\" target=\"_blank\" rel=\"noopener\"><strong>D\u00eda Mundial del Reciclaje<\/strong><\/a>, una llamada a todo el planeta con la que se pretende concienciar sobre la importancia de que aprendamos a gestionar adecuadamente los residuos que generamos, y tambi\u00e9n que los reduzcamos al m\u00e1ximo para minimizar nuestra huella de carbono.<\/p>\n<p>Como ha quedado patente por la pandemia, el medio ambiente y la salud est\u00e1n estrechamente interconectados, por lo que para cuidar de nuestra salud todos debemos proteger al planeta adoptando pr\u00e1cticas saludables y sostenibles. Por ello, SIGRE ha querido agradecer a toda la sociedad su colaboraci\u00f3n para conseguir un planeta saludable practicando el <a href=\"https:\/\/twitter.com\/search?q=%23YoSIGREciclo&amp;src=typed_query\" target=\"_blank\" rel=\"noopener\"><strong>#YoSIGREciclo<\/strong><\/a> y depositando en el Punto SIGRE de la farmacia los envases vac\u00edos o con restos de medicamentos.<\/p>\n<p><a href=\"https:\/\/www.sigre.es\/boletin\/wp-content\/uploads\/2021\/07\/sensi_interior_76.jpg\"><img loading=\"lazy\" decoding=\"async\" class=\"aligncenter wp-image-5989\" src=\"https:\/\/www.sigre.es\/boletin\/wp-content\/uploads\/2021\/07\/sensi_interior_76-1024x567.jpg\" alt=\"\" width=\"400\" height=\"221\" srcset=\"https:\/\/www.sigre.es\/boletin\/wp-content\/uploads\/2021\/07\/sensi_interior_76-1024x567.jpg 1024w, https:\/\/www.sigre.es\/boletin\/wp-content\/uploads\/2021\/07\/sensi_interior_76-300x166.jpg 300w, https:\/\/www.sigre.es\/boletin\/wp-content\/uploads\/2021\/07\/sensi_interior_76-768x425.jpg 768w, https:\/\/www.sigre.es\/boletin\/wp-content\/uploads\/2021\/07\/sensi_interior_76.jpg 1290w\" sizes=\"auto, (max-width: 400px) 100vw, 400px\" \/><\/a><\/p>\n<p>Por otro lado, con motivo de la celebraci\u00f3n del <strong>D\u00eda Mundial del Medio Ambiente<\/strong>, el pasado 4 de junio SIGRE particip\u00f3, junto a su gestor Biotran, en un acto conmemorativo organizado por el Ayuntamiento de Tudela de Duero, municipio vallisoletano en el que se encuentra ubicada la Planta de Clasificaci\u00f3n de Envases y Residuos de Medicamentos.<\/p>\n<p>En dicho acto se inaugur\u00f3 una nueva zona verde situada en el Parque del Auditorio y se organiz\u00f3 una funci\u00f3n de teatro dirigida a los m\u00e1s peque\u00f1os para concienciarles de la importancia del reciclaje y del cuidado de nuestro entorno.<\/p>\n<p><a href=\"https:\/\/www.sigre.es\/boletin\/wp-content\/uploads\/2021\/07\/sensi_interior_76-2.jpg\"><img loading=\"lazy\" decoding=\"async\" class=\"aligncenter wp-image-5990\" src=\"https:\/\/www.sigre.es\/boletin\/wp-content\/uploads\/2021\/07\/sensi_interior_76-2-1024x698.jpg\" alt=\"\" width=\"400\" height=\"273\" srcset=\"https:\/\/www.sigre.es\/boletin\/wp-content\/uploads\/2021\/07\/sensi_interior_76-2-1024x698.jpg 1024w, https:\/\/www.sigre.es\/boletin\/wp-content\/uploads\/2021\/07\/sensi_interior_76-2-300x204.jpg 300w, https:\/\/www.sigre.es\/boletin\/wp-content\/uploads\/2021\/07\/sensi_interior_76-2-768x523.jpg 768w, https:\/\/www.sigre.es\/boletin\/wp-content\/uploads\/2021\/07\/sensi_interior_76-2.jpg 1290w\" sizes=\"auto, (max-width: 400px) 100vw, 400px\" \/><\/a><\/p>\n","protected":false},"excerpt":{"rendered":"<p>Un a\u00f1o m\u00e1s, SIGRE ha querido mostrar su apoyo a dos de las citas medioambientales m\u00e1s importantes del calendario: el D\u00eda Mundial del Reciclaje y el D\u00eda Mundial del Medio Ambiente. Por un lado, como cada 17 de mayo, SIGRE se ha participado en la difusi\u00f3n del D\u00eda Mundial del Reciclaje, una llamada a todo [&hellip;]<\/p>\n","protected":false},"author":7,"featured_media":0,"parent":5944,"menu_order":282,"comment_status":"closed","ping_status":"closed","template":"sigre-entrevista.php","meta":{"footnotes":""},"class_list":["post-5988","page","type-page","status-publish","hentry"],"_links":{"self":[{"href":"https:\/\/www.sigre.es\/boletin\/wp-json\/wp\/v2\/pages\/5988","targetHints":{"allow":["GET"]}}],"collection":[{"href":"https:\/\/www.sigre.es\/boletin\/wp-json\/wp\/v2\/pages"}],"about":[{"href":"https:\/\/www.sigre.es\/boletin\/wp-json\/wp\/v2\/types\/page"}],"author":[{"embeddable":true,"href":"https:\/\/www.sigre.es\/boletin\/wp-json\/wp\/v2\/users\/7"}],"replies":[{"embeddable":true,"href":"https:\/\/www.sigre.es\/boletin\/wp-json\/wp\/v2\/comments?post=5988"}],"version-history":[{"count":0,"href":"https:\/\/www.sigre.es\/boletin\/wp-json\/wp\/v2\/pages\/5988\/revisions"}],"up":[{"embeddable":true,"href":"https:\/\/www.sigre.es\/boletin\/wp-json\/wp\/v2\/pages\/5944"}],"wp:attachment":[{"href":"https:\/\/www.sigre.es\/boletin\/wp-json\/wp\/v2\/media?parent=5988"}],"curies":[{"name":"wp","href":"https:\/\/api.w.org\/{rel}","templated":true}]}}