{"id":5984,"date":"2021-07-07T17:52:39","date_gmt":"2021-07-07T16:52:39","guid":{"rendered":"https:\/\/www.sigre.es\/boletin\/?page_id=5984"},"modified":"2021-07-14T11:25:16","modified_gmt":"2021-07-14T10:25:16","slug":"foros-congresos-2","status":"publish","type":"page","link":"https:\/\/www.sigre.es\/boletin\/sigre-informa-76\/foros-congresos-2\/","title":{"rendered":"CONGRESOS Y JORNADAS"},"content":{"rendered":"<div id=\"fb-root\"><\/div>\n<p>De cara al XIV Congreso de Periodismo Ambiental, <strong>SIGRE y la Asociaci\u00f3n de Periodistas de Informaci\u00f3n Ambiental (APIA) han firmado un convenio de colaboraci\u00f3n<\/strong> para impulsar la comunicaci\u00f3n ambiental en nuestro pa\u00eds y promover la divulgaci\u00f3n de los retos actuales que debemos afrontar para avanzar hacia una econom\u00eda circular y sostenible.<\/p>\n<p>Centrado en la \u201cComunicaci\u00f3n Ambiental: una cuesti\u00f3n de salud global\u201d, APIA celebrar\u00e1 la decimocuarta edici\u00f3n de este prestigioso encuentro los pr\u00f3ximos 22 y 23 de noviembre.<\/p>\n<p>Adem\u00e1s, con el objetivo de seguir fomentando la especializaci\u00f3n de periodistas en el \u00e1rea ambiental, <strong>SIGRE ha renovado el acuerdo con APIA y La Vanguardia para el desarrollo de una beca<\/strong> que permitir\u00e1 la realizaci\u00f3n de unas pr\u00e1cticas en la secci\u00f3n de medio ambiente de este diario durante tres meses.<\/p>\n<p><a href=\"https:\/\/www.sigre.es\/boletin\/wp-content\/uploads\/2021\/07\/FYC_interior_76-2.jpg\"><img loading=\"lazy\" decoding=\"async\" class=\"aligncenter wp-image-5985\" src=\"https:\/\/www.sigre.es\/boletin\/wp-content\/uploads\/2021\/07\/FYC_interior_76-2-1024x698.jpg\" alt=\"\" width=\"400\" height=\"273\" srcset=\"https:\/\/www.sigre.es\/boletin\/wp-content\/uploads\/2021\/07\/FYC_interior_76-2-1024x698.jpg 1024w, https:\/\/www.sigre.es\/boletin\/wp-content\/uploads\/2021\/07\/FYC_interior_76-2-300x204.jpg 300w, https:\/\/www.sigre.es\/boletin\/wp-content\/uploads\/2021\/07\/FYC_interior_76-2-768x523.jpg 768w, https:\/\/www.sigre.es\/boletin\/wp-content\/uploads\/2021\/07\/FYC_interior_76-2.jpg 1290w\" sizes=\"auto, (max-width: 400px) 100vw, 400px\" \/><\/a><\/p>\n","protected":false},"excerpt":{"rendered":"<p>De cara al XIV Congreso de Periodismo Ambiental, SIGRE y la Asociaci\u00f3n de Periodistas de Informaci\u00f3n Ambiental (APIA) han firmado un convenio de colaboraci\u00f3n para impulsar la comunicaci\u00f3n ambiental en nuestro pa\u00eds y promover la divulgaci\u00f3n de los retos actuales que debemos afrontar para avanzar hacia una econom\u00eda circular y sostenible. Centrado en la \u201cComunicaci\u00f3n [&hellip;]<\/p>\n","protected":false},"author":7,"featured_media":0,"parent":5944,"menu_order":281,"comment_status":"closed","ping_status":"closed","template":"sigre-entrevista.php","meta":{"footnotes":""},"class_list":["post-5984","page","type-page","status-publish","hentry"],"_links":{"self":[{"href":"https:\/\/www.sigre.es\/boletin\/wp-json\/wp\/v2\/pages\/5984","targetHints":{"allow":["GET"]}}],"collection":[{"href":"https:\/\/www.sigre.es\/boletin\/wp-json\/wp\/v2\/pages"}],"about":[{"href":"https:\/\/www.sigre.es\/boletin\/wp-json\/wp\/v2\/types\/page"}],"author":[{"embeddable":true,"href":"https:\/\/www.sigre.es\/boletin\/wp-json\/wp\/v2\/users\/7"}],"replies":[{"embeddable":true,"href":"https:\/\/www.sigre.es\/boletin\/wp-json\/wp\/v2\/comments?post=5984"}],"version-history":[{"count":0,"href":"https:\/\/www.sigre.es\/boletin\/wp-json\/wp\/v2\/pages\/5984\/revisions"}],"up":[{"embeddable":true,"href":"https:\/\/www.sigre.es\/boletin\/wp-json\/wp\/v2\/pages\/5944"}],"wp:attachment":[{"href":"https:\/\/www.sigre.es\/boletin\/wp-json\/wp\/v2\/media?parent=5984"}],"curies":[{"name":"wp","href":"https:\/\/api.w.org\/{rel}","templated":true}]}}