{"id":5980,"date":"2021-07-07T17:47:12","date_gmt":"2021-07-07T16:47:12","guid":{"rendered":"https:\/\/www.sigre.es\/boletin\/?page_id=5980"},"modified":"2021-07-14T11:24:38","modified_gmt":"2021-07-14T10:24:38","slug":"pep-2021-23-2-2","status":"publish","type":"page","link":"https:\/\/www.sigre.es\/boletin\/sigre-informa-76\/pep-2021-23-2-2\/","title":{"rendered":"CONGRESOS Y JORNADAS"},"content":{"rendered":"<div id=\"fb-root\"><\/div>\n<p>El Consejo General de Colegios Oficiales de Farmac\u00e9uticos (CGCOF), a trav\u00e9s de la vocal\u00eda nacional de Nacional de Distribuci\u00f3n, organiz\u00f3 en abril la <strong>V Jornada Profesional de Distribuci\u00f3n Farmac\u00e9utica<\/strong> bajo el lema \u201cLa sostenibilidad en la Distribuci\u00f3n Farmac\u00e9utica\u201d.<\/p>\n<p>Durante esta jornada, que cont\u00f3 con cuatro ponencias y una mesa redonda, se abordaron algunas de las acciones desarrolladas por la distribuci\u00f3n para lograr una reducci\u00f3n en el consumo de recursos, avanzar en el uso de energ\u00edas renovables y limitar la generaci\u00f3n de residuos y emisiones.<\/p>\n<p>SIGRE, a trav\u00e9s de su director general Juan Carlos Mampaso, particip\u00f3 en la mesa redonda \u201cSostenibilidad de medicamentos y productos sanitarios\u201d, en la que puso de manifiesto que <em>\u201cel binomio salud y medioambiente son dos caras de la misma moneda\u201d<\/em>. Igualmente, se destac\u00f3 que la <em>\u201cdistribuci\u00f3n y SIGRE mantienen una relaci\u00f3n estrat\u00e9gica para el cuidado de las personas y la naturaleza\u201d<\/em>.<\/p>\n<p>Por otra parte, Miguel Vald\u00e9s, director general de la Federaci\u00f3n de Distribuidores Farmac\u00e9uticos (FEDIFAR), insisti\u00f3 en los beneficios de esta colaboraci\u00f3n, recalcando que <em>\u201ca trav\u00e9s del sistema de log\u00edstica inversa que se utiliza en el sistema SIGRE, la red de m\u00e1s de 22.000 farmacias, en colaboraci\u00f3n con los 142 almacenes de distribuci\u00f3n y la industria, han conseguido evitar la emisi\u00f3n de 1.400 toneladas anuales de CO<sub>2<\/sub> a la atm\u00f3sfera\u201d<\/em>.<\/p>\n<p><a href=\"https:\/\/www.sigre.es\/boletin\/wp-content\/uploads\/2021\/07\/FYC_interior_76.jpg\"><img loading=\"lazy\" decoding=\"async\" class=\"aligncenter wp-image-5981\" src=\"https:\/\/www.sigre.es\/boletin\/wp-content\/uploads\/2021\/07\/FYC_interior_76-1024x584.jpg\" alt=\"\" width=\"400\" height=\"228\" srcset=\"https:\/\/www.sigre.es\/boletin\/wp-content\/uploads\/2021\/07\/FYC_interior_76-1024x584.jpg 1024w, https:\/\/www.sigre.es\/boletin\/wp-content\/uploads\/2021\/07\/FYC_interior_76-300x171.jpg 300w, https:\/\/www.sigre.es\/boletin\/wp-content\/uploads\/2021\/07\/FYC_interior_76-768x438.jpg 768w, https:\/\/www.sigre.es\/boletin\/wp-content\/uploads\/2021\/07\/FYC_interior_76.jpg 1290w\" sizes=\"auto, (max-width: 400px) 100vw, 400px\" \/><\/a><\/p>\n","protected":false},"excerpt":{"rendered":"<p>El Consejo General de Colegios Oficiales de Farmac\u00e9uticos (CGCOF), a trav\u00e9s de la vocal\u00eda nacional de Nacional de Distribuci\u00f3n, organiz\u00f3 en abril la V Jornada Profesional de Distribuci\u00f3n Farmac\u00e9utica bajo el lema \u201cLa sostenibilidad en la Distribuci\u00f3n Farmac\u00e9utica\u201d. Durante esta jornada, que cont\u00f3 con cuatro ponencias y una mesa redonda, se abordaron algunas de las [&hellip;]<\/p>\n","protected":false},"author":7,"featured_media":0,"parent":5944,"menu_order":280,"comment_status":"closed","ping_status":"closed","template":"sigre-entrevista.php","meta":{"footnotes":""},"class_list":["post-5980","page","type-page","status-publish","hentry"],"_links":{"self":[{"href":"https:\/\/www.sigre.es\/boletin\/wp-json\/wp\/v2\/pages\/5980","targetHints":{"allow":["GET"]}}],"collection":[{"href":"https:\/\/www.sigre.es\/boletin\/wp-json\/wp\/v2\/pages"}],"about":[{"href":"https:\/\/www.sigre.es\/boletin\/wp-json\/wp\/v2\/types\/page"}],"author":[{"embeddable":true,"href":"https:\/\/www.sigre.es\/boletin\/wp-json\/wp\/v2\/users\/7"}],"replies":[{"embeddable":true,"href":"https:\/\/www.sigre.es\/boletin\/wp-json\/wp\/v2\/comments?post=5980"}],"version-history":[{"count":0,"href":"https:\/\/www.sigre.es\/boletin\/wp-json\/wp\/v2\/pages\/5980\/revisions"}],"up":[{"embeddable":true,"href":"https:\/\/www.sigre.es\/boletin\/wp-json\/wp\/v2\/pages\/5944"}],"wp:attachment":[{"href":"https:\/\/www.sigre.es\/boletin\/wp-json\/wp\/v2\/media?parent=5980"}],"curies":[{"name":"wp","href":"https:\/\/api.w.org\/{rel}","templated":true}]}}