{"id":5978,"date":"2021-07-07T17:42:11","date_gmt":"2021-07-07T16:42:11","guid":{"rendered":"https:\/\/www.sigre.es\/boletin\/?page_id=5978"},"modified":"2021-07-15T10:26:52","modified_gmt":"2021-07-15T09:26:52","slug":"rediberoamericana","status":"publish","type":"page","link":"https:\/\/www.sigre.es\/boletin\/sigre-informa-76\/rediberoamericana\/","title":{"rendered":"RED IBEROAMERICANA"},"content":{"rendered":"<div id=\"fb-root\"><\/div>\n<p>El pasado 27 de abril, la <a href=\"https:\/\/www.redippm.org\/plataforma-posconsumo-de-medicamentos-ppm\/\" target=\"_blank\" rel=\"noopener\">Plataforma de Posconsumo de Medicamentos<\/a>, coordinada por SIGRE, celebr\u00f3 su <strong>II Foro para abordar \u201cLa REP aplicada a los medicamentos\u201d<\/strong>. Este encuentro cont\u00f3 con la participaci\u00f3n de expertos iberoamericanos en la materia que mostraron su apoyo a la aprobaci\u00f3n de pol\u00edticas para la gesti\u00f3n eficiente de los residuos.<\/p>\n<p>Los ponentes compartieron sus experiencias a la hora de implantar los programas en sus respectivos pa\u00edses y explicaron la situaci\u00f3n actual de la normativa que obliga a las empresas a responsabilizarse de la gesti\u00f3n de los residuos generados por los productos que comercializan.<\/p>\n<p>Asimismo, para proteger el medio ambiente y la salud de las personas en el marco de la econom\u00eda circular, coincidieron en que los medicamentos caducados o no utilizados requieren de un sistema espec\u00edfico de gesti\u00f3n y destacaron la necesaria participaci\u00f3n de todos los agentes del sector farmac\u00e9utico en estos sistemas para evitar la falsificaci\u00f3n y garantizar un correcto tratamiento ambiental de estos residuos.<\/p>\n<p><a href=\"https:\/\/www.sigre.es\/boletin\/wp-content\/uploads\/2021\/07\/RIB_interior_76.jpg\"><img loading=\"lazy\" decoding=\"async\" class=\"aligncenter wp-image-6017\" src=\"https:\/\/www.sigre.es\/boletin\/wp-content\/uploads\/2021\/07\/RIB_interior_76-1024x489.jpg\" alt=\"\" width=\"400\" height=\"191\" srcset=\"https:\/\/www.sigre.es\/boletin\/wp-content\/uploads\/2021\/07\/RIB_interior_76-1024x489.jpg 1024w, https:\/\/www.sigre.es\/boletin\/wp-content\/uploads\/2021\/07\/RIB_interior_76-300x143.jpg 300w, https:\/\/www.sigre.es\/boletin\/wp-content\/uploads\/2021\/07\/RIB_interior_76-768x367.jpg 768w, https:\/\/www.sigre.es\/boletin\/wp-content\/uploads\/2021\/07\/RIB_interior_76.jpg 1290w\" sizes=\"auto, (max-width: 400px) 100vw, 400px\" \/><\/a><\/p>\n","protected":false},"excerpt":{"rendered":"<p>El pasado 27 de abril, la Plataforma de Posconsumo de Medicamentos, coordinada por SIGRE, celebr\u00f3 su II Foro para abordar \u201cLa REP aplicada a los medicamentos\u201d. Este encuentro cont\u00f3 con la participaci\u00f3n de expertos iberoamericanos en la materia que mostraron su apoyo a la aprobaci\u00f3n de pol\u00edticas para la gesti\u00f3n eficiente de los residuos. Los [&hellip;]<\/p>\n","protected":false},"author":7,"featured_media":0,"parent":5944,"menu_order":280,"comment_status":"closed","ping_status":"closed","template":"sigre-entrevista.php","meta":{"footnotes":""},"class_list":["post-5978","page","type-page","status-publish","hentry"],"_links":{"self":[{"href":"https:\/\/www.sigre.es\/boletin\/wp-json\/wp\/v2\/pages\/5978","targetHints":{"allow":["GET"]}}],"collection":[{"href":"https:\/\/www.sigre.es\/boletin\/wp-json\/wp\/v2\/pages"}],"about":[{"href":"https:\/\/www.sigre.es\/boletin\/wp-json\/wp\/v2\/types\/page"}],"author":[{"embeddable":true,"href":"https:\/\/www.sigre.es\/boletin\/wp-json\/wp\/v2\/users\/7"}],"replies":[{"embeddable":true,"href":"https:\/\/www.sigre.es\/boletin\/wp-json\/wp\/v2\/comments?post=5978"}],"version-history":[{"count":0,"href":"https:\/\/www.sigre.es\/boletin\/wp-json\/wp\/v2\/pages\/5978\/revisions"}],"up":[{"embeddable":true,"href":"https:\/\/www.sigre.es\/boletin\/wp-json\/wp\/v2\/pages\/5944"}],"wp:attachment":[{"href":"https:\/\/www.sigre.es\/boletin\/wp-json\/wp\/v2\/media?parent=5978"}],"curies":[{"name":"wp","href":"https:\/\/api.w.org\/{rel}","templated":true}]}}