{"id":5970,"date":"2021-07-07T17:31:14","date_gmt":"2021-07-07T16:31:14","guid":{"rendered":"https:\/\/www.sigre.es\/boletin\/?page_id=5970"},"modified":"2021-07-14T11:24:54","modified_gmt":"2021-07-14T10:24:54","slug":"pep-2021-23","status":"publish","type":"page","link":"https:\/\/www.sigre.es\/boletin\/sigre-informa-76\/pep-2021-23\/","title":{"rendered":"PEP 2021-2023"},"content":{"rendered":"<div id=\"fb-root\"><\/div>\n<p>SIGRE, como entidad encargada de impulsar y coordinar las medidas de prevenci\u00f3n y ecodise\u00f1o que el sector farmac\u00e9utico aplica en sus envases, ha presentado a las autoridades medioambientales el <strong>Plan Empresarial de Prevenci\u00f3n (PEP) de envases del sector farmac\u00e9utico 2021-2023<\/strong>.<\/p>\n<p>Este nuevo Plan trienal, el octavo que pone en marcha SIGRE, contempla un objetivo global de reducci\u00f3n del peso de los envases del 0,75% y se prev\u00e9 incrementar en un 5% el n\u00famero de iniciativas cualitativas de ecodise\u00f1o. Adem\u00e1s, incluye las medidas previstas para alcanzar dichos objetivos y los mecanismos de control para comprobar su cumplimiento, con referencia a una serie de indicadores.<\/p>\n<p>Como novedad en este Plan, se instrumentan las posibles medidas a adoptar por los laboratorios relacion\u00e1ndolas con los respectivos ODS que les afectan y se encuadran en las distintas etapas del an\u00e1lisis de ciclo de vida de los envases de medicamentos, promoviendo as\u00ed su implicaci\u00f3n con la Econom\u00eda Circular.<\/p>\n<p>El nuevo PEP parte de los excelentes resultados obtenidos en el Plan 2018-2020 en el que las 441 medidas de ecodise\u00f1o aplicadas por 94 laboratorios permitieron reducir un 1,33% el peso de los envases de medicamentos comercializados en nuestro pa\u00eds y ahorrar cerca de 600 toneladas de materias primas.<\/p>\n<p><a href=\"https:\/\/www.sigre.es\/boletin\/wp-content\/uploads\/2021\/07\/PEP_B.jpg\"><img loading=\"lazy\" decoding=\"async\" class=\"aligncenter wp-image-6045\" src=\"https:\/\/www.sigre.es\/boletin\/wp-content\/uploads\/2021\/07\/PEP_B.jpg\" alt=\"\" width=\"400\" height=\"565\" srcset=\"https:\/\/www.sigre.es\/boletin\/wp-content\/uploads\/2021\/07\/PEP_B.jpg 600w, https:\/\/www.sigre.es\/boletin\/wp-content\/uploads\/2021\/07\/PEP_B-213x300.jpg 213w\" sizes=\"auto, (max-width: 400px) 100vw, 400px\" \/><\/a><\/p>\n<p>&nbsp;<\/p>\n","protected":false},"excerpt":{"rendered":"<p>SIGRE, como entidad encargada de impulsar y coordinar las medidas de prevenci\u00f3n y ecodise\u00f1o que el sector farmac\u00e9utico aplica en sus envases, ha presentado a las autoridades medioambientales el Plan Empresarial de Prevenci\u00f3n (PEP) de envases del sector farmac\u00e9utico 2021-2023. Este nuevo Plan trienal, el octavo que pone en marcha SIGRE, contempla un objetivo global [&hellip;]<\/p>\n","protected":false},"author":7,"featured_media":0,"parent":5944,"menu_order":280,"comment_status":"closed","ping_status":"closed","template":"sigre-entrevista.php","meta":{"footnotes":""},"class_list":["post-5970","page","type-page","status-publish","hentry"],"_links":{"self":[{"href":"https:\/\/www.sigre.es\/boletin\/wp-json\/wp\/v2\/pages\/5970","targetHints":{"allow":["GET"]}}],"collection":[{"href":"https:\/\/www.sigre.es\/boletin\/wp-json\/wp\/v2\/pages"}],"about":[{"href":"https:\/\/www.sigre.es\/boletin\/wp-json\/wp\/v2\/types\/page"}],"author":[{"embeddable":true,"href":"https:\/\/www.sigre.es\/boletin\/wp-json\/wp\/v2\/users\/7"}],"replies":[{"embeddable":true,"href":"https:\/\/www.sigre.es\/boletin\/wp-json\/wp\/v2\/comments?post=5970"}],"version-history":[{"count":0,"href":"https:\/\/www.sigre.es\/boletin\/wp-json\/wp\/v2\/pages\/5970\/revisions"}],"up":[{"embeddable":true,"href":"https:\/\/www.sigre.es\/boletin\/wp-json\/wp\/v2\/pages\/5944"}],"wp:attachment":[{"href":"https:\/\/www.sigre.es\/boletin\/wp-json\/wp\/v2\/media?parent=5970"}],"curies":[{"name":"wp","href":"https:\/\/api.w.org\/{rel}","templated":true}]}}