{"id":5966,"date":"2021-07-07T17:23:34","date_gmt":"2021-07-07T16:23:34","guid":{"rendered":"https:\/\/www.sigre.es\/boletin\/?page_id=5966"},"modified":"2021-07-15T16:17:15","modified_gmt":"2021-07-15T15:17:15","slug":"informe-resultados","status":"publish","type":"page","link":"https:\/\/www.sigre.es\/boletin\/sigre-informa-76\/informe-resultados\/","title":{"rendered":"INFORME DE RESULTADOS"},"content":{"rendered":"<div id=\"fb-root\"><\/div>\n<p>SIGRE ha presentado a las autoridades ambientales el <strong>informe anual de actividad 2020<\/strong>, en donde se refleja que durante el pasado a\u00f1o se recogieron <strong>92 gramos por habitante de envases vac\u00edos o con restos de medicamentos<\/strong>, alcanz\u00e1ndose un 57% de reciclado de los materiales de envases recuperados.<\/p>\n<p>El informe destaca el <strong>aumento del 24% en el n\u00famero de envases vac\u00edos depositados en los Puntos SIGRE de las farmacias<\/strong>, lo que evidencia un alto grado de concienciaci\u00f3n ciudadana sobre c\u00f3mo deben gestionarse los medicamentos y sus envases.<\/p>\n<p>Asimismo, como entidad encargada de impulsar y coordinar las medidas de prevenci\u00f3n que la industria farmac\u00e9utica aplica en sus envases, SIGRE ha presentado los resultados del <strong>Plan Empresarial de Prevenci\u00f3n <\/strong><strong>(PEP) de envases farmac\u00e9uticos 2018-2020. <\/strong>Durante este periodo, <strong>94 laboratorios<\/strong> han participado en el PEP, aplicando <strong>441 medidas de ecodise\u00f1o <\/strong>en sus envases. Este esfuerzo y compromiso medioambiental de la industria farmac\u00e9utica ha permitido reducir un 1,33% el peso de los envases de medicamentos comercializados en nuestro pa\u00eds y ahorrar cerca de 600 toneladas de materias primas.<\/p>\n<p>Por otro lado, SIGRE ha realizado un <strong>nuevo sondeo de opini\u00f3n <\/strong>para analizar el impacto de la pandemia de la Covid-19 en la actitud y el grado de concienciaci\u00f3n ciudadana sobre el reciclado de los medicamentos. En este sentido, el <strong>91% de los espa\u00f1oles asegura que la pandemia no ha influido en sus h\u00e1bitos de reciclado de restos de medicamentos y envases en el Punto SIGRE <\/strong>y en <strong>9 de cada 10 hogares de nuestro pa\u00eds se siguen reciclando estos residuos.<\/strong><\/p>\n<p><a href=\"https:\/\/www.sigre.es\/boletin\/wp-content\/uploads\/2021\/07\/IR_interior_76.jpg\"><img loading=\"lazy\" decoding=\"async\" class=\"aligncenter wp-image-6020\" src=\"https:\/\/www.sigre.es\/boletin\/wp-content\/uploads\/2021\/07\/IR_interior_76-1024x635.jpg\" alt=\"\" width=\"400\" height=\"248\" srcset=\"https:\/\/www.sigre.es\/boletin\/wp-content\/uploads\/2021\/07\/IR_interior_76-1024x635.jpg 1024w, https:\/\/www.sigre.es\/boletin\/wp-content\/uploads\/2021\/07\/IR_interior_76-300x186.jpg 300w, https:\/\/www.sigre.es\/boletin\/wp-content\/uploads\/2021\/07\/IR_interior_76-768x476.jpg 768w, https:\/\/www.sigre.es\/boletin\/wp-content\/uploads\/2021\/07\/IR_interior_76.jpg 1290w\" sizes=\"auto, (max-width: 400px) 100vw, 400px\" \/><\/a><\/p>\n","protected":false},"excerpt":{"rendered":"<p>SIGRE ha presentado a las autoridades ambientales el informe anual de actividad 2020, en donde se refleja que durante el pasado a\u00f1o se recogieron 92 gramos por habitante de envases vac\u00edos o con restos de medicamentos, alcanz\u00e1ndose un 57% de reciclado de los materiales de envases recuperados. El informe destaca el aumento del 24% en [&hellip;]<\/p>\n","protected":false},"author":7,"featured_media":0,"parent":5944,"menu_order":278,"comment_status":"closed","ping_status":"closed","template":"sigre-entrevista.php","meta":{"footnotes":""},"class_list":["post-5966","page","type-page","status-publish","hentry"],"_links":{"self":[{"href":"https:\/\/www.sigre.es\/boletin\/wp-json\/wp\/v2\/pages\/5966","targetHints":{"allow":["GET"]}}],"collection":[{"href":"https:\/\/www.sigre.es\/boletin\/wp-json\/wp\/v2\/pages"}],"about":[{"href":"https:\/\/www.sigre.es\/boletin\/wp-json\/wp\/v2\/types\/page"}],"author":[{"embeddable":true,"href":"https:\/\/www.sigre.es\/boletin\/wp-json\/wp\/v2\/users\/7"}],"replies":[{"embeddable":true,"href":"https:\/\/www.sigre.es\/boletin\/wp-json\/wp\/v2\/comments?post=5966"}],"version-history":[{"count":0,"href":"https:\/\/www.sigre.es\/boletin\/wp-json\/wp\/v2\/pages\/5966\/revisions"}],"up":[{"embeddable":true,"href":"https:\/\/www.sigre.es\/boletin\/wp-json\/wp\/v2\/pages\/5944"}],"wp:attachment":[{"href":"https:\/\/www.sigre.es\/boletin\/wp-json\/wp\/v2\/media?parent=5966"}],"curies":[{"name":"wp","href":"https:\/\/api.w.org\/{rel}","templated":true}]}}