{"id":5952,"date":"2021-07-07T16:54:45","date_gmt":"2021-07-07T15:54:45","guid":{"rendered":"https:\/\/www.sigre.es\/boletin\/?page_id=5952"},"modified":"2021-07-19T10:43:11","modified_gmt":"2021-07-19T09:43:11","slug":"actualidad","status":"publish","type":"page","link":"https:\/\/www.sigre.es\/boletin\/sigre-informa-76\/actualidad\/","title":{"rendered":"ACTUALIDAD"},"content":{"rendered":"<div id=\"fb-root\"><\/div>\n<p>SIGRE, el sistema de gesti\u00f3n de residuos de medicamentos y sus envases de Espa\u00f1a, cumple 20 a\u00f1os desde su puesta en marcha y se ha consolidado como el mayor proyecto colaborativo del sector farmac\u00e9utico para ofrecer al ciudadano una forma c\u00f3moda y segura de desprenderse de estos residuos, protegiendo la salud y cuidando de nuestro entorno.<\/p>\n<p>Bajo el lema <strong>\u201c20 a\u00f1os cuidando de tu salud y del medioambiente\u201d,<\/strong> SIGRE ha programado a lo largo del a\u00f1o una serie de acciones especiales para poner en valor <strong>el compromiso y dedicaci\u00f3n de los agentes del sector farmac\u00e9utico<\/strong> durante estas dos d\u00e9cadas, agradecer la <strong>implicaci\u00f3n de las autoridades sanitarias y medioambientales<\/strong> en la iniciativa y reconocer la <strong>complicidad de la sociedad espa\u00f1ola<\/strong> con los objetivos de SIGRE y con el cuidado de nuestro medio ambiente.<\/p>\n<p>El mes de junio arranc\u00f3 con una <strong>rueda de prensa de presentaci\u00f3n<\/strong> de los hitos alcanzados y retos actuales de SIGRE en la que, acompa\u00f1ando al director general de SIGRE, Juan Carlos Mampaso, participaron el presidente de SIGRE, Humberto Arn\u00e9s, y los dos vicepresidentes de la entidad, Matilde S\u00e1nchez y Jes\u00fas Aguilar, en representaci\u00f3n de los tres agentes impulsores de la alianza SIGRE: industria farmac\u00e9utica, distribuci\u00f3n y farmacias.<\/p>\n<p>En el encuentro con los medios se destacaron los grandes resultados de la actividad de SIGRE: en estos 20 a\u00f1os se ha logrado evitar la tala de m\u00e1s de 165.000 \u00e1rboles y ahorrar m\u00e1s de 350 millones de kW\/hora, m\u00e1s de 300 millones de litros de agua y m\u00e1s de 55 millones de litros de petr\u00f3leo.<\/p>\n<p>Asimismo, los <strong>planes de prevenci\u00f3n y ecodise\u00f1o<\/strong> de los laboratorios han permitido reducir en un 25% el peso de los envases de los medicamentos, mientras que el proceso de <strong>log\u00edstica inversa<\/strong> de la distribuci\u00f3n farmac\u00e9utica, para llegar a las m\u00e1s de <strong>22.000 farmacias<\/strong> distribuidas por todo el pa\u00eds, supone un ahorro de 1.400 toneladas anuales de CO2.<\/p>\n<p>El 20\u00ba aniversario estar\u00e1 presente a lo largo de este a\u00f1o en todas las actividades organizadas por la entidad y ser\u00e1 el eje central de la convocatoria de los <strong>III Premios Medicamento y Medioambiente<\/strong>, que reconocer\u00e1n a las iniciativas realizadas por el sector farmac\u00e9utico y los medios de comunicaci\u00f3n para la protecci\u00f3n y cuidado del medioambiente. La conmemoraci\u00f3n culminar\u00e1 con un <strong>acto p\u00fablico institucional previsto para el 22 de noviembre<\/strong>.<\/p>\n","protected":false},"excerpt":{"rendered":"<p>SIGRE, el sistema de gesti\u00f3n de residuos de medicamentos y sus envases de Espa\u00f1a, cumple 20 a\u00f1os desde su puesta en marcha y se ha consolidado como el mayor proyecto colaborativo del sector farmac\u00e9utico para ofrecer al ciudadano una forma c\u00f3moda y segura de desprenderse de estos residuos, protegiendo la salud y cuidando de nuestro [&hellip;]<\/p>\n","protected":false},"author":7,"featured_media":0,"parent":5944,"menu_order":273,"comment_status":"closed","ping_status":"closed","template":"sigre-entrevista.php","meta":{"footnotes":""},"class_list":["post-5952","page","type-page","status-publish","hentry"],"_links":{"self":[{"href":"https:\/\/www.sigre.es\/boletin\/wp-json\/wp\/v2\/pages\/5952","targetHints":{"allow":["GET"]}}],"collection":[{"href":"https:\/\/www.sigre.es\/boletin\/wp-json\/wp\/v2\/pages"}],"about":[{"href":"https:\/\/www.sigre.es\/boletin\/wp-json\/wp\/v2\/types\/page"}],"author":[{"embeddable":true,"href":"https:\/\/www.sigre.es\/boletin\/wp-json\/wp\/v2\/users\/7"}],"replies":[{"embeddable":true,"href":"https:\/\/www.sigre.es\/boletin\/wp-json\/wp\/v2\/comments?post=5952"}],"version-history":[{"count":0,"href":"https:\/\/www.sigre.es\/boletin\/wp-json\/wp\/v2\/pages\/5952\/revisions"}],"up":[{"embeddable":true,"href":"https:\/\/www.sigre.es\/boletin\/wp-json\/wp\/v2\/pages\/5944"}],"wp:attachment":[{"href":"https:\/\/www.sigre.es\/boletin\/wp-json\/wp\/v2\/media?parent=5952"}],"curies":[{"name":"wp","href":"https:\/\/api.w.org\/{rel}","templated":true}]}}