{"id":5946,"date":"2021-07-07T16:45:06","date_gmt":"2021-07-07T15:45:06","guid":{"rendered":"https:\/\/www.sigre.es\/boletin\/?page_id=5946"},"modified":"2021-11-23T13:16:18","modified_gmt":"2021-11-23T12:16:18","slug":"entrevista1","status":"publish","type":"page","link":"https:\/\/www.sigre.es\/boletin\/sigre-informa-76\/entrevista1\/","title":{"rendered":"ENTREVISTA"},"content":{"rendered":"<div id=\"fb-root\"><\/div>\n<p><strong>Este a\u00f1o se cumplen 20 a\u00f1os de la puesta en marcha del sistema SIGRE. \u00bfC\u00f3mo valora el resultado de esta iniciativa medioambiental y sanitaria de la industria farmac\u00e9utica?<\/strong><\/p>\n<p>Muy positiva. Con la puesta en marcha de Sigre, la industria farmac\u00e9utica fue pionera hace ya 20 a\u00f1os en apostar decididamente por dos aspectos: el cuidado del medio ambiente y la econom\u00eda circular. En aquel momento, las compa\u00f1\u00edas farmac\u00e9uticas, los distribuidores y las farmacias hicimos conjuntamente una apuesta com\u00fan que terminar\u00eda siendo el mayor proyecto colaborativo emprendido por el sector del medicamento en nuestro pa\u00eds. Hoy, gracias a esa colaboraci\u00f3n, la iniciativa Sigre ha situado a Espa\u00f1a como referente internacional en la recogida y reciclado de los medicamentos y sus envases. As\u00ed, hoy somos capaces de reciclar el 60% de los materiales de los envases de los f\u00e1rmacos recogidos y, gracias al funcionamiento de la log\u00edstica inversa, se logra un ahorro adicional de 1.400 toneladas anuales de CO2, entre otros resultados. Creo que son datos muy ilustrativos que muestran que en Espa\u00f1a, gracias a Sigre, hemos conseguido cerrar el ciclo de vida de los medicamentos mediante el aprovechamiento de los residuos generados y la minimizaci\u00f3n de su impacto ambiental.<\/p>\n<p><strong>SIGRE acaba de concluir su s\u00e9ptimo Plan Empresarial de Prevenci\u00f3n de Envases del sector. \u00bfQu\u00e9 aspectos de estos planes le resultan m\u00e1s relevantes para poner en valor la labor de la industria farmac\u00e9utica?\u00a0 <\/strong><\/p>\n<p>Quiz\u00e1 lo m\u00e1s relevante es el hecho de que hay m\u00e1s de 330 compa\u00f1\u00edas farmac\u00e9uticas participando en estos Planes Empresariales de Prevenci\u00f3n de Envases liderados por Sigre y que aplican medidas de prevenci\u00f3n en sus embalajes. Este nivel de participaci\u00f3n ha conseguido que cada a\u00f1o se pongan en el mercado espa\u00f1ol casi 500 millones de unidades de f\u00e1rmacos con alguna mejora ambiental en su envase. Adem\u00e1s, gracias a estos planes, el peso de los envases farmac\u00e9uticos se ha reducido en este tiempo m\u00e1s de un 25%. Esto supone, entre otros beneficios, ahorrar cada a\u00f1o m\u00e1s de 150 toneladas de materias primas durante el proceso de dise\u00f1o de los envases, la fase en la que se estima que se produce el 80% de su impacto ambiental. Estos datos dan una idea de la apuesta que han hecho las compa\u00f1\u00edas por reducir al m\u00e1ximo el impacto ambiental de los envases de medicamentos. Ya no se trata s\u00f3lo de asegurar la mejor gesti\u00f3n posible de los residuos, sino de generar menos residuos. Es decir, de prevenir.<\/p>\n<p><strong>\u00bfCree que las campa\u00f1as de concienciaci\u00f3n medioambiental y sociosanitaria de SIGRE contribuyen a fomentar un uso adecuado del medicamento?<\/strong><\/p>\n<p>Totalmente. Seg\u00fan los \u00faltimos datos de Sigre, hoy en d\u00eda el 95% de los espa\u00f1oles est\u00e1 concienciado del da\u00f1o medioambiental que supone tirar estos residuos a la basura o por el desag\u00fce. Creo que esa es la mejor noticia que podemos dar. La concienciaci\u00f3n y colaboraci\u00f3n ciudadana es clave para que este modelo funcione, y los ciudadanos espa\u00f1oles han comprendido los riesgos sanitarios de acumular medicamentos en los hogares y de no deshacerse de ellos de forma correcta. Y esto tiene una derivada importante: una mayor toma de conciencia sobre el riesgo del uso inadecuado de los medicamentos.<\/p>\n<p><strong>\u00bfCu\u00e1les son los retos medioambientales a los que se enfrenta Farmaindustria de cara a la Agenda 2030? \u00bfQu\u00e9 les puede aportar a sus asociados su participaci\u00f3n en SIGRE?<\/strong><\/p>\n<p>La industria farmac\u00e9utica, como vemos, no es ajena a la protecci\u00f3n del medioambiente. A pesar de las limitaciones l\u00f3gicas que se dan en un mercado como el del medicamento, donde la prioridad es la calidad, la seguridad y la eficacia de los productos, la econom\u00eda circular se ha considerado como una oportunidad para establecer un suministro sostenible de materias primas y energ\u00eda, garantizando a todos los pacientes el acceso a los tratamientos que necesitan. En concreto, la Agenda 2030 de la Organizaci\u00f3n de las Naciones Unidas (ONU) plante\u00f3 en 2015 hasta 17 objetivos que deben promover un desarrollo sostenible del mundo en 2030. Pues bien, nuestras compa\u00f1\u00edas est\u00e1n contribuyendo desde una posici\u00f3n de vanguardia a la consecuci\u00f3n de al menos seis de esos 17 Objetivos de Desarrollo Sostenible. En concreto, los de Salud y bienestar; Igualdad de g\u00e9nero; Trabajo decente y crecimiento econ\u00f3mico; Industria, innovaci\u00f3n e infraestructuras; Producci\u00f3n y consumo responsables, y Alianzas para lograr los objetivos. Y al menos en estos dos \u00faltimos objetivos, Producci\u00f3n y consumo responsables y Alianzas para lograr los objetivos, la participaci\u00f3n de nuestras compa\u00f1\u00edas farmac\u00e9uticas en los planes de Sigre es un eslab\u00f3n fundamental.<\/p>\n","protected":false},"excerpt":{"rendered":"<p>Este a\u00f1o se cumplen 20 a\u00f1os de la puesta en marcha del sistema SIGRE. \u00bfC\u00f3mo valora el resultado de esta iniciativa medioambiental y sanitaria de la industria farmac\u00e9utica? Muy positiva. Con la puesta en marcha de Sigre, la industria farmac\u00e9utica fue pionera hace ya 20 a\u00f1os en apostar decididamente por dos aspectos: el cuidado del [&hellip;]<\/p>\n","protected":false},"author":7,"featured_media":0,"parent":5944,"menu_order":272,"comment_status":"closed","ping_status":"closed","template":"sigre-entrevista.php","meta":{"footnotes":""},"class_list":["post-5946","page","type-page","status-publish","hentry"],"_links":{"self":[{"href":"https:\/\/www.sigre.es\/boletin\/wp-json\/wp\/v2\/pages\/5946","targetHints":{"allow":["GET"]}}],"collection":[{"href":"https:\/\/www.sigre.es\/boletin\/wp-json\/wp\/v2\/pages"}],"about":[{"href":"https:\/\/www.sigre.es\/boletin\/wp-json\/wp\/v2\/types\/page"}],"author":[{"embeddable":true,"href":"https:\/\/www.sigre.es\/boletin\/wp-json\/wp\/v2\/users\/7"}],"replies":[{"embeddable":true,"href":"https:\/\/www.sigre.es\/boletin\/wp-json\/wp\/v2\/comments?post=5946"}],"version-history":[{"count":0,"href":"https:\/\/www.sigre.es\/boletin\/wp-json\/wp\/v2\/pages\/5946\/revisions"}],"up":[{"embeddable":true,"href":"https:\/\/www.sigre.es\/boletin\/wp-json\/wp\/v2\/pages\/5944"}],"wp:attachment":[{"href":"https:\/\/www.sigre.es\/boletin\/wp-json\/wp\/v2\/media?parent=5946"}],"curies":[{"name":"wp","href":"https:\/\/api.w.org\/{rel}","templated":true}]}}