{"id":5872,"date":"2021-03-24T13:03:09","date_gmt":"2021-03-24T12:03:09","guid":{"rendered":"https:\/\/www.sigre.es\/boletin\/?page_id=5872"},"modified":"2021-03-24T13:12:37","modified_gmt":"2021-03-24T12:12:37","slug":"digital","status":"publish","type":"page","link":"https:\/\/www.sigre.es\/boletin\/sigre-informa-75\/digital\/","title":{"rendered":"DIGITAL"},"content":{"rendered":"<div id=\"fb-root\"><\/div>\n<p>El a\u00f1o 2020 ha supuesto un nuevo hito para el crecimiento de la comunidad online de SIGRE. Por una parte, por la creaci\u00f3n de la <a href=\"http:\/\/www.sigre.es\/\" target=\"_blank\" rel=\"noopener\">nueva web corporativa<\/a>, que incluye nuevos contenidos para ciudadanos y profesionales del sector farmac\u00e9utico, adem\u00e1s de un dise\u00f1o m\u00e1s atractivo que facilita la navegaci\u00f3n. La renovaci\u00f3n de la web ha supuesto un nuevo impulso a su alcance, que ha superado las 208.000 visitas en 2020, un 23% m\u00e1s que en 2019.<\/p>\n<p>La comunidad digital de SIGRE tambi\u00e9n ha crecido a trav\u00e9s de la creaci\u00f3n de un nuevo perfil social en la red profesional por excelencia, <a href=\"http:\/\/www.linkedin.com\/company\/sigre\" target=\"_blank\" rel=\"noopener\">LinkedIn<\/a>, donde la organizaci\u00f3n supera ya los 1.400 seguidores y ha establecido nuevas formas de relacionarse con sus p\u00fablicos objetivos.<\/p>\n<p>Mientras, el perfil de <a href=\"https:\/\/twitter.com\/puntosigre\" target=\"_blank\" rel=\"noopener\">Twitter<\/a> se consolida como el canal preferido del sector farmac\u00e9utico para interactuar con SIGRE; la actividad en <a href=\"https:\/\/www.facebook.com\/puntosigre\" target=\"_blank\" rel=\"noopener\">Facebook<\/a> ha superado un alcance de m\u00e1s de 10 millones de usuarios; y el <a href=\"https:\/\/www.blogsigre.es\/\">blog corporativo<\/a> ha crecido en visitas un 78%, hasta superar las 352.000 a lo largo de 2020.<\/p>\n<p><a href=\"https:\/\/www.sigre.es\/boletin\/wp-content\/uploads\/2021\/03\/sigre_digital.jpg\"><img loading=\"lazy\" decoding=\"async\" class=\"size-full wp-image-5874 aligncenter\" src=\"https:\/\/www.sigre.es\/boletin\/wp-content\/uploads\/2021\/03\/sigre_digital.jpg\" alt=\"\" width=\"600\" height=\"317\" srcset=\"https:\/\/www.sigre.es\/boletin\/wp-content\/uploads\/2021\/03\/sigre_digital.jpg 600w, https:\/\/www.sigre.es\/boletin\/wp-content\/uploads\/2021\/03\/sigre_digital-300x159.jpg 300w\" sizes=\"auto, (max-width: 600px) 100vw, 600px\" \/><\/a><\/p>\n","protected":false},"excerpt":{"rendered":"<p>El a\u00f1o 2020 ha supuesto un nuevo hito para el crecimiento de la comunidad online de SIGRE. Por una parte, por la creaci\u00f3n de la nueva web corporativa, que incluye nuevos contenidos para ciudadanos y profesionales del sector farmac\u00e9utico, adem\u00e1s de un dise\u00f1o m\u00e1s atractivo que facilita la navegaci\u00f3n. La renovaci\u00f3n de la web ha [&hellip;]<\/p>\n","protected":false},"author":7,"featured_media":0,"parent":5812,"menu_order":282,"comment_status":"closed","ping_status":"closed","template":"sigre-entrevista.php","meta":{"footnotes":""},"class_list":["post-5872","page","type-page","status-publish","hentry"],"_links":{"self":[{"href":"https:\/\/www.sigre.es\/boletin\/wp-json\/wp\/v2\/pages\/5872","targetHints":{"allow":["GET"]}}],"collection":[{"href":"https:\/\/www.sigre.es\/boletin\/wp-json\/wp\/v2\/pages"}],"about":[{"href":"https:\/\/www.sigre.es\/boletin\/wp-json\/wp\/v2\/types\/page"}],"author":[{"embeddable":true,"href":"https:\/\/www.sigre.es\/boletin\/wp-json\/wp\/v2\/users\/7"}],"replies":[{"embeddable":true,"href":"https:\/\/www.sigre.es\/boletin\/wp-json\/wp\/v2\/comments?post=5872"}],"version-history":[{"count":0,"href":"https:\/\/www.sigre.es\/boletin\/wp-json\/wp\/v2\/pages\/5872\/revisions"}],"up":[{"embeddable":true,"href":"https:\/\/www.sigre.es\/boletin\/wp-json\/wp\/v2\/pages\/5812"}],"wp:attachment":[{"href":"https:\/\/www.sigre.es\/boletin\/wp-json\/wp\/v2\/media?parent=5872"}],"curies":[{"name":"wp","href":"https:\/\/api.w.org\/{rel}","templated":true}]}}