{"id":5860,"date":"2021-03-24T12:46:45","date_gmt":"2021-03-24T11:46:45","guid":{"rendered":"https:\/\/www.sigre.es\/boletin\/?page_id=5860"},"modified":"2021-03-24T13:18:10","modified_gmt":"2021-03-24T12:18:10","slug":"formacion","status":"publish","type":"page","link":"https:\/\/www.sigre.es\/boletin\/sigre-informa-75\/formacion\/","title":{"rendered":"FORMACI\u00d3N"},"content":{"rendered":"<div id=\"fb-root\"><\/div>\n<p>El pasado mes de enero, SIGRE organiz\u00f3 una jornada telem\u00e1tica para formar a los responsables de medio ambiente de los laboratorios adheridos en el funcionamiento del Formulario SIGRELAB 5.0 en relaci\u00f3n con la Declaraci\u00f3n anual de Envases. En esta ocasi\u00f3n, participaron m\u00e1s de 120 representantes.<\/p>\n<p>A trav\u00e9s de esta sesi\u00f3n, los laboratorios adem\u00e1s de revisar y resolver todas sus consultas relacionadas con la utilizaci\u00f3n del Formulario, tambi\u00e9n repasan toda aquella informaci\u00f3n necesaria para cumplimentarlo. Gracias a esta herramienta digital, se permite a cada laboratorio comunicar de forma c\u00f3moda y f\u00e1cil la informaci\u00f3n relativa a las unidades, peso y materiales de todos los envases que ponen en el mercado espa\u00f1ol durante el ejercicio anterior. Asimismo, esta aplicaci\u00f3n tambi\u00e9n permite notificar las medidas de prevenci\u00f3n aplicadas sobre los envases.<\/p>\n<p>De esta manera, las compa\u00f1\u00edas farmac\u00e9uticas cumplen con las obligaciones de informaci\u00f3n previstas en la normativa de envases vigente.<\/p>\n<p><a href=\"https:\/\/www.sigre.es\/boletin\/wp-content\/uploads\/2021\/03\/SIGRELAB-5.0.jpg\"><img loading=\"lazy\" decoding=\"async\" class=\"size-large wp-image-5862 aligncenter\" src=\"https:\/\/www.sigre.es\/boletin\/wp-content\/uploads\/2021\/03\/SIGRELAB-5.0-1024x521.jpg\" alt=\"\" width=\"1024\" height=\"521\" srcset=\"https:\/\/www.sigre.es\/boletin\/wp-content\/uploads\/2021\/03\/SIGRELAB-5.0-1024x521.jpg 1024w, https:\/\/www.sigre.es\/boletin\/wp-content\/uploads\/2021\/03\/SIGRELAB-5.0-300x153.jpg 300w, https:\/\/www.sigre.es\/boletin\/wp-content\/uploads\/2021\/03\/SIGRELAB-5.0-768x391.jpg 768w, https:\/\/www.sigre.es\/boletin\/wp-content\/uploads\/2021\/03\/SIGRELAB-5.0.jpg 1088w\" sizes=\"auto, (max-width: 1024px) 100vw, 1024px\" \/><\/a><\/p>\n","protected":false},"excerpt":{"rendered":"<p>El pasado mes de enero, SIGRE organiz\u00f3 una jornada telem\u00e1tica para formar a los responsables de medio ambiente de los laboratorios adheridos en el funcionamiento del Formulario SIGRELAB 5.0 en relaci\u00f3n con la Declaraci\u00f3n anual de Envases. En esta ocasi\u00f3n, participaron m\u00e1s de 120 representantes. A trav\u00e9s de esta sesi\u00f3n, los laboratorios adem\u00e1s de revisar [&hellip;]<\/p>\n","protected":false},"author":7,"featured_media":0,"parent":5812,"menu_order":280,"comment_status":"closed","ping_status":"closed","template":"sigre-entrevista.php","meta":{"footnotes":""},"class_list":["post-5860","page","type-page","status-publish","hentry"],"_links":{"self":[{"href":"https:\/\/www.sigre.es\/boletin\/wp-json\/wp\/v2\/pages\/5860","targetHints":{"allow":["GET"]}}],"collection":[{"href":"https:\/\/www.sigre.es\/boletin\/wp-json\/wp\/v2\/pages"}],"about":[{"href":"https:\/\/www.sigre.es\/boletin\/wp-json\/wp\/v2\/types\/page"}],"author":[{"embeddable":true,"href":"https:\/\/www.sigre.es\/boletin\/wp-json\/wp\/v2\/users\/7"}],"replies":[{"embeddable":true,"href":"https:\/\/www.sigre.es\/boletin\/wp-json\/wp\/v2\/comments?post=5860"}],"version-history":[{"count":0,"href":"https:\/\/www.sigre.es\/boletin\/wp-json\/wp\/v2\/pages\/5860\/revisions"}],"up":[{"embeddable":true,"href":"https:\/\/www.sigre.es\/boletin\/wp-json\/wp\/v2\/pages\/5812"}],"wp:attachment":[{"href":"https:\/\/www.sigre.es\/boletin\/wp-json\/wp\/v2\/media?parent=5860"}],"curies":[{"name":"wp","href":"https:\/\/api.w.org\/{rel}","templated":true}]}}