{"id":5834,"date":"2021-03-24T09:33:59","date_gmt":"2021-03-24T08:33:59","guid":{"rendered":"https:\/\/www.sigre.es\/boletin\/?page_id=5834"},"modified":"2021-03-26T14:15:39","modified_gmt":"2021-03-26T13:15:39","slug":"sondeo-opinion","status":"publish","type":"page","link":"https:\/\/www.sigre.es\/boletin\/sigre-informa-75\/sondeo-opinion\/","title":{"rendered":"SONDEO DE OPINI\u00d3N"},"content":{"rendered":"<div id=\"fb-root\"><\/div>\n<p>El pasado mes de enero, SIGRE lanz\u00f3 el noveno sondeo de opini\u00f3n a sus laboratorios adheridos. El objetivo del mismo es conocer y evaluar sus inquietudes y su grado de satisfacci\u00f3n con el trabajo y el servicio prestado por parte de la entidad.<\/p>\n<p>Gracias a la participaci\u00f3n de 63 empresas farmac\u00e9uticas, las respuestas recibidas a esta encuesta contribuyen a la mejora continua de SIGRE. Estas permiten identificar aquellos aspectos en los que incidir para aportar mayor valor a la industria farmac\u00e9utica.<\/p>\n<p>Los resultados obtenidos denotan un alto nivel de satisfacci\u00f3n de los laboratorios con SIGRE y el 95% considera que la informaci\u00f3n que reciben por parte de la organizaci\u00f3n es de buena calidad, que aumenta con respecto a 2019.<\/p>\n<p>Asimismo, el 95% de los encuestados creen que la actividad de SIGRE contribuye mucho o bastante a dar visibilidad al compromiso de la industria farmac\u00e9utica con el medio ambiente y el 100 % estima que la entidad realiza una gesti\u00f3n responsable.<\/p>\n<p><a href=\"https:\/\/www.sigre.es\/boletin\/wp-content\/uploads\/2021\/03\/Grafiques_2.jpg\"><img loading=\"lazy\" decoding=\"async\" class=\"size-large wp-image-5917 aligncenter\" src=\"https:\/\/www.sigre.es\/boletin\/wp-content\/uploads\/2021\/03\/Grafiques_2-1024x362.jpg\" alt=\"\" width=\"1024\" height=\"362\" srcset=\"https:\/\/www.sigre.es\/boletin\/wp-content\/uploads\/2021\/03\/Grafiques_2-1024x362.jpg 1024w, https:\/\/www.sigre.es\/boletin\/wp-content\/uploads\/2021\/03\/Grafiques_2-300x106.jpg 300w, https:\/\/www.sigre.es\/boletin\/wp-content\/uploads\/2021\/03\/Grafiques_2-768x271.jpg 768w, https:\/\/www.sigre.es\/boletin\/wp-content\/uploads\/2021\/03\/Grafiques_2-1536x542.jpg 1536w, https:\/\/www.sigre.es\/boletin\/wp-content\/uploads\/2021\/03\/Grafiques_2.jpg 1781w\" sizes=\"auto, (max-width: 1024px) 100vw, 1024px\" \/><\/a><\/p>\n","protected":false},"excerpt":{"rendered":"<p>El pasado mes de enero, SIGRE lanz\u00f3 el noveno sondeo de opini\u00f3n a sus laboratorios adheridos. El objetivo del mismo es conocer y evaluar sus inquietudes y su grado de satisfacci\u00f3n con el trabajo y el servicio prestado por parte de la entidad. Gracias a la participaci\u00f3n de 63 empresas farmac\u00e9uticas, las respuestas recibidas a [&hellip;]<\/p>\n","protected":false},"author":7,"featured_media":0,"parent":5812,"menu_order":278,"comment_status":"closed","ping_status":"closed","template":"sigre-entrevista.php","meta":{"footnotes":""},"class_list":["post-5834","page","type-page","status-publish","hentry"],"_links":{"self":[{"href":"https:\/\/www.sigre.es\/boletin\/wp-json\/wp\/v2\/pages\/5834","targetHints":{"allow":["GET"]}}],"collection":[{"href":"https:\/\/www.sigre.es\/boletin\/wp-json\/wp\/v2\/pages"}],"about":[{"href":"https:\/\/www.sigre.es\/boletin\/wp-json\/wp\/v2\/types\/page"}],"author":[{"embeddable":true,"href":"https:\/\/www.sigre.es\/boletin\/wp-json\/wp\/v2\/users\/7"}],"replies":[{"embeddable":true,"href":"https:\/\/www.sigre.es\/boletin\/wp-json\/wp\/v2\/comments?post=5834"}],"version-history":[{"count":0,"href":"https:\/\/www.sigre.es\/boletin\/wp-json\/wp\/v2\/pages\/5834\/revisions"}],"up":[{"embeddable":true,"href":"https:\/\/www.sigre.es\/boletin\/wp-json\/wp\/v2\/pages\/5812"}],"wp:attachment":[{"href":"https:\/\/www.sigre.es\/boletin\/wp-json\/wp\/v2\/media?parent=5834"}],"curies":[{"name":"wp","href":"https:\/\/api.w.org\/{rel}","templated":true}]}}