{"id":5827,"date":"2021-03-24T09:26:34","date_gmt":"2021-03-24T08:26:34","guid":{"rendered":"https:\/\/www.sigre.es\/boletin\/?page_id=5827"},"modified":"2021-03-26T14:22:59","modified_gmt":"2021-03-26T13:22:59","slug":"sigre-responde","status":"publish","type":"page","link":"https:\/\/www.sigre.es\/boletin\/sigre-informa-75\/sigre-responde\/","title":{"rendered":"SIGRE RESPONDE"},"content":{"rendered":"<div id=\"fb-root\"><\/div>\n<p>SIGRE persigue desde su fundaci\u00f3n objetivos medioambientales y sanitarios que permanecen vigentes por la necesidad de la protecci\u00f3n del binomio cada vez m\u00e1s inseparable salud-medio ambiente. Pero, en una sociedad que cambia a una velocidad vertiginosa, es necesaria la evoluci\u00f3n constante para afrontar con \u00e9xito los nuevos retos y seguir dando cumplimiento, de esta forma, a nuestros objetivos fundacionales.<\/p>\n<p>Gestionar la incertidumbre provocada por la pandemia del COVID-19 a trav\u00e9s de la identificaci\u00f3n y medici\u00f3n de los riesgos y oportunidades se antoja fundamental en estos momentos de cambios sin precedentes.<\/p>\n<p>En este sentido, SIGRE cuenta con una <strong>Pol\u00edtica Integrada de Calidad, Medio Ambiente, Energ\u00eda y Seguridad y Salud en el Trabajo<\/strong> en constante evoluci\u00f3n para adaptarse a las nuevas necesidades, impulsando as\u00ed la mejora continua dentro de la organizaci\u00f3n.<\/p>\n<p>Como parte de esta actualizaci\u00f3n, SIGRE ha reforzado su patr\u00f3n de actividad inspirado en un modelo de econom\u00eda circular que forma parte del ADN de la organizaci\u00f3n, cumpliendo con los 10 principios del Pacto Mundial y contribuyendo a los ODS m\u00e1s alineados con nuestra actividad, capacidades y recursos.<\/p>\n<p>Nuestro compromiso con la mejora continua integral se materializa tambi\u00e9n en cuestiones como la transparencia; el desarrollo de un marco laboral basado en la igualdad de oportunidades; la prevenci\u00f3n en materia de contaminaci\u00f3n medioambiental; la adquisici\u00f3n de productos y servicios caracterizados por su eficiencia energ\u00e9tica o el mantenimiento de un di\u00e1logo abierto y fluido con nuestros p\u00fablicos, destacando la labor permanente de sensibilizaci\u00f3n ciudadana.<\/p>\n<p>Todo ello como parte de la responsabilidad de SIGRE con la sociedad y con el servicio esencial que desarrolla para la protecci\u00f3n del medio ambiente y de la salud, con el apoyo y la colaboraci\u00f3n de laboratorios, distribuci\u00f3n y farmacias.<\/p>\n<p>Accede al documento completo de la Pol\u00edtica Integrada <a href=\"https:\/\/www.sigre.es\/uploads\/files\/PoliticaIntegradaSIGRE2021.pdf\" target=\"_blank\" rel=\"noopener\">aqu\u00ed<\/a>.<\/p>\n","protected":false},"excerpt":{"rendered":"<p>SIGRE persigue desde su fundaci\u00f3n objetivos medioambientales y sanitarios que permanecen vigentes por la necesidad de la protecci\u00f3n del binomio cada vez m\u00e1s inseparable salud-medio ambiente. Pero, en una sociedad que cambia a una velocidad vertiginosa, es necesaria la evoluci\u00f3n constante para afrontar con \u00e9xito los nuevos retos y seguir dando cumplimiento, de esta forma, [&hellip;]<\/p>\n","protected":false},"author":7,"featured_media":0,"parent":5812,"menu_order":277,"comment_status":"closed","ping_status":"closed","template":"sigre-responde.php","meta":{"footnotes":""},"class_list":["post-5827","page","type-page","status-publish","hentry"],"_links":{"self":[{"href":"https:\/\/www.sigre.es\/boletin\/wp-json\/wp\/v2\/pages\/5827","targetHints":{"allow":["GET"]}}],"collection":[{"href":"https:\/\/www.sigre.es\/boletin\/wp-json\/wp\/v2\/pages"}],"about":[{"href":"https:\/\/www.sigre.es\/boletin\/wp-json\/wp\/v2\/types\/page"}],"author":[{"embeddable":true,"href":"https:\/\/www.sigre.es\/boletin\/wp-json\/wp\/v2\/users\/7"}],"replies":[{"embeddable":true,"href":"https:\/\/www.sigre.es\/boletin\/wp-json\/wp\/v2\/comments?post=5827"}],"version-history":[{"count":0,"href":"https:\/\/www.sigre.es\/boletin\/wp-json\/wp\/v2\/pages\/5827\/revisions"}],"up":[{"embeddable":true,"href":"https:\/\/www.sigre.es\/boletin\/wp-json\/wp\/v2\/pages\/5812"}],"wp:attachment":[{"href":"https:\/\/www.sigre.es\/boletin\/wp-json\/wp\/v2\/media?parent=5827"}],"curies":[{"name":"wp","href":"https:\/\/api.w.org\/{rel}","templated":true}]}}