{"id":5825,"date":"2021-03-24T09:23:02","date_gmt":"2021-03-24T08:23:02","guid":{"rendered":"https:\/\/www.sigre.es\/boletin\/?page_id=5825"},"modified":"2021-03-26T10:05:22","modified_gmt":"2021-03-26T09:05:22","slug":"editorial","status":"publish","type":"page","link":"https:\/\/www.sigre.es\/boletin\/sigre-informa-75\/editorial\/","title":{"rendered":"EDITORIAL"},"content":{"rendered":"<div id=\"fb-root\"><\/div>\n<p>La salud de nuestro medio ambiente es fundamental para nuestra propia salud. La contaminaci\u00f3n del aire, el cambio clim\u00e1tico, la calidad del agua, la exposici\u00f3n a qu\u00edmicos o el ruido ambiental son algunos de los factores ambientales que pueden tener un impacto negativo en la salud humana.<\/p>\n<p>La OMS no cesa de alertar sobre la estrecha vinculaci\u00f3n entre la salud y el medio ambiente y estima que una cuarta parte de las enfermedades y de las muertes prematuras se deben a factores ambientales, que, adem\u00e1s, afectan especialmente a las personas m\u00e1s sensibles y vulnerables.<\/p>\n<p>Cada a\u00f1o, millones de personas enferman o mueren en todo el mundo por vivir o trabajar en ambientes poco saludables. Y lo que es peor, muchos de estos factores ambientales podr\u00edan evitarse o mitigarse si se aplicasen adecuadamente las medidas necesarias para mejorar la calidad de nuestro entorno.<\/p>\n<p>Para alcanzar los retos clim\u00e1ticos y medioambientales a los que nos enfrentamos ser\u00e1 imprescindible impulsar un uso eficiente de los recursos, reducir la generaci\u00f3n de residuos, restaurar la biodiversidad y reducir la contaminaci\u00f3n. Pero estas medidas no ser\u00e1n suficientes si no se consigue la implicaci\u00f3n de toda la sociedad.<\/p>\n<p>Cada persona, organizaci\u00f3n y administraci\u00f3n tiene una responsabilidad. Por eso, desde SIGRE apoyamos los trabajos que est\u00e1n llevando a cabo los Ministerios de Sanidad, Consumo y Bienestar Social y de Transici\u00f3n Ecol\u00f3gica y el Reto Demogr\u00e1fico\u00a0 para la elaboraci\u00f3n de un Plan Nacional de Salud y Medio Ambiente.<\/p>\n<p>Este plan permitir\u00e1 analizar en nuestro pa\u00eds los efectos del medio ambiente sobre la salud, recoger\u00e1 las medidas para evitar la degradaci\u00f3n de los ecosistemas e incluir\u00e1 las acciones necesarias para mejorar de la calidad ambiental y minimizar los riesgos para la salud de las personas.<\/p>\n","protected":false},"excerpt":{"rendered":"<p>La salud de nuestro medio ambiente es fundamental para nuestra propia salud. La contaminaci\u00f3n del aire, el cambio clim\u00e1tico, la calidad del agua, la exposici\u00f3n a qu\u00edmicos o el ruido ambiental son algunos de los factores ambientales que pueden tener un impacto negativo en la salud humana. La OMS no cesa de alertar sobre la [&hellip;]<\/p>\n","protected":false},"author":7,"featured_media":0,"parent":5812,"menu_order":276,"comment_status":"closed","ping_status":"closed","template":"sigre-entrevista.php","meta":{"footnotes":""},"class_list":["post-5825","page","type-page","status-publish","hentry"],"_links":{"self":[{"href":"https:\/\/www.sigre.es\/boletin\/wp-json\/wp\/v2\/pages\/5825","targetHints":{"allow":["GET"]}}],"collection":[{"href":"https:\/\/www.sigre.es\/boletin\/wp-json\/wp\/v2\/pages"}],"about":[{"href":"https:\/\/www.sigre.es\/boletin\/wp-json\/wp\/v2\/types\/page"}],"author":[{"embeddable":true,"href":"https:\/\/www.sigre.es\/boletin\/wp-json\/wp\/v2\/users\/7"}],"replies":[{"embeddable":true,"href":"https:\/\/www.sigre.es\/boletin\/wp-json\/wp\/v2\/comments?post=5825"}],"version-history":[{"count":0,"href":"https:\/\/www.sigre.es\/boletin\/wp-json\/wp\/v2\/pages\/5825\/revisions"}],"up":[{"embeddable":true,"href":"https:\/\/www.sigre.es\/boletin\/wp-json\/wp\/v2\/pages\/5812"}],"wp:attachment":[{"href":"https:\/\/www.sigre.es\/boletin\/wp-json\/wp\/v2\/media?parent=5825"}],"curies":[{"name":"wp","href":"https:\/\/api.w.org\/{rel}","templated":true}]}}