{"id":5820,"date":"2021-03-24T09:17:45","date_gmt":"2021-03-24T08:17:45","guid":{"rendered":"https:\/\/www.sigre.es\/boletin\/?page_id=5820"},"modified":"2021-03-24T11:08:03","modified_gmt":"2021-03-24T10:08:03","slug":"actualidad","status":"publish","type":"page","link":"https:\/\/www.sigre.es\/boletin\/sigre-informa-75\/actualidad\/","title":{"rendered":"ACTUALIDAD"},"content":{"rendered":"<div id=\"fb-root\"><\/div>\n<p>SIGRE pone a disposici\u00f3n de los profesores y centros educativos de toda Espa\u00f1a el <a href=\"https:\/\/www.sigre.es\/sostenibilidad#educacion-secundaria\" target=\"_blank\" rel=\"noopener\"><strong>Proyecto de Aprendizaje y Servicio (APS) \u201cMedicamentos: \u201ccu\u00e1l, cu\u00e1ndo, c\u00f3mo\u201d<\/strong><\/a>. El objetivo de este Proyecto es concienciar a los alumnos de ense\u00f1anza secundaria y bachillerato sobre el uso adecuado de los medicamentos, tanto desde el punto de vista de la salud como del medio ambiente.<\/p>\n<p>Tras la realizaci\u00f3n de una prueba piloto en Catalu\u00f1a, SIGRE ampl\u00eda el Proyecto a toda Espa\u00f1a de cara al presente curso escolar. A trav\u00e9s del <a href=\"https:\/\/www.sigre.es\/sostenibilidad#educacion-secundaria\" target=\"_blank\" rel=\"noopener\">formulario accesible en la web de SIGRE<\/a> se facilita al profesorado el material necesario y ya son m\u00e1s de 200 centros educativos y profesores los que cuentan con ello.<\/p>\n<p>Los contenidos de esta unidad did\u00e1ctica ayudar\u00e1n a los alumnos de 3\u00ba y 4\u00ba de la ESO y de 1\u00ba de Bachillerato a desarrollar determinadas competencias b\u00e1sicas relacionadas con el contenido de los prospectos, la organizaci\u00f3n del botiqu\u00edn dom\u00e9stico o la forma correcta de depositar los medicamentos caducados o en desuso en el Punto SIGRE de las farmacias para que reciban una correcta gesti\u00f3n medioambiental.<\/p>\n<p>El Proyecto tambi\u00e9n contempla una serie de actividades pr\u00e1cticas de servicio a la comunidad y de implicaci\u00f3n de los alumnos con las labores de sensibilizaci\u00f3n en su propio entorno.<\/p>\n","protected":false},"excerpt":{"rendered":"<p>SIGRE pone a disposici\u00f3n de los profesores y centros educativos de toda Espa\u00f1a el Proyecto de Aprendizaje y Servicio (APS) \u201cMedicamentos: \u201ccu\u00e1l, cu\u00e1ndo, c\u00f3mo\u201d. El objetivo de este Proyecto es concienciar a los alumnos de ense\u00f1anza secundaria y bachillerato sobre el uso adecuado de los medicamentos, tanto desde el punto de vista de la salud [&hellip;]<\/p>\n","protected":false},"author":7,"featured_media":0,"parent":5812,"menu_order":273,"comment_status":"closed","ping_status":"closed","template":"sigre-entrevista.php","meta":{"footnotes":""},"class_list":["post-5820","page","type-page","status-publish","hentry"],"_links":{"self":[{"href":"https:\/\/www.sigre.es\/boletin\/wp-json\/wp\/v2\/pages\/5820","targetHints":{"allow":["GET"]}}],"collection":[{"href":"https:\/\/www.sigre.es\/boletin\/wp-json\/wp\/v2\/pages"}],"about":[{"href":"https:\/\/www.sigre.es\/boletin\/wp-json\/wp\/v2\/types\/page"}],"author":[{"embeddable":true,"href":"https:\/\/www.sigre.es\/boletin\/wp-json\/wp\/v2\/users\/7"}],"replies":[{"embeddable":true,"href":"https:\/\/www.sigre.es\/boletin\/wp-json\/wp\/v2\/comments?post=5820"}],"version-history":[{"count":0,"href":"https:\/\/www.sigre.es\/boletin\/wp-json\/wp\/v2\/pages\/5820\/revisions"}],"up":[{"embeddable":true,"href":"https:\/\/www.sigre.es\/boletin\/wp-json\/wp\/v2\/pages\/5812"}],"wp:attachment":[{"href":"https:\/\/www.sigre.es\/boletin\/wp-json\/wp\/v2\/media?parent=5820"}],"curies":[{"name":"wp","href":"https:\/\/api.w.org\/{rel}","templated":true}]}}