{"id":5815,"date":"2021-03-24T09:11:14","date_gmt":"2021-03-24T08:11:14","guid":{"rendered":"https:\/\/www.sigre.es\/boletin\/?page_id=5815"},"modified":"2021-12-13T13:12:54","modified_gmt":"2021-12-13T12:12:54","slug":"entrevista1","status":"publish","type":"page","link":"https:\/\/www.sigre.es\/boletin\/sigre-informa-75\/entrevista1\/","title":{"rendered":"ENTREVISTA"},"content":{"rendered":"<div id=\"fb-root\"><\/div>\n<p><strong>\u00bfCree que se ha fortalecido el periodismo ambiental en la era Covid?<\/strong><\/p>\n<p>Creo que el a\u00f1o 2020 va a quedar en nuestra memoria como un punto de inflexi\u00f3n. Nos hemos dado cuenta de la relaci\u00f3n tan estrecha que tenemos con la naturaleza. Quiz\u00e1s antes pens\u00e1bamos que est\u00e1bamos m\u00e1s desconectados y que la p\u00e9rdida de biodiversidad o el cambio clim\u00e1tico no nos afectaban directamente y menos a nuestra salud. Pero qu\u00e9 equivocaci\u00f3n. Los seres humanos somos naturaleza y, como han comprobado los cient\u00edficos, el 70% de las pandemias se producen por zoonosis, cuando el virus salta de animales a humanos. Ante esta situaci\u00f3n, el periodismo ambiental ha registrado un mayor inter\u00e9s por parte de los lectores, oyentes y espectadores. Las noticias ambientales son cada vez m\u00e1s demandadas porque tratan sobre lo que nos afecta a diario: lo que comemos, el aire que respiramos, con qu\u00e9 se fabrica nuestra ropa, qu\u00e9 medio de transporte utilizo o qu\u00e9 energ\u00eda consumo. Y por supuesto, qu\u00e9 pasa con los residuos y c\u00f3mo se reciclan. Ante esta demanda informativa, hay cada vez m\u00e1s medios de comunicaci\u00f3n que han apostado por secciones fijas sobre medio ambiente y eso es apostar por el futuro.<\/p>\n<p><strong>\u00bfC\u00f3mo valora la labor de sensibilizaci\u00f3n social realizada por SIGRE en torno al cuidado de la salud y la naturaleza?<\/strong><\/p>\n<p>Es imprescindible que los ciudadanos cuenten con mayor y mejor informaci\u00f3n sobre qu\u00e9 se hace con un medicamento cuando est\u00e1 caducado.- Se tiene que llevar a Punto SIGRE, porque forma parte de la cadena de producci\u00f3n y es necesario cerrar el c\u00edrculo. Los consumidores tenemos que ser conscientes de que cada vez que compramos un producto su ciclo de vida no acaba cuando lo echamos al cubo de basura, sino que necesita un tratamiento, bien para reciclarse y convertirse en nuevas materias primas o bien para eliminarse de forma segura para el medio ambiente y para nosotros. Es fundamental que los ciudadanos conozcan la econom\u00eda circular y para eso, las entidades deben ofrecer informaci\u00f3n rigurosa, sensibilizar y de esta forma implicar a cada ciudadano para que lleve al Punto SIGRE las cajas de medicamentos y los f\u00e1rmacos caducados. Necesitamos implicar a todos para hacer una correcta gesti\u00f3n de los residuos.<\/p>\n<p><strong>SIGRE y la APIA tienen un convenio de colaboraci\u00f3n para impulsar el periodismo medioambiental. \u00bfCree que este tipo de iniciativas contribuye a fomentar esta especialidad?<\/strong><\/p>\n<p>El periodismo ambiental necesita de los mejores profesionales y cada vez es m\u00e1s necesaria la especializaci\u00f3n, por eso es fundamental poder ofrecer a los estudiantes de \u00faltimo a\u00f1o de carrera o reci\u00e9n licenciados la oportunidad de trabajar con un tutor, un periodista ambiental veterano, que le ir\u00e1 formando. Conocer las fuentes, empaparse de un tema, contrastar y verificar y recurrir a los datos y a los expertos es imprescindible para hacer informaci\u00f3n rigurosa. Cuando los alumnos salen de la Facultad no han tenido la oportunidad de conocer a fondo la especializaci\u00f3n en periodismo ambiental, por lo que la beca SIGRE APIA es una oportunidad magn\u00edfica para que les pique el gusanillo; y lo mejor es que todos los que nos dedicamos al periodismo ambiental, ya no lo dejamos nunca.<\/p>\n","protected":false},"excerpt":{"rendered":"<p>\u00bfCree que se ha fortalecido el periodismo ambiental en la era Covid? Creo que el a\u00f1o 2020 va a quedar en nuestra memoria como un punto de inflexi\u00f3n. Nos hemos dado cuenta de la relaci\u00f3n tan estrecha que tenemos con la naturaleza. Quiz\u00e1s antes pens\u00e1bamos que est\u00e1bamos m\u00e1s desconectados y que la p\u00e9rdida de biodiversidad [&hellip;]<\/p>\n","protected":false},"author":7,"featured_media":0,"parent":5812,"menu_order":274,"comment_status":"closed","ping_status":"closed","template":"sigre-entrevista.php","meta":{"footnotes":""},"class_list":["post-5815","page","type-page","status-publish","hentry"],"_links":{"self":[{"href":"https:\/\/www.sigre.es\/boletin\/wp-json\/wp\/v2\/pages\/5815","targetHints":{"allow":["GET"]}}],"collection":[{"href":"https:\/\/www.sigre.es\/boletin\/wp-json\/wp\/v2\/pages"}],"about":[{"href":"https:\/\/www.sigre.es\/boletin\/wp-json\/wp\/v2\/types\/page"}],"author":[{"embeddable":true,"href":"https:\/\/www.sigre.es\/boletin\/wp-json\/wp\/v2\/users\/7"}],"replies":[{"embeddable":true,"href":"https:\/\/www.sigre.es\/boletin\/wp-json\/wp\/v2\/comments?post=5815"}],"version-history":[{"count":0,"href":"https:\/\/www.sigre.es\/boletin\/wp-json\/wp\/v2\/pages\/5815\/revisions"}],"up":[{"embeddable":true,"href":"https:\/\/www.sigre.es\/boletin\/wp-json\/wp\/v2\/pages\/5812"}],"wp:attachment":[{"href":"https:\/\/www.sigre.es\/boletin\/wp-json\/wp\/v2\/media?parent=5815"}],"curies":[{"name":"wp","href":"https:\/\/api.w.org\/{rel}","templated":true}]}}