{"id":5192,"date":"2019-12-12T10:17:35","date_gmt":"2019-12-12T09:17:35","guid":{"rendered":"https:\/\/www.sigre.es\/boletin\/?page_id=5192"},"modified":"2019-12-12T15:44:47","modified_gmt":"2019-12-12T14:44:47","slug":"actualidad-2-2-3","status":"publish","type":"page","link":"https:\/\/www.sigre.es\/boletin\/sigre-informa-70\/actualidad-2-2-3\/","title":{"rendered":"ACTUALIDAD"},"content":{"rendered":"<div id=\"fb-root\"><\/div>\n<p>La Asociaci\u00f3n Espa\u00f1ola de Farmac\u00e9uticos de la Industria (AEFI) ha publicado un <a href=\"https:\/\/www.aefi.org\/venta-publicaciones\/3364-l11-manual-para-gestion-de-residuos-en-la-industria-farmaceutica\" target=\"_blank\">\u201cManual para gesti\u00f3n de residuos en la industria farmac\u00e9utica\u201d<\/a> que aborda, de forma pr\u00e1ctica, los pasos a seguir para una correcta gesti\u00f3n ambiental de los distintos tipos de residuos que se pueden generar.<\/p>\n<p>Este Manual, prologado por Juan Carlos Mampaso, Director General de SIGRE, dedica uno de sus cap\u00edtulos al ecodise\u00f1o de los envases farmac\u00e9uticos, en el que se explica la importancia que tiene la aplicaci\u00f3n de medidas de mejora medioambiental y el an\u00e1lisis del ciclo de vida de los envases farmac\u00e9uticos para minimizar su impacto ambiental.<\/p>\n<p>Asimismo, otro cap\u00edtulo se centra en el reciclado de los envases y residuos de medicamentos de origen dom\u00e9stico en Espa\u00f1a, la Uni\u00f3n Europea e Iberoam\u00e9rica. En \u00e9l, \u00a0se explica el funcionamiento de diferentes sistemas y las obligaciones legales, tanto sanitarias como medioambientales, que los laboratorios farmac\u00e9uticos cumplen con su adhesi\u00f3n a los mismos.<\/p>\n<p style=\"text-align: center;\"><a href=\"https:\/\/www.sigre.es\/boletin\/wp-content\/uploads\/2019\/12\/ACTU_3_1.jpg\"><img loading=\"lazy\" decoding=\"async\" class=\"aligncenter wp-image-5195\" src=\"https:\/\/www.sigre.es\/boletin\/wp-content\/uploads\/2019\/12\/ACTU_3_1.jpg\" alt=\"ACTU_3_1\" width=\"400\" height=\"216\" srcset=\"https:\/\/www.sigre.es\/boletin\/wp-content\/uploads\/2019\/12\/ACTU_3_1.jpg 600w, https:\/\/www.sigre.es\/boletin\/wp-content\/uploads\/2019\/12\/ACTU_3_1-300x162.jpg 300w\" sizes=\"auto, (max-width: 400px) 100vw, 400px\" \/><\/a><\/p>\n<p style=\"text-align: center;\"><span style=\"color: #999999; font-size: 12px;\"> Un momento de la presentaci\u00f3n del Manual editado por AEFI. De izquierda a derecha: Jos\u00e9 Carlos Gabriel, autor del Manual y Responsable de Medio Ambiente en Lilly; Ana L\u00f3pez, Presidenta de la secci\u00f3n Centro de AEFI; Francisco Javier Cach\u00f3n de Mesa, Director General de Biodiversidad y Calidad Ambiental de MITECO; Carmen Garc\u00eda, Presidenta de AEFI, Vicente Galv\u00e1n, Director General de Econom\u00eda Circular de la Comunidad de Madrid; y Juan Carlos Mampaso, Director General de SIGRE<\/span><\/p>\n","protected":false},"excerpt":{"rendered":"<p>La Asociaci\u00f3n Espa\u00f1ola de Farmac\u00e9uticos de la Industria (AEFI) ha publicado un \u201cManual para gesti\u00f3n de residuos en la industria farmac\u00e9utica\u201d que aborda, de forma pr\u00e1ctica, los pasos a seguir para una correcta gesti\u00f3n ambiental de los distintos tipos de residuos que se pueden generar. Este Manual, prologado por Juan Carlos Mampaso, Director General de [&hellip;]<\/p>\n","protected":false},"author":7,"featured_media":0,"parent":5140,"menu_order":276,"comment_status":"closed","ping_status":"closed","template":"sigre-entrevista.php","meta":{"footnotes":""},"class_list":["post-5192","page","type-page","status-publish","hentry"],"_links":{"self":[{"href":"https:\/\/www.sigre.es\/boletin\/wp-json\/wp\/v2\/pages\/5192","targetHints":{"allow":["GET"]}}],"collection":[{"href":"https:\/\/www.sigre.es\/boletin\/wp-json\/wp\/v2\/pages"}],"about":[{"href":"https:\/\/www.sigre.es\/boletin\/wp-json\/wp\/v2\/types\/page"}],"author":[{"embeddable":true,"href":"https:\/\/www.sigre.es\/boletin\/wp-json\/wp\/v2\/users\/7"}],"replies":[{"embeddable":true,"href":"https:\/\/www.sigre.es\/boletin\/wp-json\/wp\/v2\/comments?post=5192"}],"version-history":[{"count":0,"href":"https:\/\/www.sigre.es\/boletin\/wp-json\/wp\/v2\/pages\/5192\/revisions"}],"up":[{"embeddable":true,"href":"https:\/\/www.sigre.es\/boletin\/wp-json\/wp\/v2\/pages\/5140"}],"wp:attachment":[{"href":"https:\/\/www.sigre.es\/boletin\/wp-json\/wp\/v2\/media?parent=5192"}],"curies":[{"name":"wp","href":"https:\/\/api.w.org\/{rel}","templated":true}]}}