{"id":5157,"date":"2019-12-11T20:59:14","date_gmt":"2019-12-11T19:59:14","guid":{"rendered":"https:\/\/www.sigre.es\/boletin\/?page_id=5157"},"modified":"2019-12-12T15:38:43","modified_gmt":"2019-12-12T14:38:43","slug":"editorial","status":"publish","type":"page","link":"https:\/\/www.sigre.es\/boletin\/sigre-informa-70\/editorial\/","title":{"rendered":"EDITORIAL"},"content":{"rendered":"<div id=\"fb-root\"><\/div>\n<p>La sociedad y las instituciones p\u00fablicas son cada vez m\u00e1s conscientes de que actuar contra la crisis clim\u00e1tica y comenzar cuanto antes a mitigar sus efectos sobre el medio ambiente y la salud p\u00fablica no es una opci\u00f3n sino una urgente necesidad.<\/p>\n<p>Y as\u00ed se ha puesto de manifiesto en el transcurso de la Conferencia de las Naciones Unidas sobre el Cambio Clim\u00e1tico (COP25), que recientemente se ha celebrado en Madrid y que ha reunido a m\u00e1s de 25.000 representantes de cerca de 200 pa\u00edses.<\/p>\n<p>Para SIGRE ha sido un orgullo que una de las iniciativas llevadas cabo este a\u00f1o, el lanzamiento de la web ecoFARMACIA, haya sido seleccionada y presentada en este foro mundial como un ejemplo de buena pr\u00e1ctica ambiental para luchar contra el cambio clim\u00e1tico, poniendo en valor el compromiso del sector farmac\u00e9utico por actuar en este campo.<\/p>\n<p>En este sentido, me gustar\u00eda resaltar otras acciones clim\u00e1ticas empresariales del sector farmac\u00e9utico, realizadas a trav\u00e9s de SIGRE, que tambi\u00e9n est\u00e1n sirviendo para paliar el preocupante aumento de la temperatura del planeta<\/p>\n<p>Gracias a las innovadoras medidas de prevenci\u00f3n y ecodise\u00f1o que han aplicado los laboratorios farmac\u00e9uticos a los envases de medicamentos, a la log\u00edstica inversa aportada por las empresas de distribuci\u00f3n del sector al funcionamiento de SIGRE y al reciclado de los materiales de los envases depositados en los Puntos SIGRE de las farmacias, se ha logrado evitar la emisi\u00f3n a la atm\u00f3sfera de m\u00e1s de 101.000 toneladas de CO<sub>2, <\/sub>uno de los principales gases de efecto invernadero.<\/p>\n<p>Esta apuesta del sector farmac\u00e9utico por el medio ambiente se enmarca en el camino de c\u00f3mo debe avanzar el sector empresarial para contribuir a conseguir la necesaria sostenibilidad ambiental.<\/p>\n","protected":false},"excerpt":{"rendered":"<p>La sociedad y las instituciones p\u00fablicas son cada vez m\u00e1s conscientes de que actuar contra la crisis clim\u00e1tica y comenzar cuanto antes a mitigar sus efectos sobre el medio ambiente y la salud p\u00fablica no es una opci\u00f3n sino una urgente necesidad. Y as\u00ed se ha puesto de manifiesto en el transcurso de la Conferencia [&hellip;]<\/p>\n","protected":false},"author":7,"featured_media":0,"parent":5140,"menu_order":271,"comment_status":"closed","ping_status":"closed","template":"articulo1.php","meta":{"footnotes":""},"class_list":["post-5157","page","type-page","status-publish","hentry"],"_links":{"self":[{"href":"https:\/\/www.sigre.es\/boletin\/wp-json\/wp\/v2\/pages\/5157","targetHints":{"allow":["GET"]}}],"collection":[{"href":"https:\/\/www.sigre.es\/boletin\/wp-json\/wp\/v2\/pages"}],"about":[{"href":"https:\/\/www.sigre.es\/boletin\/wp-json\/wp\/v2\/types\/page"}],"author":[{"embeddable":true,"href":"https:\/\/www.sigre.es\/boletin\/wp-json\/wp\/v2\/users\/7"}],"replies":[{"embeddable":true,"href":"https:\/\/www.sigre.es\/boletin\/wp-json\/wp\/v2\/comments?post=5157"}],"version-history":[{"count":0,"href":"https:\/\/www.sigre.es\/boletin\/wp-json\/wp\/v2\/pages\/5157\/revisions"}],"up":[{"embeddable":true,"href":"https:\/\/www.sigre.es\/boletin\/wp-json\/wp\/v2\/pages\/5140"}],"wp:attachment":[{"href":"https:\/\/www.sigre.es\/boletin\/wp-json\/wp\/v2\/media?parent=5157"}],"curies":[{"name":"wp","href":"https:\/\/api.w.org\/{rel}","templated":true}]}}