{"id":5144,"date":"2019-12-11T20:32:28","date_gmt":"2019-12-11T19:32:28","guid":{"rendered":"https:\/\/www.sigre.es\/boletin\/?page_id=5144"},"modified":"2019-12-12T15:37:07","modified_gmt":"2019-12-12T14:37:07","slug":"entrevista","status":"publish","type":"page","link":"https:\/\/www.sigre.es\/boletin\/sigre-informa-70\/entrevista\/","title":{"rendered":"ENTREVISTA"},"content":{"rendered":"<div id=\"fb-root\"><\/div>\n<p><strong>Sevilla ser\u00e1 la capital internacional de la farmacia en 2020 y acoger\u00e1 el 80 Congreso Mundial de la Federaci\u00f3n Internacional Farmac\u00e9utica (FIP). \u00bfQu\u00e9 implica este congreso para la farmacia espa\u00f1ola?<\/strong><\/p>\n<p>La celebraci\u00f3n del Congreso Mundial de Farmacia en Sevilla, coincidiendo paralelamente con el 22 Congreso Nacional Farmac\u00e9utico, refleja el liderazgo de la farmacia espa\u00f1ola en el mundo y a su vez implica la enorme responsabilidad de acoger a los m\u00e1s de 5.000 farmac\u00e9uticos provenientes de m\u00e1s de 100 pa\u00edses que nos acompa\u00f1ar\u00e1n.<\/p>\n<p>En esta ocasi\u00f3n, el lema elegido por la FIP es \u00ab<em>La revoluci\u00f3n tecnol\u00f3gica: impacto en la farmacia y la asistencia sanitaria\u00bb y<\/em>\u00a0refleja fielmente los trabajos que est\u00e1 liderando la Organizaci\u00f3n Farmac\u00e9utica Colegial, con ejemplos como la receta electr\u00f3nica p\u00fablica y privada o el Sistema Espa\u00f1ol de Verificaci\u00f3n de Medicamentos (Sevem) en coordinaci\u00f3n con el resto de agentes del sector.<\/p>\n<p><strong>El Consejo ha presentado recientemente su nueva estrategia corporativa bajo el lema \u201cSomos Farmac\u00e9uticos\u201d. \u00bfQu\u00e9 importancia tiene la sostenibilidad ambiental en esta nueva hoja de ruta? <\/strong><\/p>\n<p>Todas las actuaciones de la estrategia Somos Farmac\u00e9uticos responden a tres ejes que marcan el futuro de la profesi\u00f3n: Somos asistenciales, somos sociales, somos digitales. Simult\u00e1neamente, se ha alineado toda esa actividad con los ODS de Naciones Unidas, contribuyendo al cumplimiento de 11 de los 17 objetivos. Unas acciones en las que SIGRE desempe\u00f1a un papel destacado. As\u00ed, en lo que respecta a las farmacias comunitarias, SIGRE recopil\u00f3 hasta 77 buenas pr\u00e1cticas que pueden implementar en su actividad diaria para cuidar del medio ambiente.<\/p>\n<p>Sin olvidar por supuesto la labor que desarrollan a trav\u00e9s del punto SIGRE con unos excelentes resultados ejemplo en todo el mundo o el trabajo de los farmac\u00e9uticos que trabajan en la Salud P\u00fablica, con funciones relacionadas con la sanidad ambiental como son, entre otros, el control de la calidad de las aguas.<\/p>\n<p><strong>El farmac\u00e9utico cumple un papel clave en SIGRE. Tras 18 a\u00f1os de la implantaci\u00f3n de los Puntos SIGRE, \u00bfc\u00f3mo valora esta iniciativa?<\/strong><\/p>\n<p>Los 18 a\u00f1os de vida de SIGRE son un reflejo del \u00e9xito de este sistema, ejemplo a nivel internacional, que fue desarrollado gracias a la colaboraci\u00f3n de todo el sector del medicamento y que tiene en las farmacias comunitarias el aliado perfecto. La cercan\u00eda y accesibilidad de estos establecimientos sanitarios no solo acercan la salud y el medicamento a los ciudadanos, sino que tambi\u00e9n permiten facilitar al m\u00e1ximo su reciclaje. Los propios ciudadanos reconocen en diferentes estudios de opini\u00f3n el papel del farmac\u00e9utico como asesor medioambiental y de la farmacia como el lugar ideal para el reciclaje de los medicamentos.<\/p>\n","protected":false},"excerpt":{"rendered":"<p>Sevilla ser\u00e1 la capital internacional de la farmacia en 2020 y acoger\u00e1 el 80 Congreso Mundial de la Federaci\u00f3n Internacional Farmac\u00e9utica (FIP). \u00bfQu\u00e9 implica este congreso para la farmacia espa\u00f1ola? La celebraci\u00f3n del Congreso Mundial de Farmacia en Sevilla, coincidiendo paralelamente con el 22 Congreso Nacional Farmac\u00e9utico, refleja el liderazgo de la farmacia espa\u00f1ola en [&hellip;]<\/p>\n","protected":false},"author":7,"featured_media":0,"parent":5140,"menu_order":268,"comment_status":"closed","ping_status":"closed","template":"sigre-entrevista.php","meta":{"footnotes":""},"class_list":["post-5144","page","type-page","status-publish","hentry"],"_links":{"self":[{"href":"https:\/\/www.sigre.es\/boletin\/wp-json\/wp\/v2\/pages\/5144","targetHints":{"allow":["GET"]}}],"collection":[{"href":"https:\/\/www.sigre.es\/boletin\/wp-json\/wp\/v2\/pages"}],"about":[{"href":"https:\/\/www.sigre.es\/boletin\/wp-json\/wp\/v2\/types\/page"}],"author":[{"embeddable":true,"href":"https:\/\/www.sigre.es\/boletin\/wp-json\/wp\/v2\/users\/7"}],"replies":[{"embeddable":true,"href":"https:\/\/www.sigre.es\/boletin\/wp-json\/wp\/v2\/comments?post=5144"}],"version-history":[{"count":0,"href":"https:\/\/www.sigre.es\/boletin\/wp-json\/wp\/v2\/pages\/5144\/revisions"}],"up":[{"embeddable":true,"href":"https:\/\/www.sigre.es\/boletin\/wp-json\/wp\/v2\/pages\/5140"}],"wp:attachment":[{"href":"https:\/\/www.sigre.es\/boletin\/wp-json\/wp\/v2\/media?parent=5144"}],"curies":[{"name":"wp","href":"https:\/\/api.w.org\/{rel}","templated":true}]}}