{"id":4821,"date":"2019-03-26T09:09:35","date_gmt":"2019-03-26T08:09:35","guid":{"rendered":"https:\/\/www.sigre.es\/boletin\/?page_id=4821"},"modified":"2019-03-26T09:14:38","modified_gmt":"2019-03-26T08:14:38","slug":"ultima-hora","status":"publish","type":"page","link":"https:\/\/www.sigre.es\/boletin\/sigre-informa-67\/ultima-hora\/","title":{"rendered":"\u00daLTIMA HORA"},"content":{"rendered":"<div id=\"fb-root\"><\/div>\n<p class=\"p1\"><span class=\"s1\">SIGRE acaba de presentar a las autoridades ambientales la Declaraci\u00f3n Anual de Envases correspondiente al ejercicio 2018, que recoge de manera pormenorizada los resultados alcanzados en la gesti\u00f3n medioambiental de los residuos de medicamentos y sus envases.<\/span><\/p>\n<p class=\"p1\"><span class=\"s1\">El informe refleja que durante el pasado a\u00f1o, a trav\u00e9s de los m\u00e1s de 21.800 Puntos SIGRE existentes en las farmacias, se recogi\u00f3 una media por habitante de 103,08 gramos de envases vac\u00edos o con restos de medicamentos, logr\u00e1ndose reciclar el 62,34% de los materiales de los envases.<\/span><\/p>\n<p><a href=\"https:\/\/www.sigre.es\/boletin\/wp-content\/uploads\/2019\/03\/UH_1_67.jpg\"><img loading=\"lazy\" decoding=\"async\" class=\"wp-image-4824\" src=\"https:\/\/www.sigre.es\/boletin\/wp-content\/uploads\/2019\/03\/UH_1_67.jpg\" alt=\"Punto SIGRE\" width=\"400\" height=\"263\" srcset=\"https:\/\/www.sigre.es\/boletin\/wp-content\/uploads\/2019\/03\/UH_1_67.jpg 1260w, https:\/\/www.sigre.es\/boletin\/wp-content\/uploads\/2019\/03\/UH_1_67-300x197.jpg 300w, https:\/\/www.sigre.es\/boletin\/wp-content\/uploads\/2019\/03\/UH_1_67-768x505.jpg 768w, https:\/\/www.sigre.es\/boletin\/wp-content\/uploads\/2019\/03\/UH_1_67-1024x674.jpg 1024w\" sizes=\"auto, (max-width: 400px) 100vw, 400px\" \/><\/a><\/p>\n","protected":false},"excerpt":{"rendered":"<p>SIGRE acaba de presentar a las autoridades ambientales la Declaraci\u00f3n Anual de Envases correspondiente al ejercicio 2018, que recoge de manera pormenorizada los resultados alcanzados en la gesti\u00f3n medioambiental de los residuos de medicamentos y sus envases. El informe refleja que durante el pasado a\u00f1o, a trav\u00e9s de los m\u00e1s de 21.800 Puntos SIGRE existentes [&hellip;]<\/p>\n","protected":false},"author":7,"featured_media":0,"parent":4695,"menu_order":206,"comment_status":"closed","ping_status":"closed","template":"sigre-entrevista.php","meta":{"footnotes":""},"class_list":["post-4821","page","type-page","status-publish","hentry"],"_links":{"self":[{"href":"https:\/\/www.sigre.es\/boletin\/wp-json\/wp\/v2\/pages\/4821","targetHints":{"allow":["GET"]}}],"collection":[{"href":"https:\/\/www.sigre.es\/boletin\/wp-json\/wp\/v2\/pages"}],"about":[{"href":"https:\/\/www.sigre.es\/boletin\/wp-json\/wp\/v2\/types\/page"}],"author":[{"embeddable":true,"href":"https:\/\/www.sigre.es\/boletin\/wp-json\/wp\/v2\/users\/7"}],"replies":[{"embeddable":true,"href":"https:\/\/www.sigre.es\/boletin\/wp-json\/wp\/v2\/comments?post=4821"}],"version-history":[{"count":0,"href":"https:\/\/www.sigre.es\/boletin\/wp-json\/wp\/v2\/pages\/4821\/revisions"}],"up":[{"embeddable":true,"href":"https:\/\/www.sigre.es\/boletin\/wp-json\/wp\/v2\/pages\/4695"}],"wp:attachment":[{"href":"https:\/\/www.sigre.es\/boletin\/wp-json\/wp\/v2\/media?parent=4821"}],"curies":[{"name":"wp","href":"https:\/\/api.w.org\/{rel}","templated":true}]}}