{"id":4816,"date":"2019-03-26T09:01:12","date_gmt":"2019-03-26T08:01:12","guid":{"rendered":"https:\/\/www.sigre.es\/boletin\/?page_id=4816"},"modified":"2019-03-26T17:27:26","modified_gmt":"2019-03-26T16:27:26","slug":"redes-sociales-2","status":"publish","type":"page","link":"https:\/\/www.sigre.es\/boletin\/sigre-informa-67\/redes-sociales-2\/","title":{"rendered":"REDES SOCIALES"},"content":{"rendered":"<div id=\"fb-root\"><\/div>\n<p class=\"p1\"><span class=\"s1\">Los distintos perfiles de las redes sociales en las que SIGRE tiene presencia contin\u00faan creciendo y logrando una mayor interacci\u00f3n y grado de participaci\u00f3n de sus usuarios.<\/span><\/p>\n<p class=\"p1\"><span class=\"s1\">A trav\u00e9s de estas redes, SIGRE muestra la labor que desarrolla para cuidar del medio ambiente y la salud de los ciudadanos y tambi\u00e9n atiende consultas o demandas de informaci\u00f3n relativas a su actividad.<\/span><\/p>\n<p class=\"p1\"><span class=\"s1\">\u00a1An\u00edmate y \u00fanete a nuestra Comunidad online!<\/span><\/p>\n<p class=\"p1\"><span class=\"s1\">Sigue la actividad de SIGRE en <a href=\"https:\/\/twitter.com\/puntosigre\" target=\"_blank\"><span class=\"s2\">Twitter<\/span><\/a>, <a href=\"https:\/\/www.facebook.com\/puntosigre\" target=\"_blank\"><span class=\"s2\">Facebook<\/span><\/a><\/span> <span class=\"s1\">y <a href=\"https:\/\/www.youtube.com\/user\/PuntoSigre\" target=\"_blank\"><span class=\"s2\">Youtube.<\/span><\/a><\/span><\/p>\n<p><a href=\"https:\/\/twitter.com\/puntosigre\/status\/1102509914633760769\">https:\/\/twitter.com\/puntosigre\/status\/1102509914633760769<\/a><\/p>\n<p><a href=\"https:\/\/twitter.com\/puntosigre\/status\/1103938430994542592\">https:\/\/twitter.com\/puntosigre\/status\/1103938430994542592<\/a><\/p>\n<p><a href=\"https:\/\/twitter.com\/puntosigre\/status\/1101157658491531264\">https:\/\/twitter.com\/puntosigre\/status\/1101157658491531264<\/a><\/p>\n<p><!-- Embedded with Magic Embeds - https:\/\/magicembeds.com --><\/p>\n<div class=\"wef-measure\" style=\"max-width: 450px;\"><\/div>\n<div class=\"fb-post\" data-href=\"https:\/\/www.facebook.com\/puntosigre\/photos\/a.556590931080315\/2590747230997998\/?type=3&#038;theater\" data-width=\"450\" data-show-text=\"true\"><\/div>\n<p><a href=\"https:\/\/twitter.com\/puntosigre\/status\/1101051979751714816\">https:\/\/twitter.com\/puntosigre\/status\/1101051979751714816<\/a><\/p>\n<p><!-- Embedded with Magic Embeds - https:\/\/magicembeds.com --><\/p>\n<div class=\"wef-measure\" style=\"max-width: 450px;\"><\/div>\n<div class=\"fb-post\" data-href=\"https:\/\/www.facebook.com\/puntosigre\/photos\/a.556590931080315\/2592308494175205\/?type=3&#038;theater\" data-width=\"450\" data-show-text=\"true\"><\/div>\n<p><a href=\"https:\/\/twitter.com\/puntosigre\/status\/1100395160226148353\">https:\/\/twitter.com\/puntosigre\/status\/1100395160226148353<\/a><\/p>\n<p>https:\/\/twitter.com\/puntosigre\/status\/1098221057499115520<\/p>\n<blockquote class=\"twitter-tweet\" data-width=\"500\" data-dnt=\"true\">\n<p lang=\"es\" dir=\"ltr\">\u00bfQU\u00c9 ES Y C\u00d3MO SE APLICA EL <a href=\"https:\/\/twitter.com\/hashtag\/ECODISE%C3%91O?src=hash&amp;ref_src=twsrc%5Etfw\">#ECODISE\u00d1O<\/a> A LOS ENVASES DE <a href=\"https:\/\/twitter.com\/hashtag\/MEDICAMENTOS?src=hash&amp;ref_src=twsrc%5Etfw\">#MEDICAMENTOS<\/a>?<br \/>A trav\u00e9s de esta web, puedes descubrir c\u00f3mo la <a href=\"https:\/\/twitter.com\/hashtag\/industriafarmac%C3%A9utica?src=hash&amp;ref_src=twsrc%5Etfw\">#industriafarmac\u00e9utica<\/a> apuesta por envases cada vez m\u00e1s <a href=\"https:\/\/twitter.com\/hashtag\/ecol%C3%B3gicos?src=hash&amp;ref_src=twsrc%5Etfw\">#ecol\u00f3gicos<\/a> y f\u00e1cilmente <a href=\"https:\/\/twitter.com\/hashtag\/reciclables?src=hash&amp;ref_src=twsrc%5Etfw\">#reciclables<\/a> <a href=\"https:\/\/t.co\/icdAjj7MMl\">https:\/\/t.co\/icdAjj7MMl<\/a> <a href=\"https:\/\/twitter.com\/Farmaindustria?ref_src=twsrc%5Etfw\">@Farmaindustria<\/a> <a href=\"https:\/\/twitter.com\/AESEG_genericos?ref_src=twsrc%5Etfw\">@AESEG_genericos<\/a> <a href=\"https:\/\/twitter.com\/anefp_org?ref_src=twsrc%5Etfw\">@anefp_org<\/a> <a href=\"https:\/\/t.co\/HDRcr2avqA\">pic.twitter.com\/HDRcr2avqA<\/a><\/p>\n<p>&mdash; SIGRE (@puntosigre) <a href=\"https:\/\/twitter.com\/puntosigre\/status\/1097481074995802112?ref_src=twsrc%5Etfw\">February 18, 2019<\/a><\/p><\/blockquote>\n<p><script async src=\"https:\/\/platform.twitter.com\/widgets.js\" charset=\"utf-8\"><\/script><\/p>\n<blockquote class=\"twitter-tweet\" data-width=\"500\" data-dnt=\"true\">\n<p lang=\"es\" dir=\"ltr\">FARMAC\u00c9UTIC@, SI EST\u00c1S CUIDANDO DEL MEDIO AMBIENTE DESDE TU <a href=\"https:\/\/twitter.com\/hashtag\/FARMACIA?src=hash&amp;ref_src=twsrc%5Etfw\">#FARMACIA<\/a>, OBT\u00c9N ESTE DIPLOMA Y MU\u00c9STRALO P\u00daBLICAMENTE<br \/>En la web de SIGRE podr\u00e1s obtener el Diploma de <a href=\"https:\/\/twitter.com\/hashtag\/Ecofarmacia?src=hash&amp;ref_src=twsrc%5Etfw\">#Ecofarmacia<\/a> y mostrar p\u00fablicamente tu compromiso con el <a href=\"https:\/\/twitter.com\/hashtag\/medioambiente?src=hash&amp;ref_src=twsrc%5Etfw\">#medioambiente<\/a><br \/>Accede al site \u25b6\ufe0f<a href=\"https:\/\/t.co\/uhVZ7dnP4z\">https:\/\/t.co\/uhVZ7dnP4z<\/a> <a href=\"https:\/\/t.co\/lFc8ioy5my\">pic.twitter.com\/lFc8ioy5my<\/a><\/p>\n<p>&mdash; SIGRE (@puntosigre) <a href=\"https:\/\/twitter.com\/puntosigre\/status\/1095662276785377282?ref_src=twsrc%5Etfw\">February 13, 2019<\/a><\/p><\/blockquote>\n<p><script async src=\"https:\/\/platform.twitter.com\/widgets.js\" charset=\"utf-8\"><\/script><\/p>\n<p>&nbsp;<\/p>\n","protected":false},"excerpt":{"rendered":"<p>Los distintos perfiles de las redes sociales en las que SIGRE tiene presencia contin\u00faan creciendo y logrando una mayor interacci\u00f3n y grado de participaci\u00f3n de sus usuarios. A trav\u00e9s de estas redes, SIGRE muestra la labor que desarrolla para cuidar del medio ambiente y la salud de los ciudadanos y tambi\u00e9n atiende consultas o demandas [&hellip;]<\/p>\n","protected":false},"author":7,"featured_media":0,"parent":4695,"menu_order":205,"comment_status":"closed","ping_status":"closed","template":"articulo1.php","meta":{"footnotes":""},"class_list":["post-4816","page","type-page","status-publish","hentry"],"_links":{"self":[{"href":"https:\/\/www.sigre.es\/boletin\/wp-json\/wp\/v2\/pages\/4816","targetHints":{"allow":["GET"]}}],"collection":[{"href":"https:\/\/www.sigre.es\/boletin\/wp-json\/wp\/v2\/pages"}],"about":[{"href":"https:\/\/www.sigre.es\/boletin\/wp-json\/wp\/v2\/types\/page"}],"author":[{"embeddable":true,"href":"https:\/\/www.sigre.es\/boletin\/wp-json\/wp\/v2\/users\/7"}],"replies":[{"embeddable":true,"href":"https:\/\/www.sigre.es\/boletin\/wp-json\/wp\/v2\/comments?post=4816"}],"version-history":[{"count":0,"href":"https:\/\/www.sigre.es\/boletin\/wp-json\/wp\/v2\/pages\/4816\/revisions"}],"up":[{"embeddable":true,"href":"https:\/\/www.sigre.es\/boletin\/wp-json\/wp\/v2\/pages\/4695"}],"wp:attachment":[{"href":"https:\/\/www.sigre.es\/boletin\/wp-json\/wp\/v2\/media?parent=4816"}],"curies":[{"name":"wp","href":"https:\/\/api.w.org\/{rel}","templated":true}]}}