{"id":4813,"date":"2019-03-26T08:59:11","date_gmt":"2019-03-26T07:59:11","guid":{"rendered":"https:\/\/www.sigre.es\/boletin\/?page_id=4813"},"modified":"2019-03-27T08:33:00","modified_gmt":"2019-03-27T07:33:00","slug":"sigre-en-los-medios","status":"publish","type":"page","link":"https:\/\/www.sigre.es\/boletin\/sigre-informa-67\/sigre-en-los-medios\/","title":{"rendered":"SIGRE EN LOS MEDIOS"},"content":{"rendered":"<div id=\"fb-root\"><\/div>\n<p class=\"p1\"><span class=\"s1\">La actividad medioambiental y sociosanitaria de SIGRE sigue despertando un elevado inter\u00e9s entre los medios de comunicaci\u00f3n, tanto especializados como generalistas. <\/span><\/p>\n<p class=\"p1\"><span class=\"s1\">El lanzamiento de la nueva web de ecoFARMACIA de SIGRE, entre otras acciones, ha centrado buena parte de las coberturas en medios de las \u00faltimas semanas. Tambi\u00e9n han seguido mostrando, a trav\u00e9s de piezas informativas de todo tipo, la importancia de revisar el botiqu\u00edn dom\u00e9stico y de reciclar en el Punto SIGRE de la farmacia los restos de medicamentos y sus envases para cuidar del planeta.<\/span><\/p>\n<p class=\"p1\" style=\"text-align: center;\"><img loading=\"lazy\" decoding=\"async\" class=\"aligncenter size-full wp-image-4846\" src=\"https:\/\/www.sigre.es\/boletin\/wp-content\/uploads\/2019\/03\/prensa_67.jpg\" alt=\"prensa_67\" width=\"1200\" height=\"2209\" srcset=\"https:\/\/www.sigre.es\/boletin\/wp-content\/uploads\/2019\/03\/prensa_67.jpg 1200w, https:\/\/www.sigre.es\/boletin\/wp-content\/uploads\/2019\/03\/prensa_67-163x300.jpg 163w, https:\/\/www.sigre.es\/boletin\/wp-content\/uploads\/2019\/03\/prensa_67-768x1414.jpg 768w, https:\/\/www.sigre.es\/boletin\/wp-content\/uploads\/2019\/03\/prensa_67-556x1024.jpg 556w\" sizes=\"auto, (max-width: 1200px) 100vw, 1200px\" \/><\/p>\n","protected":false},"excerpt":{"rendered":"<p>La actividad medioambiental y sociosanitaria de SIGRE sigue despertando un elevado inter\u00e9s entre los medios de comunicaci\u00f3n, tanto especializados como generalistas. El lanzamiento de la nueva web de ecoFARMACIA de SIGRE, entre otras acciones, ha centrado buena parte de las coberturas en medios de las \u00faltimas semanas. Tambi\u00e9n han seguido mostrando, a trav\u00e9s de piezas [&hellip;]<\/p>\n","protected":false},"author":7,"featured_media":0,"parent":4695,"menu_order":204,"comment_status":"closed","ping_status":"closed","template":"articulo1.php","meta":{"footnotes":""},"class_list":["post-4813","page","type-page","status-publish","hentry"],"_links":{"self":[{"href":"https:\/\/www.sigre.es\/boletin\/wp-json\/wp\/v2\/pages\/4813","targetHints":{"allow":["GET"]}}],"collection":[{"href":"https:\/\/www.sigre.es\/boletin\/wp-json\/wp\/v2\/pages"}],"about":[{"href":"https:\/\/www.sigre.es\/boletin\/wp-json\/wp\/v2\/types\/page"}],"author":[{"embeddable":true,"href":"https:\/\/www.sigre.es\/boletin\/wp-json\/wp\/v2\/users\/7"}],"replies":[{"embeddable":true,"href":"https:\/\/www.sigre.es\/boletin\/wp-json\/wp\/v2\/comments?post=4813"}],"version-history":[{"count":0,"href":"https:\/\/www.sigre.es\/boletin\/wp-json\/wp\/v2\/pages\/4813\/revisions"}],"up":[{"embeddable":true,"href":"https:\/\/www.sigre.es\/boletin\/wp-json\/wp\/v2\/pages\/4695"}],"wp:attachment":[{"href":"https:\/\/www.sigre.es\/boletin\/wp-json\/wp\/v2\/media?parent=4813"}],"curies":[{"name":"wp","href":"https:\/\/api.w.org\/{rel}","templated":true}]}}