{"id":4801,"date":"2019-03-25T22:25:28","date_gmt":"2019-03-25T21:25:28","guid":{"rendered":"https:\/\/www.sigre.es\/boletin\/?page_id=4801"},"modified":"2019-03-26T18:22:41","modified_gmt":"2019-03-26T17:22:41","slug":"blog-sigre","status":"publish","type":"page","link":"https:\/\/www.sigre.es\/boletin\/sigre-informa-67\/blog-sigre\/","title":{"rendered":"BLOG SIGRE"},"content":{"rendered":"<div id=\"fb-root\"><\/div>\n<p class=\"p1\"><span class=\"s1\">El Blog corporativo de SIGRE sigue consolid\u00e1ndose, mes a mes, como una de las principales herramientas de comunicaci\u00f3n de la entidad con sus grupos de inter\u00e9s.<\/span><\/p>\n<p class=\"p1\"><span class=\"s1\">En la actualidad, este canal online de la organizaci\u00f3n tiene un total de 6.606 suscriptores, que reciben la <i>newsletter<\/i> que se distribuye con cada nuevo contenido que se publica en el Blog.<\/span><\/p>\n<p class=\"p1\"><span class=\"s1\">Entre estos suscriptores, se encuentran farmac\u00e9uticos, profesionales del sector y personas interesadas en la actualidad dentro del \u00e1mbito de la salud y el medio ambiente. <\/span><\/p>\n<p class=\"p1\"><span class=\"s1\">Estas han sido las \u00faltimas entradas publicadas en el Blog de SIGRE:<\/span><\/p>\n<p class=\"p2\"><span class=\"s2\"><a href=\"https:\/\/blogsigre.es\/2019\/03\/15\/ecofarmacia-una-farmacia-medioambientalmente-sostenible\/\" target=\"_blank\">ecoFARMACIA\u201d, una farmacia medioambiental y sostenible<\/a><\/span><\/p>\n<p class=\"p2\"><a href=\"https:\/\/blogsigre.es\/2019\/03\/15\/ecofarmacia-una-farmacia-medioambientalmente-sostenible\/\" target=\"_blank\"><img loading=\"lazy\" decoding=\"async\" class=\"alignnone wp-image-4709\" src=\"https:\/\/www.sigre.es\/boletin\/wp-content\/uploads\/2019\/03\/ecofarma_1_67.jpg\" alt=\"ecofarma_1_67\" width=\"400\" height=\"208\" srcset=\"https:\/\/www.sigre.es\/boletin\/wp-content\/uploads\/2019\/03\/ecofarma_1_67.jpg 1260w, https:\/\/www.sigre.es\/boletin\/wp-content\/uploads\/2019\/03\/ecofarma_1_67-300x156.jpg 300w, https:\/\/www.sigre.es\/boletin\/wp-content\/uploads\/2019\/03\/ecofarma_1_67-768x399.jpg 768w, https:\/\/www.sigre.es\/boletin\/wp-content\/uploads\/2019\/03\/ecofarma_1_67-1024x532.jpg 1024w\" sizes=\"auto, (max-width: 400px) 100vw, 400px\" \/><\/a><\/p>\n<p class=\"p2\"><span class=\"s2\"><a href=\"https:\/\/blogsigre.es\/2019\/03\/08\/la-contribucion-de-la-mujer-clave-para-el-sector-farmaceutico\/\" target=\"_blank\">La contribuci\u00f3n de la mujer, clave para el sector farmac\u00e9utico<\/a><\/span><\/p>\n<p class=\"p2\"><a href=\"https:\/\/blogsigre.es\/2019\/03\/08\/la-contribucion-de-la-mujer-clave-para-el-sector-farmaceutico\/\" target=\"_blank\"><img loading=\"lazy\" decoding=\"async\" class=\"alignnone wp-image-4805\" src=\"https:\/\/www.sigre.es\/boletin\/wp-content\/uploads\/2019\/03\/Blog-2_interior.jpg\" alt=\"Blog 2_interior\" width=\"400\" height=\"211\" srcset=\"https:\/\/www.sigre.es\/boletin\/wp-content\/uploads\/2019\/03\/Blog-2_interior.jpg 632w, https:\/\/www.sigre.es\/boletin\/wp-content\/uploads\/2019\/03\/Blog-2_interior-300x159.jpg 300w\" sizes=\"auto, (max-width: 400px) 100vw, 400px\" \/><\/a><\/p>\n<p class=\"p2\"><a href=\"https:\/\/blogsigre.es\/2019\/03\/04\/10-consejos-para-lograr-un-ahorro-energetico\/\" target=\"_blank\"><span class=\"s2\">10 consejos para lograr un ahorro energ\u00e9tico<\/span><\/a><\/p>\n<p class=\"p2\"><a href=\"https:\/\/blogsigre.es\/2019\/03\/04\/10-consejos-para-lograr-un-ahorro-energetico\/\" target=\"_blank\"><img loading=\"lazy\" decoding=\"async\" class=\"alignnone wp-image-4806\" src=\"https:\/\/www.sigre.es\/boletin\/wp-content\/uploads\/2019\/03\/Blog-3_interior.jpg\" alt=\"Blog 3_interior\" width=\"400\" height=\"211\" srcset=\"https:\/\/www.sigre.es\/boletin\/wp-content\/uploads\/2019\/03\/Blog-3_interior.jpg 632w, https:\/\/www.sigre.es\/boletin\/wp-content\/uploads\/2019\/03\/Blog-3_interior-300x159.jpg 300w\" sizes=\"auto, (max-width: 400px) 100vw, 400px\" \/><\/a><\/p>\n<p class=\"p2\"><span class=\"s2\"><a href=\"https:\/\/blogsigre.es\/2019\/02\/12\/san-valentin-celebralo-amando-al-planeta\/\" target=\"_blank\">San Valent\u00edn: cel\u00e9bralo amando el planeta<\/a><\/span><\/p>\n<p class=\"p2\"><a href=\"https:\/\/blogsigre.es\/2019\/02\/12\/san-valentin-celebralo-amando-al-planeta\/\" target=\"_blank\"><img loading=\"lazy\" decoding=\"async\" class=\"alignnone wp-image-4804\" src=\"https:\/\/www.sigre.es\/boletin\/wp-content\/uploads\/2019\/03\/Blog-1_interior.jpg\" alt=\"Web\" width=\"400\" height=\"211\" srcset=\"https:\/\/www.sigre.es\/boletin\/wp-content\/uploads\/2019\/03\/Blog-1_interior.jpg 632w, https:\/\/www.sigre.es\/boletin\/wp-content\/uploads\/2019\/03\/Blog-1_interior-300x159.jpg 300w\" sizes=\"auto, (max-width: 400px) 100vw, 400px\" \/><\/a><\/p>\n<p class=\"p2\"><a href=\"https:\/\/blogsigre.es\/2019\/01\/28\/10-ideas-para-reducir-las-emisiones-de-co2-en-tu-dia-a-dia\/\" target=\"_blank\"><span class=\"s2\">10 ideas para reducir las emisiones de CO2 en tu d\u00eda a d\u00eda<\/span><\/a><\/p>\n<p class=\"p2\"><a href=\"https:\/\/blogsigre.es\/2019\/01\/28\/10-ideas-para-reducir-las-emisiones-de-co2-en-tu-dia-a-dia\/\" target=\"_blank\"><img loading=\"lazy\" decoding=\"async\" class=\"alignnone wp-image-4807\" src=\"https:\/\/www.sigre.es\/boletin\/wp-content\/uploads\/2019\/03\/Blog-4_interior.jpg\" alt=\"Blog 4_interior\" width=\"400\" height=\"211\" srcset=\"https:\/\/www.sigre.es\/boletin\/wp-content\/uploads\/2019\/03\/Blog-4_interior.jpg 632w, https:\/\/www.sigre.es\/boletin\/wp-content\/uploads\/2019\/03\/Blog-4_interior-300x159.jpg 300w\" sizes=\"auto, (max-width: 400px) 100vw, 400px\" \/><\/a><\/p>\n<p class=\"p2\"><span class=\"s2\"><a href=\"https:\/\/blogsigre.es\/2019\/01\/24\/sigre-apuesta-por-la-educacion-en-la-cultura-de-la-sostenibilidad\/\" target=\"_blank\">SIGRE apuesta por la educaci\u00f3n en la cultura de la sostenibilidad<\/a><\/span><\/p>\n<p class=\"p2\"><a href=\"https:\/\/blogsigre.es\/2019\/01\/24\/sigre-apuesta-por-la-educacion-en-la-cultura-de-la-sostenibilidad\/\" target=\"_blank\"><img loading=\"lazy\" decoding=\"async\" class=\"wp-image-4808 alignnone\" src=\"https:\/\/www.sigre.es\/boletin\/wp-content\/uploads\/2019\/03\/Blog-5_interior.jpg\" alt=\"Blog 5_interior\" width=\"400\" height=\"265\" srcset=\"https:\/\/www.sigre.es\/boletin\/wp-content\/uploads\/2019\/03\/Blog-5_interior.jpg 632w, https:\/\/www.sigre.es\/boletin\/wp-content\/uploads\/2019\/03\/Blog-5_interior-300x199.jpg 300w\" sizes=\"auto, (max-width: 400px) 100vw, 400px\" \/><\/a><\/p>\n<p class=\"p2\">\n","protected":false},"excerpt":{"rendered":"<p>El Blog corporativo de SIGRE sigue consolid\u00e1ndose, mes a mes, como una de las principales herramientas de comunicaci\u00f3n de la entidad con sus grupos de inter\u00e9s. En la actualidad, este canal online de la organizaci\u00f3n tiene un total de 6.606 suscriptores, que reciben la newsletter que se distribuye con cada nuevo contenido que se publica [&hellip;]<\/p>\n","protected":false},"author":7,"featured_media":0,"parent":4695,"menu_order":203,"comment_status":"closed","ping_status":"closed","template":"sigre-entrevista.php","meta":{"footnotes":""},"class_list":["post-4801","page","type-page","status-publish","hentry"],"_links":{"self":[{"href":"https:\/\/www.sigre.es\/boletin\/wp-json\/wp\/v2\/pages\/4801","targetHints":{"allow":["GET"]}}],"collection":[{"href":"https:\/\/www.sigre.es\/boletin\/wp-json\/wp\/v2\/pages"}],"about":[{"href":"https:\/\/www.sigre.es\/boletin\/wp-json\/wp\/v2\/types\/page"}],"author":[{"embeddable":true,"href":"https:\/\/www.sigre.es\/boletin\/wp-json\/wp\/v2\/users\/7"}],"replies":[{"embeddable":true,"href":"https:\/\/www.sigre.es\/boletin\/wp-json\/wp\/v2\/comments?post=4801"}],"version-history":[{"count":0,"href":"https:\/\/www.sigre.es\/boletin\/wp-json\/wp\/v2\/pages\/4801\/revisions"}],"up":[{"embeddable":true,"href":"https:\/\/www.sigre.es\/boletin\/wp-json\/wp\/v2\/pages\/4695"}],"wp:attachment":[{"href":"https:\/\/www.sigre.es\/boletin\/wp-json\/wp\/v2\/media?parent=4801"}],"curies":[{"name":"wp","href":"https:\/\/api.w.org\/{rel}","templated":true}]}}