{"id":4794,"date":"2019-03-25T22:17:01","date_gmt":"2019-03-25T21:17:01","guid":{"rendered":"https:\/\/www.sigre.es\/boletin\/?page_id=4794"},"modified":"2019-03-27T11:28:56","modified_gmt":"2019-03-27T10:28:56","slug":"actualidad-2-2-2-3","status":"publish","type":"page","link":"https:\/\/www.sigre.es\/boletin\/sigre-informa-67\/actualidad-2-2-2-3\/","title":{"rendered":"FOROS Y CONGRESOS"},"content":{"rendered":"<div id=\"fb-root\"><\/div>\n<p class=\"p1\"><span class=\"s1\">Para dar a conocer la contribuci\u00f3n del sector farmac\u00e9utico al nuevo modelo de econom\u00eda circular y al cuidado del medio ambiente, durante los \u00faltimos meses SIGRE ha participado en diversos foros y congresos medioambientales.<\/span><\/p>\n<p class=\"p1\"><span class=\"s1\">Los d\u00edas 14 y 15 de marzo, SIGRE colabor\u00f3 un a\u00f1o m\u00e1s con <b>Asociaci\u00f3n Espa\u00f1ola de Farmac\u00e9uticos de la Industria (AEFI)<\/b>, encarg\u00e1ndose de compensar las emisiones de CO<\/span><span class=\"s2\"><sub>2<\/sub><\/span><span class=\"s1\"> generadas por la celebraci\u00f3n de su<b> <\/b>39\u00ba Symposium.<\/span><\/p>\n<p class=\"p1\"><span class=\"s1\">Adem\u00e1s de participar en la <b>31\u00aa edici\u00f3n de INFARMA<\/b> con un p\u00f3ster cient\u00edfico sobre \u201c<i>La farmacia comunitaria y la sostenibilidad ambiental<\/i>\u201d, SIGRE estuvo presente en la mesa de debate sobre \u201cEconom\u00eda Circular\u201d del XVII Foro Nacional de Gesti\u00f3n Ambiental y Sostenibilidad,<b> <\/b>organizado por la <b>Asociaci\u00f3n Nacional de Auditores y Verificadores Medioambientales (ANAVAM)<\/b>. <\/span><\/p>\n<p class=\"p1\"><span class=\"s1\">En el marco institucional, SIGRE particip\u00f3 en las reuniones del Comit\u00e9 Ejecutivo de la <b>Red Espa\u00f1ola del Pacto Mundial<\/b> <b>(REPM)<\/b>, la Junta Directiva del <b>Club Espa\u00f1ol del Medio Ambiente (CEMA)<\/b>, la Comisi\u00f3n de Medio Ambiente de la <b>Federaci\u00f3n Empresarial de la Industria Qu\u00edmica Espa\u00f1ola (FEIQUE)<\/b> y el Grupo de Trabajo \u201cEnvase y Consumidor\u201d de la <b>Plataforma de Envase y Sociedad<\/b> <b>(PES).<\/b><\/span><\/p>\n<p class=\"p1\" style=\"text-align: center;\"><a href=\"https:\/\/www.sigre.es\/boletin\/wp-content\/uploads\/2019\/03\/FyC_1_67.jpg\"><img loading=\"lazy\" decoding=\"async\" class=\"aligncenter wp-image-4797\" src=\"https:\/\/www.sigre.es\/boletin\/wp-content\/uploads\/2019\/03\/FyC_1_67.jpg\" alt=\"FyC_1_67\" width=\"400\" height=\"279\" srcset=\"https:\/\/www.sigre.es\/boletin\/wp-content\/uploads\/2019\/03\/FyC_1_67.jpg 1260w, https:\/\/www.sigre.es\/boletin\/wp-content\/uploads\/2019\/03\/FyC_1_67-300x209.jpg 300w, https:\/\/www.sigre.es\/boletin\/wp-content\/uploads\/2019\/03\/FyC_1_67-768x535.jpg 768w, https:\/\/www.sigre.es\/boletin\/wp-content\/uploads\/2019\/03\/FyC_1_67-1024x714.jpg 1024w\" sizes=\"auto, (max-width: 400px) 100vw, 400px\" \/><\/a><\/p>\n<p class=\"p1\" style=\"text-align: center;\"><span class=\"s1\" style=\"color: #808080; font-size: 12px;\">XVII Foro Nacional de Gesti\u00f3n Ambiental y Sostenibilidad<\/span><\/p>\n","protected":false},"excerpt":{"rendered":"<p>Para dar a conocer la contribuci\u00f3n del sector farmac\u00e9utico al nuevo modelo de econom\u00eda circular y al cuidado del medio ambiente, durante los \u00faltimos meses SIGRE ha participado en diversos foros y congresos medioambientales. Los d\u00edas 14 y 15 de marzo, SIGRE colabor\u00f3 un a\u00f1o m\u00e1s con Asociaci\u00f3n Espa\u00f1ola de Farmac\u00e9uticos de la Industria (AEFI), [&hellip;]<\/p>\n","protected":false},"author":7,"featured_media":0,"parent":4695,"menu_order":202,"comment_status":"closed","ping_status":"closed","template":"sigre-entrevista.php","meta":{"footnotes":""},"class_list":["post-4794","page","type-page","status-publish","hentry"],"_links":{"self":[{"href":"https:\/\/www.sigre.es\/boletin\/wp-json\/wp\/v2\/pages\/4794","targetHints":{"allow":["GET"]}}],"collection":[{"href":"https:\/\/www.sigre.es\/boletin\/wp-json\/wp\/v2\/pages"}],"about":[{"href":"https:\/\/www.sigre.es\/boletin\/wp-json\/wp\/v2\/types\/page"}],"author":[{"embeddable":true,"href":"https:\/\/www.sigre.es\/boletin\/wp-json\/wp\/v2\/users\/7"}],"replies":[{"embeddable":true,"href":"https:\/\/www.sigre.es\/boletin\/wp-json\/wp\/v2\/comments?post=4794"}],"version-history":[{"count":0,"href":"https:\/\/www.sigre.es\/boletin\/wp-json\/wp\/v2\/pages\/4794\/revisions"}],"up":[{"embeddable":true,"href":"https:\/\/www.sigre.es\/boletin\/wp-json\/wp\/v2\/pages\/4695"}],"wp:attachment":[{"href":"https:\/\/www.sigre.es\/boletin\/wp-json\/wp\/v2\/media?parent=4794"}],"curies":[{"name":"wp","href":"https:\/\/api.w.org\/{rel}","templated":true}]}}