{"id":4788,"date":"2019-03-25T19:19:18","date_gmt":"2019-03-25T18:19:18","guid":{"rendered":"https:\/\/www.sigre.es\/boletin\/?page_id=4788"},"modified":"2019-03-27T11:06:43","modified_gmt":"2019-03-27T10:06:43","slug":"actualidad-2-2-2-2-2-2-2-2","status":"publish","type":"page","link":"https:\/\/www.sigre.es\/boletin\/sigre-informa-67\/actualidad-2-2-2-2-2-2-2-2\/","title":{"rendered":"FOROS Y CONGRESOS"},"content":{"rendered":"<div id=\"fb-root\"><\/div>\n<p class=\"p1\"><span class=\"s1\">SIGRE ha participado en la 31\u00aa edici\u00f3n de la Feria INFARMA, celebrada entre los d\u00edas 19 y 21 de marzo, con un p\u00f3ster cient\u00edfico titulado <a href=\"https:\/\/www.sigre.es\/wp-content\/uploads\/2019\/03\/SIGRE-INFARMA-2019.pdf\" target=\"_blank\"><span class=\"s2\"><i>\u201cLa farmacia comunitaria y la sostenibilidad ambiental\u201d<\/i><\/span><\/a><\/span><span class=\"s3\">,<\/span><span class=\"s1\"> en el que se aborda la labor del farmac\u00e9utico como agente activo en la promoci\u00f3n de un desarrollo sostenible.<\/span><\/p>\n<p class=\"p1\" style=\"text-align: center;\"><a href=\"https:\/\/www.sigre.es\/boletin\/wp-content\/uploads\/2019\/03\/INFARMA_1_67.jpg\"><img loading=\"lazy\" decoding=\"async\" class=\"aligncenter wp-image-4789\" src=\"https:\/\/www.sigre.es\/boletin\/wp-content\/uploads\/2019\/03\/INFARMA_1_67.jpg\" alt=\"INFARMA_1_67\" width=\"400\" height=\"189\" srcset=\"https:\/\/www.sigre.es\/boletin\/wp-content\/uploads\/2019\/03\/INFARMA_1_67.jpg 1260w, https:\/\/www.sigre.es\/boletin\/wp-content\/uploads\/2019\/03\/INFARMA_1_67-300x141.jpg 300w, https:\/\/www.sigre.es\/boletin\/wp-content\/uploads\/2019\/03\/INFARMA_1_67-768x362.jpg 768w, https:\/\/www.sigre.es\/boletin\/wp-content\/uploads\/2019\/03\/INFARMA_1_67-1024x483.jpg 1024w\" sizes=\"auto, (max-width: 400px) 100vw, 400px\" \/><\/a><\/p>\n<p class=\"p1\"><span class=\"s1\">El p\u00f3ster describe el trabajo de \u201cecofarmacovigilancia\u201d que realizan estos profesionales, as\u00ed como su papel en el correcto tratamiento ambiental de los envases vac\u00edos o con restos de medicamentos a trav\u00e9s del Punto SIGRE.<\/span><\/p>\n<p class=\"p1\"><span class=\"s1\">El objetivo de este trabajo es poner en valor la aportaci\u00f3n del farmac\u00e9utico a la salud de los pacientes a trav\u00e9s de su implicaci\u00f3n en la mejora de la sostenibilidad ambiental y el cuidado del planeta, contribuyendo as\u00ed al cumplimiento del Objetivo de Desarrollo Sostenible n\u00ba11 \u201cCiudades y comunidades sostenibles\u201d.<\/span><\/p>\n<p class=\"p1\" style=\"text-align: center;\"><a href=\"https:\/\/www.sigre.es\/wp-content\/uploads\/2019\/03\/SIGRE-INFARMA-2019.pdf\" target=\"_blank\"><img loading=\"lazy\" decoding=\"async\" class=\"aligncenter wp-image-4790\" src=\"https:\/\/www.sigre.es\/boletin\/wp-content\/uploads\/2019\/03\/INFARMA_2_67.jpg\" alt=\"INFARMA_2_67\" width=\"600\" height=\"420\" srcset=\"https:\/\/www.sigre.es\/boletin\/wp-content\/uploads\/2019\/03\/INFARMA_2_67.jpg 1260w, https:\/\/www.sigre.es\/boletin\/wp-content\/uploads\/2019\/03\/INFARMA_2_67-300x210.jpg 300w, https:\/\/www.sigre.es\/boletin\/wp-content\/uploads\/2019\/03\/INFARMA_2_67-768x537.jpg 768w, https:\/\/www.sigre.es\/boletin\/wp-content\/uploads\/2019\/03\/INFARMA_2_67-1024x716.jpg 1024w\" sizes=\"auto, (max-width: 600px) 100vw, 600px\" \/><\/a><\/p>\n","protected":false},"excerpt":{"rendered":"<p>SIGRE ha participado en la 31\u00aa edici\u00f3n de la Feria INFARMA, celebrada entre los d\u00edas 19 y 21 de marzo, con un p\u00f3ster cient\u00edfico titulado \u201cLa farmacia comunitaria y la sostenibilidad ambiental\u201d, en el que se aborda la labor del farmac\u00e9utico como agente activo en la promoci\u00f3n de un desarrollo sostenible. El p\u00f3ster describe el [&hellip;]<\/p>\n","protected":false},"author":7,"featured_media":0,"parent":4695,"menu_order":201,"comment_status":"closed","ping_status":"closed","template":"sigre-entrevista.php","meta":{"footnotes":""},"class_list":["post-4788","page","type-page","status-publish","hentry"],"_links":{"self":[{"href":"https:\/\/www.sigre.es\/boletin\/wp-json\/wp\/v2\/pages\/4788","targetHints":{"allow":["GET"]}}],"collection":[{"href":"https:\/\/www.sigre.es\/boletin\/wp-json\/wp\/v2\/pages"}],"about":[{"href":"https:\/\/www.sigre.es\/boletin\/wp-json\/wp\/v2\/types\/page"}],"author":[{"embeddable":true,"href":"https:\/\/www.sigre.es\/boletin\/wp-json\/wp\/v2\/users\/7"}],"replies":[{"embeddable":true,"href":"https:\/\/www.sigre.es\/boletin\/wp-json\/wp\/v2\/comments?post=4788"}],"version-history":[{"count":0,"href":"https:\/\/www.sigre.es\/boletin\/wp-json\/wp\/v2\/pages\/4788\/revisions"}],"up":[{"embeddable":true,"href":"https:\/\/www.sigre.es\/boletin\/wp-json\/wp\/v2\/pages\/4695"}],"wp:attachment":[{"href":"https:\/\/www.sigre.es\/boletin\/wp-json\/wp\/v2\/media?parent=4788"}],"curies":[{"name":"wp","href":"https:\/\/api.w.org\/{rel}","templated":true}]}}