{"id":4782,"date":"2019-03-25T18:20:10","date_gmt":"2019-03-25T17:20:10","guid":{"rendered":"https:\/\/www.sigre.es\/boletin\/?page_id=4782"},"modified":"2019-03-25T18:49:42","modified_gmt":"2019-03-25T17:49:42","slug":"actualidad-2-2-2-2-2-2-2","status":"publish","type":"page","link":"https:\/\/www.sigre.es\/boletin\/sigre-informa-67\/actualidad-2-2-2-2-2-2-2\/","title":{"rendered":"ACTUALIDAD"},"content":{"rendered":"<div id=\"fb-root\"><\/div>\n<p class=\"p1\"><span class=\"s1\">Recientemente, SIGRE ha renovado las certificaciones de sus Sistemas de Gesti\u00f3n de la Calidad (ISO 9001), Gesti\u00f3n Ambiental (ISO 14001), Gesti\u00f3n Energ\u00e9tica (ISO 50001) y Seguridad y Salud en el Trabajo (OHSAS 18001).<\/span><\/p>\n<p class=\"p1\"><span class=\"s1\">Estas certificaciones, otorgadas por AENOR, acreditan que la organizaci\u00f3n cumple con los requisitos de estas normas internacionales, habiendo implantado sistemas que apuestan por la mejora continua, la correcta gesti\u00f3n de los impactos ambientales, la eficiencia energ\u00e9tica y el control de los riesgos laborales asociados a su actividad.<\/span><\/p>\n<p class=\"p1\"><span class=\"s1\">Con la actualizaci\u00f3n de estas certificaciones SIGRE muestra su compromiso con la innovaci\u00f3n y la mejora continua en todos sus servicios y procesos, con el objetivo claro de seguir aportando valor al sector farmac\u00e9utico y a la sociedad en su conjunto.<\/span><\/p>\n<p class=\"p1\" style=\"text-align: center;\"><a href=\"https:\/\/www.sigre.es\/boletin\/wp-content\/uploads\/2019\/03\/AENOR_1_67.jpg\"><img loading=\"lazy\" decoding=\"async\" class=\"aligncenter wp-image-4785\" src=\"https:\/\/www.sigre.es\/boletin\/wp-content\/uploads\/2019\/03\/AENOR_1_67.jpg\" alt=\"AENOR_1_67\" width=\"600\" height=\"252\" srcset=\"https:\/\/www.sigre.es\/boletin\/wp-content\/uploads\/2019\/03\/AENOR_1_67.jpg 1260w, https:\/\/www.sigre.es\/boletin\/wp-content\/uploads\/2019\/03\/AENOR_1_67-300x126.jpg 300w, https:\/\/www.sigre.es\/boletin\/wp-content\/uploads\/2019\/03\/AENOR_1_67-768x323.jpg 768w, https:\/\/www.sigre.es\/boletin\/wp-content\/uploads\/2019\/03\/AENOR_1_67-1024x431.jpg 1024w\" sizes=\"auto, (max-width: 600px) 100vw, 600px\" \/><\/a><\/p>\n","protected":false},"excerpt":{"rendered":"<p>Recientemente, SIGRE ha renovado las certificaciones de sus Sistemas de Gesti\u00f3n de la Calidad (ISO 9001), Gesti\u00f3n Ambiental (ISO 14001), Gesti\u00f3n Energ\u00e9tica (ISO 50001) y Seguridad y Salud en el Trabajo (OHSAS 18001). Estas certificaciones, otorgadas por AENOR, acreditan que la organizaci\u00f3n cumple con los requisitos de estas normas internacionales, habiendo implantado sistemas que apuestan [&hellip;]<\/p>\n","protected":false},"author":7,"featured_media":0,"parent":4695,"menu_order":200,"comment_status":"closed","ping_status":"closed","template":"sigre-entrevista.php","meta":{"footnotes":""},"class_list":["post-4782","page","type-page","status-publish","hentry"],"_links":{"self":[{"href":"https:\/\/www.sigre.es\/boletin\/wp-json\/wp\/v2\/pages\/4782","targetHints":{"allow":["GET"]}}],"collection":[{"href":"https:\/\/www.sigre.es\/boletin\/wp-json\/wp\/v2\/pages"}],"about":[{"href":"https:\/\/www.sigre.es\/boletin\/wp-json\/wp\/v2\/types\/page"}],"author":[{"embeddable":true,"href":"https:\/\/www.sigre.es\/boletin\/wp-json\/wp\/v2\/users\/7"}],"replies":[{"embeddable":true,"href":"https:\/\/www.sigre.es\/boletin\/wp-json\/wp\/v2\/comments?post=4782"}],"version-history":[{"count":0,"href":"https:\/\/www.sigre.es\/boletin\/wp-json\/wp\/v2\/pages\/4782\/revisions"}],"up":[{"embeddable":true,"href":"https:\/\/www.sigre.es\/boletin\/wp-json\/wp\/v2\/pages\/4695"}],"wp:attachment":[{"href":"https:\/\/www.sigre.es\/boletin\/wp-json\/wp\/v2\/media?parent=4782"}],"curies":[{"name":"wp","href":"https:\/\/api.w.org\/{rel}","templated":true}]}}