{"id":4775,"date":"2019-03-25T13:13:08","date_gmt":"2019-03-25T12:13:08","guid":{"rendered":"https:\/\/www.sigre.es\/boletin\/?page_id=4775"},"modified":"2019-03-27T11:05:15","modified_gmt":"2019-03-27T10:05:15","slug":"actualidad-2-2-2-2-2-2","status":"publish","type":"page","link":"https:\/\/www.sigre.es\/boletin\/sigre-informa-67\/actualidad-2-2-2-2-2-2\/","title":{"rendered":"FORMACI\u00d3N"},"content":{"rendered":"<div id=\"fb-root\"><\/div>\n<p class=\"p1\"><span class=\"s1\">SIGRE organiz\u00f3 en Barcelona (16 de enero) y Madrid (18 de enero) dos nuevas Sesiones Formativas para explicar el funcionamiento del Formulario SIGRELAB 5.0, la herramienta digital creada por SIGRE para facilitar a los laboratorios la presentaci\u00f3n de su Declaraci\u00f3n Anual de Empresa (DAE) con las caracter\u00edsticas de los medicamentos puestos en el mercado.<\/span><\/p>\n<p class=\"p1\"><span class=\"s1\">En el transcurso de ambas sesiones, en las que participaron cerca de 60 representantes de laboratorios adheridos a SIGRE, se revis\u00f3 el contenido y la informaci\u00f3n que las compa\u00f1\u00edas farmac\u00e9uticas deben facilitar sobre los productos que hayan comercializado en el mercado espa\u00f1ol el a\u00f1o anterior, para dar as\u00ed cumplimiento a la normativa de envases vigente.<\/span><\/p>\n<p class=\"p1\" style=\"text-align: center;\"><a href=\"https:\/\/www.sigre.es\/boletin\/wp-content\/uploads\/2019\/03\/Sigrelab_1_67.jpg\"><img loading=\"lazy\" decoding=\"async\" class=\"aligncenter wp-image-4778\" src=\"https:\/\/www.sigre.es\/boletin\/wp-content\/uploads\/2019\/03\/Sigrelab_1_67.jpg\" alt=\"Sigrelab_1_67\" width=\"400\" height=\"175\" srcset=\"https:\/\/www.sigre.es\/boletin\/wp-content\/uploads\/2019\/03\/Sigrelab_1_67.jpg 760w, https:\/\/www.sigre.es\/boletin\/wp-content\/uploads\/2019\/03\/Sigrelab_1_67-300x131.jpg 300w\" sizes=\"auto, (max-width: 400px) 100vw, 400px\" \/><\/a><\/p>\n<p class=\"p3\" style=\"text-align: center;\"><span class=\"s1\" style=\"color: #808080; font-size: 12px;\">Participantes en la jornada de Madrid<\/span><\/p>\n<p class=\"p3\" style=\"text-align: center;\"><a href=\"https:\/\/www.sigre.es\/boletin\/wp-content\/uploads\/2019\/03\/Sigrelab_2_67.jpg\"><img loading=\"lazy\" decoding=\"async\" class=\"aligncenter wp-image-4779\" src=\"https:\/\/www.sigre.es\/boletin\/wp-content\/uploads\/2019\/03\/Sigrelab_2_67.jpg\" alt=\"Sigrelab_2_67\" width=\"400\" height=\"225\" srcset=\"https:\/\/www.sigre.es\/boletin\/wp-content\/uploads\/2019\/03\/Sigrelab_2_67.jpg 760w, https:\/\/www.sigre.es\/boletin\/wp-content\/uploads\/2019\/03\/Sigrelab_2_67-300x169.jpg 300w\" sizes=\"auto, (max-width: 400px) 100vw, 400px\" \/><\/a><\/p>\n<p class=\"p3\" style=\"text-align: center;\"><span class=\"s1\" style=\"color: #808080; font-size: 12px;\">Asistentes a la jornada celebrada en Barcelona<\/span><\/p>\n<p class=\"p1\">\n","protected":false},"excerpt":{"rendered":"<p>SIGRE organiz\u00f3 en Barcelona (16 de enero) y Madrid (18 de enero) dos nuevas Sesiones Formativas para explicar el funcionamiento del Formulario SIGRELAB 5.0, la herramienta digital creada por SIGRE para facilitar a los laboratorios la presentaci\u00f3n de su Declaraci\u00f3n Anual de Empresa (DAE) con las caracter\u00edsticas de los medicamentos puestos en el mercado. En [&hellip;]<\/p>\n","protected":false},"author":7,"featured_media":0,"parent":4695,"menu_order":199,"comment_status":"closed","ping_status":"closed","template":"sigre-entrevista.php","meta":{"footnotes":""},"class_list":["post-4775","page","type-page","status-publish","hentry"],"_links":{"self":[{"href":"https:\/\/www.sigre.es\/boletin\/wp-json\/wp\/v2\/pages\/4775","targetHints":{"allow":["GET"]}}],"collection":[{"href":"https:\/\/www.sigre.es\/boletin\/wp-json\/wp\/v2\/pages"}],"about":[{"href":"https:\/\/www.sigre.es\/boletin\/wp-json\/wp\/v2\/types\/page"}],"author":[{"embeddable":true,"href":"https:\/\/www.sigre.es\/boletin\/wp-json\/wp\/v2\/users\/7"}],"replies":[{"embeddable":true,"href":"https:\/\/www.sigre.es\/boletin\/wp-json\/wp\/v2\/comments?post=4775"}],"version-history":[{"count":0,"href":"https:\/\/www.sigre.es\/boletin\/wp-json\/wp\/v2\/pages\/4775\/revisions"}],"up":[{"embeddable":true,"href":"https:\/\/www.sigre.es\/boletin\/wp-json\/wp\/v2\/pages\/4695"}],"wp:attachment":[{"href":"https:\/\/www.sigre.es\/boletin\/wp-json\/wp\/v2\/media?parent=4775"}],"curies":[{"name":"wp","href":"https:\/\/api.w.org\/{rel}","templated":true}]}}