{"id":4767,"date":"2019-03-25T13:06:17","date_gmt":"2019-03-25T12:06:17","guid":{"rendered":"https:\/\/www.sigre.es\/boletin\/?page_id=4767"},"modified":"2019-03-27T11:02:18","modified_gmt":"2019-03-27T10:02:18","slug":"actualidad-2-2-2-2-2","status":"publish","type":"page","link":"https:\/\/www.sigre.es\/boletin\/sigre-informa-67\/actualidad-2-2-2-2-2\/","title":{"rendered":"ACTUALIDAD"},"content":{"rendered":"<div id=\"fb-root\"><\/div>\n<p class=\"p1\"><span class=\"s2\">SIGRE ha convocado la segunda edici\u00f3n del <a href=\"https:\/\/www.sigre.es\/wp-content\/uploads\/2019\/03\/BASES-LEGALES-Concurso-Tr%C3%ADpticos-2018-2019.pdf\" target=\"_blank\"><span class=\"s3\">concurso de tr\u00edpticos \u201cMedicamentos: cu\u00e1l, cu\u00e1ndo, c\u00f3mo\u201d,<\/span><\/a> para reconocer la labor que los centros educativos est\u00e1n realizando para concienciar al alumnado sobre el uso adecuado de los medicamentos y su reciclaje.<\/span><\/p>\n<p class=\"p1\"><span class=\"s2\">Esta iniciativa se enmarca en el Proyecto de Aprendizaje y Servicio (APS), dirigido a alumnos de 3\u00ba y 4\u00ba de la ESO y primer curso de Bachillerato que, de forma did\u00e1ctica, se centra en el uso adecuado de los medicamentos, tanto desde el punto de vista de la salud como del medio ambiente. Este proyecto combina el aprendizaje con actividades de servicio a la comunidad.<\/span><\/p>\n<p class=\"p1\" style=\"text-align: center;\"><a href=\"https:\/\/www.sigre.es\/boletin\/wp-content\/uploads\/2019\/03\/APS_1_67.jpg\"><img loading=\"lazy\" decoding=\"async\" class=\"aligncenter wp-image-4771\" src=\"https:\/\/www.sigre.es\/boletin\/wp-content\/uploads\/2019\/03\/APS_1_67.jpg\" alt=\"APS_1_67\" width=\"300\" height=\"360\" srcset=\"https:\/\/www.sigre.es\/boletin\/wp-content\/uploads\/2019\/03\/APS_1_67.jpg 450w, https:\/\/www.sigre.es\/boletin\/wp-content\/uploads\/2019\/03\/APS_1_67-250x300.jpg 250w\" sizes=\"auto, (max-width: 300px) 100vw, 300px\" \/><\/a><\/p>\n<p class=\"p1\"><span class=\"s2\">Esta actividad se organiza en colaboraci\u00f3n con el Consell de Col\u00b7legis Farmac\u00e8utics de Catalunya y l&#8217;Institut de Desenvolupament Professional (IDP-ICE) de la Universitat de Barcelona.<\/span><\/p>\n<p class=\"p1\"><span class=\"s2\">En la primera edici\u00f3n del concurso, result\u00f3 ganador el tr\u00edptico titulado <a href=\"https:\/\/www.sigre.es\/wp-content\/uploads\/2018\/11\/Triptic-APS.pdf\" target=\"_blank\"><span class=\"s3\">\u201cL\u2019\u00fas adequat dels medicaments\u201d<\/span><\/a>, elaborado por un grupo de alumnos del Institut Olivar Gran, de Figueras (Gerona). <\/span><\/p>\n<p class=\"p1\"><span class=\"s2\">Para conocer m\u00e1s sobre nuestro Proyecto APS y solicitar los materiales, visita nuestra web <a href=\"http:\/\/www.sigre.es\/educacion\/educacion-secundaria\" target=\"_blank\"><span class=\"s3\">www.sigre.es\/educacion\/educacion-secundaria<\/span><\/a><\/span><\/p>\n","protected":false},"excerpt":{"rendered":"<p>SIGRE ha convocado la segunda edici\u00f3n del concurso de tr\u00edpticos \u201cMedicamentos: cu\u00e1l, cu\u00e1ndo, c\u00f3mo\u201d, para reconocer la labor que los centros educativos est\u00e1n realizando para concienciar al alumnado sobre el uso adecuado de los medicamentos y su reciclaje. Esta iniciativa se enmarca en el Proyecto de Aprendizaje y Servicio (APS), dirigido a alumnos de 3\u00ba [&hellip;]<\/p>\n","protected":false},"author":7,"featured_media":0,"parent":4695,"menu_order":198,"comment_status":"closed","ping_status":"closed","template":"sigre-entrevista.php","meta":{"footnotes":""},"class_list":["post-4767","page","type-page","status-publish","hentry"],"_links":{"self":[{"href":"https:\/\/www.sigre.es\/boletin\/wp-json\/wp\/v2\/pages\/4767","targetHints":{"allow":["GET"]}}],"collection":[{"href":"https:\/\/www.sigre.es\/boletin\/wp-json\/wp\/v2\/pages"}],"about":[{"href":"https:\/\/www.sigre.es\/boletin\/wp-json\/wp\/v2\/types\/page"}],"author":[{"embeddable":true,"href":"https:\/\/www.sigre.es\/boletin\/wp-json\/wp\/v2\/users\/7"}],"replies":[{"embeddable":true,"href":"https:\/\/www.sigre.es\/boletin\/wp-json\/wp\/v2\/comments?post=4767"}],"version-history":[{"count":0,"href":"https:\/\/www.sigre.es\/boletin\/wp-json\/wp\/v2\/pages\/4767\/revisions"}],"up":[{"embeddable":true,"href":"https:\/\/www.sigre.es\/boletin\/wp-json\/wp\/v2\/pages\/4695"}],"wp:attachment":[{"href":"https:\/\/www.sigre.es\/boletin\/wp-json\/wp\/v2\/media?parent=4767"}],"curies":[{"name":"wp","href":"https:\/\/api.w.org\/{rel}","templated":true}]}}