{"id":4761,"date":"2019-03-25T13:00:47","date_gmt":"2019-03-25T12:00:47","guid":{"rendered":"https:\/\/www.sigre.es\/boletin\/?page_id=4761"},"modified":"2019-03-27T11:04:55","modified_gmt":"2019-03-27T10:04:55","slug":"actualidad-2-2-2-2","status":"publish","type":"page","link":"https:\/\/www.sigre.es\/boletin\/sigre-informa-67\/actualidad-2-2-2-2\/","title":{"rendered":"FORMACI\u00d3N"},"content":{"rendered":"<div id=\"fb-root\"><\/div>\n<p class=\"p1\"><span class=\"s1\">Hasta el mes de abril se desarrollar\u00e1 la tercera edici\u00f3n del curso online \u201cUso Racional de Antibi\u00f3ticos y Gesti\u00f3n de Residuos\u201d, impulsado por el Consejo General de Colegios Oficiales de Farmac\u00e9uticos (CGCOF) y SIGRE.<\/span><\/p>\n<p class=\"p1\"><span class=\"s1\">Este tercer curso, que tiene una duraci\u00f3n de 40 horas, est\u00e1 dirigido a farmac\u00e9uticos colegiados y viene precedido por el alto nivel de participaci\u00f3n en sus dos ediciones anteriores.<\/span><\/p>\n<p class=\"p1\"><span class=\"s1\">El <a href=\"https:\/\/www.portalfarma.com\/inicio\/formacioncontinuada\/cursos\/cursos-PNFC\/Paginas\/Uso-racional-antibioticos-gestion-residuos.aspx\" target=\"_blank\"><span class=\"s2\">programa del curso<\/span><\/a> incluye un m\u00f3dulo confeccionado por SIGRE bajo el t\u00edtulo de <b><i>\u201cLa importancia de la gesti\u00f3n de residuos de agentes antimicrobianos\u201d<\/i><\/b>, que profundiza en la necesidad de realizar una adecuada gesti\u00f3n ambiental de este tipo de residuos para cuidar del medio ambiente y la salud p\u00fablica.<\/span><\/p>\n<p class=\"p1\"><span class=\"s1\">Con este curso, que se desarrolla a trav\u00e9s de la plataforma online formativa de Portalfarma, se fomenta el papel del farmac\u00e9utico como agente sanitario y educador socio-sanitario y se pone en valor su contribuci\u00f3n al uso racional de los antibi\u00f3ticos.<\/span><\/p>\n<p class=\"p1\" style=\"text-align: center;\"><a href=\"https:\/\/www.sigre.es\/boletin\/wp-content\/uploads\/2019\/03\/Cursoonline_1_67.jpg\"><img loading=\"lazy\" decoding=\"async\" class=\"aligncenter wp-image-4764\" src=\"https:\/\/www.sigre.es\/boletin\/wp-content\/uploads\/2019\/03\/Cursoonline_1_67.jpg\" alt=\"Cursoonline_1_67\" width=\"400\" height=\"162\" srcset=\"https:\/\/www.sigre.es\/boletin\/wp-content\/uploads\/2019\/03\/Cursoonline_1_67.jpg 570w, https:\/\/www.sigre.es\/boletin\/wp-content\/uploads\/2019\/03\/Cursoonline_1_67-300x122.jpg 300w\" sizes=\"auto, (max-width: 400px) 100vw, 400px\" \/><\/a><\/p>\n","protected":false},"excerpt":{"rendered":"<p>Hasta el mes de abril se desarrollar\u00e1 la tercera edici\u00f3n del curso online \u201cUso Racional de Antibi\u00f3ticos y Gesti\u00f3n de Residuos\u201d, impulsado por el Consejo General de Colegios Oficiales de Farmac\u00e9uticos (CGCOF) y SIGRE. Este tercer curso, que tiene una duraci\u00f3n de 40 horas, est\u00e1 dirigido a farmac\u00e9uticos colegiados y viene precedido por el alto [&hellip;]<\/p>\n","protected":false},"author":7,"featured_media":0,"parent":4695,"menu_order":197,"comment_status":"closed","ping_status":"closed","template":"sigre-entrevista.php","meta":{"footnotes":""},"class_list":["post-4761","page","type-page","status-publish","hentry"],"_links":{"self":[{"href":"https:\/\/www.sigre.es\/boletin\/wp-json\/wp\/v2\/pages\/4761","targetHints":{"allow":["GET"]}}],"collection":[{"href":"https:\/\/www.sigre.es\/boletin\/wp-json\/wp\/v2\/pages"}],"about":[{"href":"https:\/\/www.sigre.es\/boletin\/wp-json\/wp\/v2\/types\/page"}],"author":[{"embeddable":true,"href":"https:\/\/www.sigre.es\/boletin\/wp-json\/wp\/v2\/users\/7"}],"replies":[{"embeddable":true,"href":"https:\/\/www.sigre.es\/boletin\/wp-json\/wp\/v2\/comments?post=4761"}],"version-history":[{"count":0,"href":"https:\/\/www.sigre.es\/boletin\/wp-json\/wp\/v2\/pages\/4761\/revisions"}],"up":[{"embeddable":true,"href":"https:\/\/www.sigre.es\/boletin\/wp-json\/wp\/v2\/pages\/4695"}],"wp:attachment":[{"href":"https:\/\/www.sigre.es\/boletin\/wp-json\/wp\/v2\/media?parent=4761"}],"curies":[{"name":"wp","href":"https:\/\/api.w.org\/{rel}","templated":true}]}}