{"id":4747,"date":"2019-03-25T12:51:24","date_gmt":"2019-03-25T11:51:24","guid":{"rendered":"https:\/\/www.sigre.es\/boletin\/?page_id=4747"},"modified":"2019-03-25T12:59:18","modified_gmt":"2019-03-25T11:59:18","slug":"actualidad-2-2-2","status":"publish","type":"page","link":"https:\/\/www.sigre.es\/boletin\/sigre-informa-67\/actualidad-2-2-2\/","title":{"rendered":"ACTUALIDAD"},"content":{"rendered":"<div id=\"fb-root\"><\/div>\n<p class=\"p1\"><span class=\"s1\">El microsite de ecodise\u00f1o de SIGRE, <a href=\"http:\/\/www.sigre-ecodiseno.es\" target=\"_blank\"><span class=\"s2\">www.sigre-ecodiseno.es<\/span><\/a>, lanzado a principios de 2017, ha sido actualizado con nuevos contenidos para informar de los avances logrados en la aplicaci\u00f3n del nuevo modelo de econom\u00eda circular en el sector farmac\u00e9utico.<\/span><\/p>\n<p class=\"p1\"><span class=\"s1\"> Se han incluido los resultados alcanzados en el Plan Empresarial de Prevenci\u00f3n (PEP) de envases 2015-2017, los objetivos propuestos para el nuevo PEP 2018-2020 y el <a href=\"https:\/\/www.sigre.es\/wp-content\/uploads\/2018\/04\/ECODIS_2018.pdf\" target=\"_blank\"><span class=\"s2\">V Cat\u00e1logo de Iniciativas de Ecodise\u00f1o<\/span><\/a> en Envases del Sector Farmac\u00e9utico.<\/span><\/p>\n<p class=\"p1\" style=\"text-align: center;\"><a href=\"https:\/\/www.sigre.es\/boletin\/wp-content\/uploads\/2019\/03\/EC_1_67.jpg\"><img loading=\"lazy\" decoding=\"async\" class=\"aligncenter wp-image-4751\" src=\"https:\/\/www.sigre.es\/boletin\/wp-content\/uploads\/2019\/03\/EC_1_67.jpg\" alt=\"EC_1_67\" width=\"600\" height=\"250\" srcset=\"https:\/\/www.sigre.es\/boletin\/wp-content\/uploads\/2019\/03\/EC_1_67.jpg 1260w, https:\/\/www.sigre.es\/boletin\/wp-content\/uploads\/2019\/03\/EC_1_67-300x125.jpg 300w, https:\/\/www.sigre.es\/boletin\/wp-content\/uploads\/2019\/03\/EC_1_67-768x320.jpg 768w, https:\/\/www.sigre.es\/boletin\/wp-content\/uploads\/2019\/03\/EC_1_67-1024x427.jpg 1024w\" sizes=\"auto, (max-width: 600px) 100vw, 600px\" \/><\/a><\/p>\n<p class=\"p1\"><span class=\"s1\">La web se ha convertido en una de las principales fuentes de informaci\u00f3n sobre ecodise\u00f1o en el sector farmac\u00e9utico y acumula ya 7.540 visitas, siendo el apartado relativo a las mejoras ambientales en los envases de medicamentos uno de los que despierta mayor inter\u00e9s entre los visitantes a la p\u00e1gina.<\/span><\/p>\n<p><a href=\"https:\/\/www.youtube.com\/watch?v=aYlk-Ye-Fdc\">https:\/\/www.youtube.com\/watch?v=aYlk-Ye-Fdc<\/a><\/p>\n","protected":false},"excerpt":{"rendered":"<p>El microsite de ecodise\u00f1o de SIGRE, www.sigre-ecodiseno.es, lanzado a principios de 2017, ha sido actualizado con nuevos contenidos para informar de los avances logrados en la aplicaci\u00f3n del nuevo modelo de econom\u00eda circular en el sector farmac\u00e9utico. Se han incluido los resultados alcanzados en el Plan Empresarial de Prevenci\u00f3n (PEP) de envases 2015-2017, los objetivos [&hellip;]<\/p>\n","protected":false},"author":7,"featured_media":0,"parent":4695,"menu_order":196,"comment_status":"closed","ping_status":"closed","template":"sigre-entrevista.php","meta":{"footnotes":""},"class_list":["post-4747","page","type-page","status-publish","hentry"],"_links":{"self":[{"href":"https:\/\/www.sigre.es\/boletin\/wp-json\/wp\/v2\/pages\/4747","targetHints":{"allow":["GET"]}}],"collection":[{"href":"https:\/\/www.sigre.es\/boletin\/wp-json\/wp\/v2\/pages"}],"about":[{"href":"https:\/\/www.sigre.es\/boletin\/wp-json\/wp\/v2\/types\/page"}],"author":[{"embeddable":true,"href":"https:\/\/www.sigre.es\/boletin\/wp-json\/wp\/v2\/users\/7"}],"replies":[{"embeddable":true,"href":"https:\/\/www.sigre.es\/boletin\/wp-json\/wp\/v2\/comments?post=4747"}],"version-history":[{"count":0,"href":"https:\/\/www.sigre.es\/boletin\/wp-json\/wp\/v2\/pages\/4747\/revisions"}],"up":[{"embeddable":true,"href":"https:\/\/www.sigre.es\/boletin\/wp-json\/wp\/v2\/pages\/4695"}],"wp:attachment":[{"href":"https:\/\/www.sigre.es\/boletin\/wp-json\/wp\/v2\/media?parent=4747"}],"curies":[{"name":"wp","href":"https:\/\/api.w.org\/{rel}","templated":true}]}}