{"id":4737,"date":"2019-03-25T12:40:05","date_gmt":"2019-03-25T11:40:05","guid":{"rendered":"https:\/\/www.sigre.es\/boletin\/?page_id=4737"},"modified":"2019-03-27T11:06:03","modified_gmt":"2019-03-27T10:06:03","slug":"actualidad-2-2","status":"publish","type":"page","link":"https:\/\/www.sigre.es\/boletin\/sigre-informa-67\/actualidad-2-2\/","title":{"rendered":"BIBLIOTECA SIGRE"},"content":{"rendered":"<div id=\"fb-root\"><\/div>\n<p class=\"p1\"><span class=\"s1\">SIGRE acaba de presentar a las autoridades medioambientales el Primer Informe de Seguimiento del Plan Empresarial de Prevenci\u00f3n de Envases (PEP) 2018-2020 del sector farmac\u00e9utico, el s\u00e9ptimo que acomete la industria farmac\u00e9utica en nuestro pa\u00eds. <\/span><\/p>\n<p class=\"p2\"><span class=\"s1\"> Durante el primer a\u00f1o de aplicaci\u00f3n de este PEP, un total de 49 laboratorios han aplicado 101 medidas de prevenci\u00f3n y ecodise\u00f1o, que han permitido reducir un 1,48% el peso de los envases de medicamentos. <\/span><\/p>\n<p class=\"p4\"><span class=\"s1\">Estos resultados ponen de manifiesto el esfuerzo que la industria farmac\u00e9utica espa\u00f1ola est\u00e1 realizando y su compromiso en un campo en el que existen importantes limitaciones t\u00e9cnicas y legales, a las que en este \u00faltimo a\u00f1o se ha sumado las nuevas exigencias en materia de verificaci\u00f3n y antifalsificaci\u00f3n. <\/span><\/p>\n<p class=\"p4\"><span class=\"s1\">Teniendo en cuenta estos aspectos y los logros ya alcanzados en los seis Planes anteriores, el actual PEP contempla un objetivo de reducci\u00f3n del 1% en el peso global de todos los envases de medicamentos puestos en el mercado.<\/span><\/p>\n<p class=\"p4\" style=\"text-align: center;\"><a href=\"https:\/\/www.sigre.es\/boletin\/wp-content\/uploads\/2019\/03\/PEP_2_67.jpg\"><img loading=\"lazy\" decoding=\"async\" class=\"aligncenter wp-image-4741\" src=\"https:\/\/www.sigre.es\/boletin\/wp-content\/uploads\/2019\/03\/PEP_2_67.jpg\" alt=\"PEP_2_67\" width=\"600\" height=\"421\" srcset=\"https:\/\/www.sigre.es\/boletin\/wp-content\/uploads\/2019\/03\/PEP_2_67.jpg 1028w, https:\/\/www.sigre.es\/boletin\/wp-content\/uploads\/2019\/03\/PEP_2_67-300x211.jpg 300w, https:\/\/www.sigre.es\/boletin\/wp-content\/uploads\/2019\/03\/PEP_2_67-768x539.jpg 768w, https:\/\/www.sigre.es\/boletin\/wp-content\/uploads\/2019\/03\/PEP_2_67-1024x719.jpg 1024w\" sizes=\"auto, (max-width: 600px) 100vw, 600px\" \/><\/a><\/p>\n","protected":false},"excerpt":{"rendered":"<p>SIGRE acaba de presentar a las autoridades medioambientales el Primer Informe de Seguimiento del Plan Empresarial de Prevenci\u00f3n de Envases (PEP) 2018-2020 del sector farmac\u00e9utico, el s\u00e9ptimo que acomete la industria farmac\u00e9utica en nuestro pa\u00eds. Durante el primer a\u00f1o de aplicaci\u00f3n de este PEP, un total de 49 laboratorios han aplicado 101 medidas de prevenci\u00f3n [&hellip;]<\/p>\n","protected":false},"author":7,"featured_media":0,"parent":4695,"menu_order":195,"comment_status":"closed","ping_status":"closed","template":"sigre-entrevista.php","meta":{"footnotes":""},"class_list":["post-4737","page","type-page","status-publish","hentry"],"_links":{"self":[{"href":"https:\/\/www.sigre.es\/boletin\/wp-json\/wp\/v2\/pages\/4737","targetHints":{"allow":["GET"]}}],"collection":[{"href":"https:\/\/www.sigre.es\/boletin\/wp-json\/wp\/v2\/pages"}],"about":[{"href":"https:\/\/www.sigre.es\/boletin\/wp-json\/wp\/v2\/types\/page"}],"author":[{"embeddable":true,"href":"https:\/\/www.sigre.es\/boletin\/wp-json\/wp\/v2\/users\/7"}],"replies":[{"embeddable":true,"href":"https:\/\/www.sigre.es\/boletin\/wp-json\/wp\/v2\/comments?post=4737"}],"version-history":[{"count":0,"href":"https:\/\/www.sigre.es\/boletin\/wp-json\/wp\/v2\/pages\/4737\/revisions"}],"up":[{"embeddable":true,"href":"https:\/\/www.sigre.es\/boletin\/wp-json\/wp\/v2\/pages\/4695"}],"wp:attachment":[{"href":"https:\/\/www.sigre.es\/boletin\/wp-json\/wp\/v2\/media?parent=4737"}],"curies":[{"name":"wp","href":"https:\/\/api.w.org\/{rel}","templated":true}]}}